{"id":180,"date":"2021-10-18T16:59:31","date_gmt":"2021-10-18T16:59:31","guid":{"rendered":"http:\/\/neuwp.heilpraktiker-carmen-bauer.de\/?page_id=180"},"modified":"2023-02-23T10:45:51","modified_gmt":"2023-02-23T10:45:51","slug":"akupunktur","status":"publish","type":"page","link":"https:\/\/heilpraktiker-carmen-bauer.de\/de\/akupunktur\/","title":{"rendered":"Akupunktur"},"content":{"rendered":"<p><img decoding=\"async\" src=\"\/wp-content\/uploads\/2021\/10\/HCB_Akupunktur_Hero.jpg\" alt=\"Akupunktur und Ohrakupunktur in N\u00fcrnberg\"><\/p>\n<ul>\n<li>\n        <a href=\"\/termine\/\">Termin buchen<\/a>\n    <\/li>\n<li>\n        <a href=\"\/naturheilpraxis\/\">Praxis besuchen<\/a>\n    <\/li>\n<\/ul>\n<h1>Akupunktur und Ohrakupunktur<\/h1>\n<hr>\n<h2>Akupunktur<\/h2>\n<div>\n<p>Ziel der Akupunktur ist, die Gesundheit im menschlichen K\u00f6rper wiederherzustellen. Daf\u00fcr verwendet man feine, sterile Nadeln, die an bestimmten K\u00f6rperstellen eingestochen werden. Eine Vielzahl der Akupunkturpunkte liegt auf den sogenannten Meridianen (Leitbahnen), die mit den inneren Organen vernetzt sind und durch die Stimulation diese beeinflussen k\u00f6nnen. Viele der Punkte haben auch einen deutlichen Einfluss auf die psychische Situation.<\/p>\n<p>Die Akupunktur wirkt auf den gesamten Organismus und die Psyche und wird damit als Teil der <a href=\"http:\/\/neuwp.heilpraktiker-carmen-bauer.de\/tcm\/\">Traditionellen Chinesischen Medizin<\/a> bei einer Vielzahl von Beschwerdebildern angewandt:<\/p>\n<\/div>\n<ul>\n<li>\n<div>\n<p>Kopfschmerzen und Migr\u00e4ne<\/p>\n<\/div>\n<\/li>\n<li>\n<div>\n<p>Allergien<\/p>\n<\/div>\n<\/li>\n<li>\n<div>\n<p>Angstzust\u00e4nde und Depressionen<\/p>\n<\/div>\n<\/li>\n<li>\n<div>\n<p>Frauenleiden wie Wechseljahre und Menstruationsbeschwerden<\/p>\n<\/div>\n<\/li>\n<li>\n<div>\n<p>Ersch\u00f6pfung und M\u00fcdigkeit<\/p>\n<\/div>\n<\/li>\n<li>\n<div>\n<p>Schlafst\u00f6rungen<\/p>\n<\/div>\n<\/li>\n<li>\n<div>\n<p>Magen- und Darm-Beschwerden<\/p>\n<\/div>\n<\/li>\n<li>\n<div>\n<p>Blasenbeschwerden wie immer wiederkehrende Blasenentz\u00fcndungen<\/p>\n<\/div>\n<\/li>\n<li>\n<div>\n<p>Infektanf\u00e4lligkeit<\/p>\n<\/div>\n<\/li>\n<\/ul>\n<div>\n<p>Sie eignet sich zus\u00e4tzlich sehr gut zur Pr\u00e4vention, Fr\u00fcherkennung von Krankheiten und Stressbew\u00e4ltigung.<\/p>\n<\/div>\n<p><img decoding=\"async\" src=\"\/wp-content\/uploads\/2021\/10\/HCB_Akupunktur_Akupunktur.jpg\" alt=\"Akupunktur in N\u00fcrnberg\"><\/p>\n<h2>Ohrakupunktur nach Dr.\u00a0Nogier<\/h2>\n<div>\n<p>Die Ohrakupunktur als eine Therapieform, die in ihrer Einfachheit verbl\u00fcfft, aber auch die Komplexit\u00e4t und Interaktion von seelischen und k\u00f6rperlichen Beschwerden erkennen und behandeln l\u00e4sst, haben wir Dank Dr. Nogier zur Verf\u00fcgung. Ihm ist es 1956 gelungen, diese antike Behandlungsform aufzusp\u00fcren und bis in die feinsten Nuancen weiterzuentwickeln.<\/p>\n<p>In der Reflexzone Ohr ist jedes Organ und der ganze Mensch abgebildet \u2013 in Embryonalhaltung, auf dem Kopf stehend. Die Ohrakupunktur hat besondere Wirksamkeit bei:<\/p>\n<\/div>\n<ul>\n<li>\n<div>\n<p>Schmerzbehandlung<\/p>\n<\/div>\n<\/li>\n<li>\n<div>\n<p>Behandlung von Angst, Panik, Schwerm\u00fctigkeit, vegetativen St\u00f6rungen<\/p>\n<\/div>\n<\/li>\n<li>\n<div>\n<p>Herz-Kreislauf-Erkrankungen<\/p>\n<\/div>\n<\/li>\n<li>\n<div>\n<p>Atemwegserkrankungen<\/p>\n<\/div>\n<\/li>\n<li>\n<div>\n<p>Magen-Darm-Beschwerden<\/p>\n<\/div>\n<\/li>\n<li>\n<div>\n<p>Allergischen Beschwerden<\/p>\n<\/div>\n<\/li>\n<li>\n<div>\n<p>Stoffwechselerkrankungen und hormonellen Beschwerden<\/p>\n<\/div>\n<\/li>\n<li>\n<div>\n<p>Suchterkrankungen<\/p>\n<\/div>\n<\/li>\n<\/ul>\n<p><img decoding=\"async\" src=\"\/wp-content\/uploads\/2021\/10\/HCB_Akupunktur_Ohrakupunktur.jpg\" alt=\"Ohrakupunktur in N\u00fcrnberg\"><\/p>\n<p><!--more--><br \/>\n<!-- {\"name\":\"Therapie\",\"type\":\"layout\",\"children\":[{\"name\":\"Hero\",\"type\":\"section\",\"props\":{\"style\":\"default\",\"width\":\"\",\"vertical_align\":\"middle\",\"title_position\":\"top-left\",\"title_rotation\":\"left\",\"title_breakpoint\":\"xl\",\"image_position\":\"center-center\",\"padding_remove_top\":false,\"padding_remove_bottom\":false,\"padding\":\"none\"},\"children\":[{\"name\":\"\",\"type\":\"row\",\"children\":[{\"name\":\"\",\"type\":\"column\",\"props\":{\"image_position\":\"center-center\",\"media_overlay_gradient\":\"\",\"width_medium\":\"1-1\",\"position_sticky_breakpoint\":\"m\"},\"children\":[{\"type\":\"image\",\"props\":{\"margin\":\"default\",\"image_svg_color\":\"emphasis\",\"image\":\"wp-content\\\/uploads\\\/2021\\\/10\\\/HCB_Akupunktur_Hero.jpg\",\"image_alt\":\"Akupunktur und Ohrakupunktur in N\\u00fcrnberg\",\"margin_remove_bottom\":false}}]}]}]},{\"name\":\"Akupunktur\",\"type\":\"section\",\"props\":{\"style\":\"default\",\"width\":\"\",\"vertical_align\":\"middle\",\"title_position\":\"center-left\",\"title_rotation\":\"left\",\"title_breakpoint\":\"xl\",\"image_position\":\"center-center\",\"title\":\"\",\"padding_remove_bottom\":true},\"children\":[{\"name\":\"\",\"type\":\"row\",\"props\":{\"layout\":\"1-2,1-2\",\"vertical_align\":true,\"width\":\"expand\"},\"children\":[{\"name\":\"\",\"type\":\"column\",\"props\":{\"image_position\":\"center-center\",\"vertical_align\":\"middle\",\"media_overlay_gradient\":\"\",\"width_medium\":\"1-2\",\"position_sticky_breakpoint\":\"m\"},\"children\":[{\"type\":\"button\",\"props\":{\"grid_column_gap\":\"small\",\"grid_row_gap\":\"small\",\"margin\":\"default\",\"maxwidth\":\"large\",\"block_align\":\"center\",\"text_align\":\"center\",\"block_align_fallback\":\"center\"},\"children\":[{\"type\":\"button_item\",\"props\":{\"button_style\":\"secondary\",\"icon_align\":\"right\",\"content\":\"Termin buchen\",\"link\":\"termine\\\/\",\"icon\":\"clock\"}},{\"type\":\"button_item\",\"props\":{\"button_style\":\"secondary\",\"icon_align\":\"right\",\"content\":\"Praxis besuchen\",\"link\":\"naturheilpraxis\\\/\",\"icon\":\"home\"}}],\"modified\":\"2021-10-21T10:23:58.373Z\",\"name\":\"Termin-Praxis-Button\"}]},{\"name\":\"\",\"type\":\"column\",\"props\":{\"image_position\":\"center-center\",\"vertical_align\":\"middle\",\"media_overlay_gradient\":\"\",\"width_medium\":\"1-2\",\"order_first\":\"m\",\"position_sticky_breakpoint\":\"m\"},\"children\":[{\"type\":\"headline\",\"props\":{\"title_element\":\"h1\",\"content\":\"Akupunktur und Ohrakupunktur\",\"title_style\":\"h1\",\"title_color\":\"primary\",\"maxwidth\":\"large\",\"block_align\":\"center\",\"text_align\":\"left\",\"text_align_breakpoint\":\"m\",\"text_align_fallback\":\"center\",\"content_it_it\":\"Agopuntura e agopuntura dell'orecchio\"}}]}]},{\"name\":\"\",\"type\":\"row\",\"props\":{\"layout\":\"1-2,1-2\",\"vertical_align\":true,\"width\":\"expand\"},\"children\":[{\"name\":\"\",\"type\":\"column\",\"props\":{\"image_position\":\"center-center\",\"vertical_align\":\"middle\",\"media_overlay_gradient\":\"\",\"width_medium\":\"1-2\",\"position_sticky_breakpoint\":\"m\"},\"children\":[{\"type\":\"divider\",\"props\":{\"divider_element\":\"hr\",\"margin\":\"large\"}},{\"type\":\"headline\",\"props\":{\"title_element\":\"h2\",\"content\":\"Akupunktur\",\"title_style\":\"h2\",\"title_color\":\"primary\",\"maxwidth\":\"large\",\"block_align\":\"center\",\"text_align\":\"left\",\"text_align_breakpoint\":\"m\",\"text_align_fallback\":\"center\"}},{\"type\":\"text\",\"props\":{\"margin\":\"default\",\"column_breakpoint\":\"m\",\"content\":\"\n\n<p>Ziel der Akupunktur ist, die Gesundheit im menschlichen K\\u00f6rper wiederherzustellen. Daf\\u00fcr verwendet man feine, sterile Nadeln, die an bestimmten K\\u00f6rperstellen eingestochen werden. Eine Vielzahl der Akupunkturpunkte liegt auf den sogenannten Meridianen (Leitbahnen), die mit den inneren Organen vernetzt sind und durch die Stimulation diese beeinflussen k\\u00f6nnen. Viele der Punkte haben auch einen deutlichen Einfluss auf die psychische Situation.<\\\/p>\\n\n\n<p>Die Akupunktur wirkt auf den gesamten Organismus und die Psyche und wird damit als Teil der <a href=\\\"http:\\\/\\\/neuwp.heilpraktiker-carmen-bauer.de\\\/tcm\\\/\\\">Traditionellen Chinesischen Medizin<\\\/a> bei einer Vielzahl von Beschwerdebildern angewandt:<\\\/p>\",\"maxwidth\":\"large\",\"block_align\":\"center\"}},{\"type\":\"list\",\"props\":{\"show_image\":true,\"show_link\":true,\"list_element\":\"ul\",\"column_breakpoint\":\"m\",\"image_svg_color\":\"emphasis\",\"image_align\":\"left\",\"image_vertical_align\":true,\"list_marker\":\"\",\"icon\":\"play\",\"icon_color\":\"primary\",\"maxwidth\":\"large\",\"block_align\":\"center\",\"list_type\":\"vertical\",\"list_horizontal_separator\":\", \"},\"children\":[{\"type\":\"list_item\",\"props\":{\"content\":\"\n\n<p>Kopfschmerzen und Migr\\u00e4ne<\\\/p>\",\"icon\":\"\"}},{\"type\":\"list_item\",\"props\":{\"content\":\"\n\n<p>Allergien<\\\/p>\"}},{\"type\":\"list_item\",\"props\":{\"content\":\"\n\n<p>Angstzust\\u00e4nde und Depressionen<\\\/p>\"}},{\"type\":\"list_item\",\"props\":{\"content\":\"\n\n<p>Frauenleiden wie Wechseljahre und Menstruationsbeschwerden<\\\/p>\"}},{\"type\":\"list_item\",\"props\":{\"content\":\"\n\n<p>Ersch\\u00f6pfung und M\\u00fcdigkeit<\\\/p>\"}},{\"type\":\"list_item\",\"props\":{\"content\":\"\n\n<p>Schlafst\\u00f6rungen<\\\/p>\"}},{\"type\":\"list_item\",\"props\":{\"content\":\"\n\n<p>Magen- und Darm-Beschwerden<\\\/p>\"}},{\"type\":\"list_item\",\"props\":{\"content\":\"\n\n<p>Blasenbeschwerden wie immer wiederkehrende Blasenentz\\u00fcndungen<\\\/p>\"}},{\"type\":\"list_item\",\"props\":{\"content\":\"\n\n<p>Infektanf\\u00e4lligkeit<\\\/p>\"}}]},{\"type\":\"text\",\"props\":{\"margin\":\"default\",\"column_breakpoint\":\"m\",\"content\":\"\n\n<p>Sie eignet sich zus\\u00e4tzlich sehr gut zur Pr\\u00e4vention, Fr\\u00fcherkennung von Krankheiten und Stressbew\\u00e4ltigung.<\\\/p>\",\"maxwidth\":\"large\",\"block_align\":\"center\"}}]},{\"name\":\"\",\"type\":\"column\",\"props\":{\"image_position\":\"center-center\",\"style\":\"primary\",\"vertical_align\":\"middle\",\"media_overlay_gradient\":\"\",\"width_medium\":\"1-2\",\"position_sticky_breakpoint\":\"m\"},\"children\":[{\"name\":\"\",\"type\":\"image\",\"props\":{\"margin\":\"default\",\"image\":\"wp-content\\\/uploads\\\/2021\\\/10\\\/HCB_Akupunktur_Akupunktur.jpg\",\"image_width\":\"840\",\"animation\":\"parallax\",\"parallax_x_start\":\"-100\",\"parallax_x_end\":\"-50\",\"parallax_breakpoint\":\"l\",\"image_svg_color\":\"emphasis\",\"image_alt\":\"Akupunktur in N\\u00fcrnberg\"}}]}]}]},{\"name\":\"Ohrakupunktur\",\"type\":\"section\",\"props\":{\"style\":\"default\",\"width\":\"\",\"vertical_align\":\"middle\",\"title_position\":\"center-left\",\"title_rotation\":\"left\",\"title_breakpoint\":\"xl\",\"image_position\":\"center-center\",\"title\":\"\",\"padding_remove_top\":false,\"padding_remove_bottom\":true},\"children\":[{\"name\":\"\",\"type\":\"row\",\"props\":{\"layout\":\"1-2,1-2\",\"vertical_align\":true,\"width\":\"expand\",\"column_gap\":\"large\",\"row_gap\":\"large\"},\"children\":[{\"name\":\"\",\"type\":\"column\",\"props\":{\"image_position\":\"center-center\",\"vertical_align\":\"middle\",\"media_overlay_gradient\":\"\",\"width_medium\":\"1-2\",\"position_sticky_breakpoint\":\"m\"},\"children\":[{\"type\":\"headline\",\"props\":{\"title_element\":\"h2\",\"content\":\"Ohrakupunktur nach Dr.\\u00a0Nogier\",\"title_style\":\"h2\",\"title_color\":\"primary\",\"maxwidth\":\"large\",\"block_align\":\"center\",\"text_align\":\"left\",\"text_align_breakpoint\":\"m\",\"text_align_fallback\":\"center\"}},{\"type\":\"text\",\"props\":{\"margin\":\"default\",\"column_breakpoint\":\"m\",\"content\":\"\n\n<p>Die Ohrakupunktur als eine Therapieform, die in ihrer Einfachheit verbl\\u00fcfft, aber auch die Komplexit\\u00e4t und Interaktion von seelischen und k\\u00f6rperlichen Beschwerden erkennen und behandeln l\\u00e4sst, haben wir Dank Dr. Nogier zur Verf\\u00fcgung. Ihm ist es 1956 gelungen, diese antike Behandlungsform aufzusp\\u00fcren und bis in die feinsten Nuancen weiterzuentwickeln.<\\\/p>\\n\n\n<p>In der Reflexzone Ohr ist jedes Organ und der ganze Mensch abgebildet \\u2013 in Embryonalhaltung, auf dem Kopf stehend. Die Ohrakupunktur hat besondere Wirksamkeit bei:<\\\/p>\",\"maxwidth\":\"large\",\"block_align\":\"center\"}},{\"type\":\"list\",\"props\":{\"show_image\":true,\"show_link\":true,\"list_element\":\"ul\",\"column_breakpoint\":\"m\",\"image_svg_color\":\"emphasis\",\"image_align\":\"left\",\"image_vertical_align\":true,\"list_marker\":\"\",\"icon\":\"play\",\"icon_color\":\"primary\",\"maxwidth\":\"large\",\"block_align\":\"center\",\"list_type\":\"vertical\",\"list_horizontal_separator\":\", \"},\"children\":[{\"type\":\"list_item\",\"props\":{\"content\":\"\n\n<p>Schmerzbehandlung<\\\/p>\",\"content_it_it\":\"\n\n<p>Schmerzo<\\\/p>\"}},{\"type\":\"list_item\",\"props\":{\"content\":\"\n\n<p>Behandlung von Angst, Panik, Schwerm\\u00fctigkeit, vegetativen St\\u00f6rungen<\\\/p>\",\"icon\":\"\"}},{\"type\":\"list_item\",\"props\":{\"content\":\"\n\n<p>Herz-Kreislauf-Erkrankungen<\\\/p>\"}},{\"type\":\"list_item\",\"props\":{\"content\":\"\n\n<p>Atemwegserkrankungen<\\\/p>\"}},{\"type\":\"list_item\",\"props\":{\"content\":\"\n\n<p>Magen-Darm-Beschwerden<\\\/p>\"}},{\"type\":\"list_item\",\"props\":{\"content\":\"\n\n<p>Allergischen Beschwerden<\\\/p>\"}},{\"type\":\"list_item\",\"props\":{\"content\":\"\n\n<p>Stoffwechselerkrankungen und hormonellen Beschwerden<\\\/p>\"}},{\"type\":\"list_item\",\"props\":{\"content\":\"\n\n<p>Suchterkrankungen<\\\/p>\"}}]}]},{\"name\":\"\",\"type\":\"column\",\"props\":{\"image_position\":\"center-center\",\"style\":\"muted\",\"vertical_align\":\"middle\",\"media_overlay_gradient\":\"\",\"width_medium\":\"1-2\",\"order_first\":\"m\",\"position_sticky_breakpoint\":\"m\"},\"children\":[{\"name\":\"\",\"type\":\"image\",\"props\":{\"margin\":\"default\",\"image\":\"wp-content\\\/uploads\\\/2021\\\/10\\\/HCB_Akupunktur_Ohrakupunktur.jpg\",\"image_width\":\"840\",\"animation\":\"parallax\",\"parallax_x_start\":\"120\",\"parallax_x_end\":\"40\",\"parallax_breakpoint\":\"l\",\"margin_remove_bottom\":false,\"text_align\":\"center\",\"parallax_easing\":0.5,\"image_svg_color\":\"emphasis\",\"image_alt\":\"Ohrakupunktur in N\\u00fcrnberg\"}}]}]}]}],\"version\":\"2.7.16\"} --><\/p>\n","protected":false},"excerpt":{"rendered":"<p>Termin buchen Praxis besuchen Akupunktur und Ohrakupunktur Akupunktur Ziel der Akupunktur ist, die Gesundheit im menschlichen K\u00f6rper wiederherzustellen. Daf\u00fcr verwendet man feine, sterile Nadeln, die an bestimmten K\u00f6rperstellen eingestochen werden. Eine Vielzahl der Akupunkturpunkte liegt auf den sogenannten Meridianen (Leitbahnen), die mit den inneren Organen vernetzt sind und durch die Stimulation diese beeinflussen k\u00f6nnen. Viele [&hellip;]<\/p>\n","protected":false},"author":2,"featured_media":0,"parent":0,"menu_order":2,"comment_status":"closed","ping_status":"closed","template":"","meta":{"footnotes":""},"class_list":["post-180","page","type-page","status-publish","hentry"],"_links":{"self":[{"href":"https:\/\/heilpraktiker-carmen-bauer.de\/de\/wp-json\/wp\/v2\/pages\/180","targetHints":{"allow":["GET"]}}],"collection":[{"href":"https:\/\/heilpraktiker-carmen-bauer.de\/de\/wp-json\/wp\/v2\/pages"}],"about":[{"href":"https:\/\/heilpraktiker-carmen-bauer.de\/de\/wp-json\/wp\/v2\/types\/page"}],"author":[{"embeddable":true,"href":"https:\/\/heilpraktiker-carmen-bauer.de\/de\/wp-json\/wp\/v2\/users\/2"}],"replies":[{"embeddable":true,"href":"https:\/\/heilpraktiker-carmen-bauer.de\/de\/wp-json\/wp\/v2\/comments?post=180"}],"version-history":[{"count":17,"href":"https:\/\/heilpraktiker-carmen-bauer.de\/de\/wp-json\/wp\/v2\/pages\/180\/revisions"}],"predecessor-version":[{"id":663,"href":"https:\/\/heilpraktiker-carmen-bauer.de\/de\/wp-json\/wp\/v2\/pages\/180\/revisions\/663"}],"wp:attachment":[{"href":"https:\/\/heilpraktiker-carmen-bauer.de\/de\/wp-json\/wp\/v2\/media?parent=180"}],"curies":[{"name":"wp","href":"https:\/\/api.w.org\/{rel}","templated":true}]}}