{"id":196,"date":"2021-10-18T18:06:42","date_gmt":"2021-10-18T18:06:42","guid":{"rendered":"http:\/\/neuwp.heilpraktiker-carmen-bauer.de\/?page_id=196"},"modified":"2023-02-22T09:47:27","modified_gmt":"2023-02-22T09:47:27","slug":"hypnose","status":"publish","type":"page","link":"https:\/\/heilpraktiker-carmen-bauer.de\/de\/hypnose\/","title":{"rendered":"Hypnose"},"content":{"rendered":"<p><img decoding=\"async\" src=\"\/wp-content\/uploads\/2021\/10\/HCB_Hypnose_Hero.jpg\" alt=\"Hypnose in N\u00fcrnberg\"><\/p>\n<ul>\n<li>\n        <a href=\"\/termine\/\">Termin buchen<\/a>\n    <\/li>\n<li>\n        <a href=\"\/naturheilpraxis\/\">Praxis besuchen<\/a>\n    <\/li>\n<\/ul>\n<h1>Hypnosetherapie \/ medizinische Hypnose<\/h1>\n<div>\n<p>Die Hypnose ist eine Kommunikationsform, die den Zugang zu den verschiedenen Schichten des Gehirns, des Bewusstseins und Unterbewusstseins erm\u00f6glicht. Die Trance in der Hypnose ist ein angenehmer Zustand, den wir aus dem Alltag kennen, wie z. B. kurz vor dem Einschlafen oder wenn wir unsere Aufmerksamkeit vollkommen auf etwas richten, wie einem spannenden Krimi und dabei alles andere um uns herum ausblenden.<\/p>\n<p>Durch die Hypnose k\u00f6nnen Sie tiefe Entspannung erleben. Ursachen und L\u00f6sungen Ihrer Beschwerden k\u00f6nnen gefunden und neue Verhaltensmuster erlernt werden. Die Indikationen f\u00fcr die Hypnosetherapie sind vielf\u00e4ltig. Mir ist es wichtig, mich auf einige Schwerpunkte zu spezialisieren, um Sie kompetent begleiten zu k\u00f6nnen:<\/p>\n<\/div>\n<ul>\n<li>\n<div>\n<p>\u00c4ngste und Phobien z. B. Flugangst, Autofahrangst, H\u00f6henangst, Platzangst, Angst vor bestimmten Tieren, soziale Phobie etc.<\/p>\n<\/div>\n<\/li>\n<li>\n<div>\n<p>Chronische Schmerzen<\/p>\n<\/div>\n<\/li>\n<li>\n<div>\n<p>Innere Unruhe, Stress<\/p>\n<\/div>\n<\/li>\n<li>\n<div>\n<p>Schlafst\u00f6rungen<\/p>\n<\/div>\n<\/li>\n<li>\n<div>\n<p>Leichte bis mittlere Depressionen<\/p>\n<\/div>\n<\/li>\n<li>\n<div>\n<p>Leichtere Abh\u00e4ngigkeiten, Raucherentw\u00f6hnung<\/p>\n<\/div>\n<\/li>\n<li>\n<div>\n<p>Gewichtsprobleme, Anpassung des Essverhaltens, Abnehmen<\/p>\n<\/div>\n<\/li>\n<li>\n<div>\n<p>Lernschwierigkeiten und Konzentrationsprobleme<\/p>\n<\/div>\n<\/li>\n<li>\n<div>\n<p>Aufarbeiten von Lebenserfahrungen<\/p>\n<\/div>\n<\/li>\n<\/ul>\n<p><img decoding=\"async\" src=\"\/wp-content\/uploads\/2021\/10\/HCB_Hypnose_Sturm.jpg\" alt=\"Merdizinische Hypnose gegen Unruhe\"><\/p>\n<div>\n<p>Vor einer Hypnoseeinleitung \u2013 einer Therapiesitzung steht immer die Anamnese, ein Erstgespr\u00e4ch, in dem Sie Ihre Ziele definieren, Probleme ansprechen, Sorgen mitteilen k\u00f6nnen. Es ist auch der Moment, in dem ich als Therapeutin Sie kennenlernen kann, um Sie ad\u00e4quat begleiten zu k\u00f6nnen. Im Therapieverlauf k\u00f6nnen sowohl die Ziele als auch die Methoden jederzeit angepasst werden. Die Hypnosetherapie hat sich innerhalb der Verhaltenstherapie zu einer effizienten Methode entwickelt, die es Behandler und Patienten erlauben, flexibel, pers\u00f6nlich und zielf\u00fchrend zu arbeiten.<\/p>\n<p>Der Trancezustand wird in der Hypnosetherapie durch einleitende Worte des Therapeuten erreicht. Von Seiten des Patienten braucht es lediglich die Offenheit, diese Therapieform mitzumachen. Die \u00dcberg\u00e4nge zwischen leichter, mittlerer und tiefer Trance sind flie\u00dfend und werden oftmals nicht bemerkt. Die Hypnose ist nicht immer nur Entspannung, oftmals wird Ihre aktive Mitarbeit ben\u00f6tigt. Sie lebt von Ihrem Vertrauen, Ihrer pers\u00f6nlichen Bereitschaft, Mitarbeit und Eigenverantwortung.<\/p>\n<\/div>\n<div>\n<p>Die genannten Anwendungsgebiete stellen kein Heilversprechen oder die Garantie einer Linderung oder Verbesserung aufgef\u00fchrter Krankheitszust\u00e4nde oder Leiden dar.<\/p>\n<\/div>\n<p><img decoding=\"async\" src=\"\/wp-content\/uploads\/2021\/10\/HCB_Hypnose_Vogel.jpg\" alt=\"Hypnosetherapie\"><\/p>\n<p><!--more--><br \/>\n<!-- {\"name\":\"Therapie\",\"type\":\"layout\",\"children\":[{\"name\":\"Hero\",\"type\":\"section\",\"props\":{\"style\":\"default\",\"width\":\"\",\"vertical_align\":\"middle\",\"title_position\":\"top-left\",\"title_rotation\":\"left\",\"title_breakpoint\":\"xl\",\"image_position\":\"center-center\",\"padding_remove_top\":false,\"padding_remove_bottom\":false,\"padding\":\"none\"},\"children\":[{\"name\":\"\",\"type\":\"row\",\"children\":[{\"name\":\"\",\"type\":\"column\",\"props\":{\"image_position\":\"center-center\",\"media_overlay_gradient\":\"\",\"width_medium\":\"1-1\"},\"children\":[{\"type\":\"image\",\"props\":{\"margin\":\"default\",\"image_svg_color\":\"emphasis\",\"image\":\"wp-content\\\/uploads\\\/2021\\\/10\\\/HCB_Hypnose_Hero.jpg\",\"image_alt\":\"Hypnose in N\\u00fcrnberg\",\"margin_remove_bottom\":false}}]}]}]},{\"name\":\"Hypnose I\",\"type\":\"section\",\"props\":{\"style\":\"default\",\"width\":\"\",\"vertical_align\":\"middle\",\"title_position\":\"center-left\",\"title_rotation\":\"left\",\"title_breakpoint\":\"xl\",\"image_position\":\"center-center\",\"title\":\"\",\"padding_remove_bottom\":true},\"children\":[{\"name\":\"\",\"type\":\"row\",\"props\":{\"layout\":\"1-2,1-2\",\"vertical_align\":true,\"width\":\"expand\"},\"children\":[{\"name\":\"\",\"type\":\"column\",\"props\":{\"image_position\":\"center-center\",\"vertical_align\":\"middle\",\"media_overlay_gradient\":\"\",\"width_medium\":\"1-2\"},\"children\":[{\"type\":\"button\",\"props\":{\"grid_column_gap\":\"small\",\"grid_row_gap\":\"small\",\"margin\":\"default\",\"maxwidth\":\"large\",\"block_align\":\"center\",\"text_align\":\"center\",\"block_align_fallback\":\"center\"},\"children\":[{\"type\":\"button_item\",\"props\":{\"button_style\":\"secondary\",\"icon_align\":\"right\",\"content\":\"Termin buchen\",\"link\":\"termine\\\/\",\"icon\":\"clock\"}},{\"type\":\"button_item\",\"props\":{\"button_style\":\"secondary\",\"icon_align\":\"right\",\"content\":\"Praxis besuchen\",\"link\":\"naturheilpraxis\\\/\",\"icon\":\"home\"}}],\"modified\":\"2021-10-21T10:23:58.373Z\",\"name\":\"Termin-Praxis-Button\"}]},{\"name\":\"\",\"type\":\"column\",\"props\":{\"image_position\":\"center-center\",\"vertical_align\":\"middle\",\"media_overlay_gradient\":\"\",\"width_medium\":\"1-2\",\"order_first\":\"m\"},\"children\":[{\"type\":\"headline\",\"props\":{\"title_element\":\"h1\",\"content\":\"Hypnosetherapie \\\/ medizinische Hypnose\",\"title_style\":\"h1\",\"title_color\":\"primary\",\"maxwidth\":\"large\",\"block_align\":\"center\",\"text_align\":\"left\",\"text_align_breakpoint\":\"m\",\"text_align_fallback\":\"center\"}}]}]},{\"name\":\"\",\"type\":\"row\",\"props\":{\"layout\":\"1-2,1-2\",\"vertical_align\":true,\"width\":\"expand\"},\"children\":[{\"name\":\"\",\"type\":\"column\",\"props\":{\"image_position\":\"center-center\",\"vertical_align\":\"middle\",\"media_overlay_gradient\":\"\",\"width_medium\":\"1-2\"},\"children\":[{\"type\":\"text\",\"props\":{\"margin\":\"default\",\"column_breakpoint\":\"m\",\"content\":\"\n\n<p>Die Hypnose ist eine Kommunikationsform, die den Zugang zu den verschiedenen Schichten des Gehirns, des Bewusstseins und Unterbewusstseins erm\\u00f6glicht. Die Trance in der Hypnose ist ein angenehmer Zustand, den wir aus dem Alltag kennen, wie z. B. kurz vor dem Einschlafen oder wenn wir unsere Aufmerksamkeit vollkommen auf etwas richten, wie einem spannenden Krimi und dabei alles andere um uns herum ausblenden.<\\\/p>\\n\n\n<p>Durch die Hypnose k\\u00f6nnen Sie tiefe Entspannung erleben. Ursachen und L\\u00f6sungen Ihrer Beschwerden k\\u00f6nnen gefunden und neue Verhaltensmuster erlernt werden. Die Indikationen f\\u00fcr die Hypnosetherapie sind vielf\\u00e4ltig. Mir ist es wichtig, mich auf einige Schwerpunkte zu spezialisieren, um Sie kompetent begleiten zu k\\u00f6nnen:<\\\/p>\",\"maxwidth\":\"large\",\"block_align\":\"center\"}},{\"type\":\"list\",\"props\":{\"show_image\":true,\"show_link\":true,\"list_element\":\"ul\",\"column_breakpoint\":\"m\",\"image_svg_color\":\"emphasis\",\"image_align\":\"left\",\"image_vertical_align\":true,\"list_marker\":\"\",\"icon\":\"play\",\"icon_color\":\"primary\",\"maxwidth\":\"large\",\"block_align\":\"center\"},\"children\":[{\"type\":\"list_item\",\"props\":{\"content\":\"\n\n<p>\\u00c4ngste und Phobien z. B. Flugangst, Autofahrangst, H\\u00f6henangst, Platzangst, Angst vor bestimmten Tieren, soziale Phobie etc.<\\\/p>\",\"icon\":\"\"}},{\"type\":\"list_item\",\"props\":{\"content\":\"\n\n<p>Chronische Schmerzen<\\\/p>\"}},{\"type\":\"list_item\",\"props\":{\"content\":\"\n\n<p>Innere Unruhe, Stress<\\\/p>\"}},{\"type\":\"list_item\",\"props\":{\"content\":\"\n\n<p>Schlafst\\u00f6rungen<\\\/p>\"}},{\"type\":\"list_item\",\"props\":{\"content\":\"\n\n<p>Leichte bis mittlere Depressionen<\\\/p>\"}},{\"type\":\"list_item\",\"props\":{\"content\":\"\n\n<p>Leichtere Abh\\u00e4ngigkeiten, Raucherentw\\u00f6hnung<\\\/p>\"}},{\"type\":\"list_item\",\"props\":{\"content\":\"\n\n<p>Gewichtsprobleme, Anpassung des Essverhaltens, Abnehmen<\\\/p>\"}},{\"type\":\"list_item\",\"props\":{\"content\":\"\n\n<p>Lernschwierigkeiten und Konzentrationsprobleme<\\\/p>\"}},{\"type\":\"list_item\",\"props\":{\"content\":\"\n\n<p>Aufarbeiten von Lebenserfahrungen<\\\/p>\"}}]}]},{\"name\":\"\",\"type\":\"column\",\"props\":{\"image_position\":\"center-center\",\"style\":\"primary\",\"vertical_align\":\"middle\",\"media_overlay_gradient\":\"\",\"width_medium\":\"1-2\"},\"children\":[{\"name\":\"\",\"type\":\"image\",\"props\":{\"margin\":\"default\",\"image\":\"wp-content\\\/uploads\\\/2021\\\/10\\\/HCB_Hypnose_Sturm.jpg\",\"image_width\":\"840\",\"animation\":\"parallax\",\"parallax_x_start\":\"-100\",\"parallax_x_end\":\"-50\",\"parallax_breakpoint\":\"l\",\"image_svg_color\":\"emphasis\",\"image_alt\":\"Merdizinische Hypnose gegen Unruhe\"}}]}]}]},{\"name\":\"Hypnose II\",\"type\":\"section\",\"props\":{\"style\":\"default\",\"width\":\"\",\"vertical_align\":\"middle\",\"title_position\":\"center-left\",\"title_rotation\":\"left\",\"title_breakpoint\":\"xl\",\"image_position\":\"center-center\",\"title\":\"\",\"padding_remove_top\":false,\"padding_remove_bottom\":true},\"children\":[{\"name\":\"\",\"type\":\"row\",\"props\":{\"layout\":\"1-2,1-2\",\"vertical_align\":true,\"width\":\"expand\",\"column_gap\":\"large\",\"row_gap\":\"large\"},\"children\":[{\"name\":\"\",\"type\":\"column\",\"props\":{\"image_position\":\"center-center\",\"vertical_align\":\"middle\",\"media_overlay_gradient\":\"\",\"width_medium\":\"1-2\"},\"children\":[{\"type\":\"text\",\"props\":{\"margin\":\"default\",\"column_breakpoint\":\"m\",\"content\":\"\n\n<p>Vor einer Hypnoseeinleitung \\u2013 einer Therapiesitzung steht immer die Anamnese, ein Erstgespr\\u00e4ch, in dem Sie Ihre Ziele definieren, Probleme ansprechen, Sorgen mitteilen k\\u00f6nnen. Es ist auch der Moment, in dem ich als Therapeutin Sie kennenlernen kann, um Sie ad\\u00e4quat begleiten zu k\\u00f6nnen. Im Therapieverlauf k\\u00f6nnen sowohl die Ziele als auch die Methoden jederzeit angepasst werden. Die Hypnosetherapie hat sich innerhalb der Verhaltenstherapie zu einer effizienten Methode entwickelt, die es Behandler und Patienten erlauben, flexibel, pers\\u00f6nlich und zielf\\u00fchrend zu arbeiten.<\\\/p>\\n\n\n<p>Der Trancezustand wird in der Hypnosetherapie durch einleitende Worte des Therapeuten erreicht. Von Seiten des Patienten braucht es lediglich die Offenheit, diese Therapieform mitzumachen. Die \\u00dcberg\\u00e4nge zwischen leichter, mittlerer und tiefer Trance sind flie\\u00dfend und werden oftmals nicht bemerkt. Die Hypnose ist nicht immer nur Entspannung, oftmals wird Ihre aktive Mitarbeit ben\\u00f6tigt. Sie lebt von Ihrem Vertrauen, Ihrer pers\\u00f6nlichen Bereitschaft, Mitarbeit und Eigenverantwortung.<\\\/p>\",\"maxwidth\":\"large\",\"block_align\":\"center\"}},{\"type\":\"text\",\"props\":{\"margin\":\"default\",\"column_breakpoint\":\"m\",\"content\":\"\n\n<p>Die genannten Anwendungsgebiete stellen kein Heilversprechen oder die Garantie einer Linderung oder Verbesserung aufgef\\u00fchrter Krankheitszust\\u00e4nde oder Leiden dar.<\\\/p>\",\"maxwidth\":\"large\",\"block_align\":\"center\",\"text_style\":\"meta\"}}]},{\"name\":\"\",\"type\":\"column\",\"props\":{\"image_position\":\"center-center\",\"style\":\"muted\",\"vertical_align\":\"middle\",\"media_overlay_gradient\":\"\",\"width_medium\":\"1-2\",\"order_first\":\"m\"},\"children\":[{\"name\":\"\",\"type\":\"image\",\"props\":{\"margin\":\"default\",\"image\":\"wp-content\\\/uploads\\\/2021\\\/10\\\/HCB_Hypnose_Vogel.jpg\",\"image_width\":\"840\",\"animation\":\"parallax\",\"parallax_x_start\":\"120\",\"parallax_x_end\":\"40\",\"parallax_breakpoint\":\"l\",\"margin_remove_bottom\":false,\"text_align\":\"center\",\"parallax_easing\":0.5,\"image_svg_color\":\"emphasis\",\"image_alt\":\"Hypnosetherapie\"}}]}]}]}],\"version\":\"2.5.10\"} --><\/p>\n","protected":false},"excerpt":{"rendered":"<p>Termin buchen Praxis besuchen Hypnosetherapie \/ medizinische Hypnose Die Hypnose ist eine Kommunikationsform, die den Zugang zu den verschiedenen Schichten des Gehirns, des Bewusstseins und Unterbewusstseins erm\u00f6glicht. Die Trance in der Hypnose ist ein angenehmer Zustand, den wir aus dem Alltag kennen, wie z. B. kurz vor dem Einschlafen oder wenn wir unsere Aufmerksamkeit vollkommen [&hellip;]<\/p>\n","protected":false},"author":2,"featured_media":0,"parent":0,"menu_order":3,"comment_status":"closed","ping_status":"closed","template":"","meta":{"footnotes":""},"class_list":["post-196","page","type-page","status-publish","hentry"],"_links":{"self":[{"href":"https:\/\/heilpraktiker-carmen-bauer.de\/de\/wp-json\/wp\/v2\/pages\/196","targetHints":{"allow":["GET"]}}],"collection":[{"href":"https:\/\/heilpraktiker-carmen-bauer.de\/de\/wp-json\/wp\/v2\/pages"}],"about":[{"href":"https:\/\/heilpraktiker-carmen-bauer.de\/de\/wp-json\/wp\/v2\/types\/page"}],"author":[{"embeddable":true,"href":"https:\/\/heilpraktiker-carmen-bauer.de\/de\/wp-json\/wp\/v2\/users\/2"}],"replies":[{"embeddable":true,"href":"https:\/\/heilpraktiker-carmen-bauer.de\/de\/wp-json\/wp\/v2\/comments?post=196"}],"version-history":[{"count":12,"href":"https:\/\/heilpraktiker-carmen-bauer.de\/de\/wp-json\/wp\/v2\/pages\/196\/revisions"}],"predecessor-version":[{"id":431,"href":"https:\/\/heilpraktiker-carmen-bauer.de\/de\/wp-json\/wp\/v2\/pages\/196\/revisions\/431"}],"wp:attachment":[{"href":"https:\/\/heilpraktiker-carmen-bauer.de\/de\/wp-json\/wp\/v2\/media?parent=196"}],"curies":[{"name":"wp","href":"https:\/\/api.w.org\/{rel}","templated":true}]}}