{"id":210,"date":"2021-10-18T18:58:21","date_gmt":"2021-10-18T18:58:21","guid":{"rendered":"http:\/\/neuwp.heilpraktiker-carmen-bauer.de\/?page_id=210"},"modified":"2025-10-07T12:47:48","modified_gmt":"2025-10-07T12:47:48","slug":"dorn-therapie","status":"publish","type":"page","link":"https:\/\/heilpraktiker-carmen-bauer.de\/de\/dorn-therapie\/","title":{"rendered":"Dorn-Therapie"},"content":{"rendered":"<p><img decoding=\"async\" src=\"\/wp-content\/uploads\/2021\/10\/HCB_Dorn_Hero.jpg\" alt=\"Dorn-Therapie in N\u00fcrnberg\"><\/p>\n<div>\n<h3>Bitte beachten<\/h3>\n<div>\n<p><span>F\u00fcr diese Therapieformen sind derzeit keine Neupatienten m\u00f6glich!\u00a0<\/span><\/p>\n<\/div>\n<\/div>\n<h1>Dorn-Therapie<\/h1>\n<div>\n<p>R\u00fcckenschmerzen, Wirbels\u00e4ulenprobleme, Bandscheibenvorfall, Beinl\u00e4ngendifferenzen, Bewegungseinschr\u00e4nkungen: dies sind Symptome, die scheinbar zu den Menschen in unserer Gesellschaft, zu unserer Zeit geh\u00f6ren. Aber muss es so sein? Die Gesundheit st\u00fctzt sich auf drei S\u00e4ulen: Bewegung, ausgewogene Ern\u00e4hrung und Momente der Entspannung. Vor allem profitieren R\u00fccken und Wirbels\u00e4ule von diesen drei Aspekten.<\/p>\n<p>Dieter Dorn, Begr\u00fcnder der Dorn-Methode, hat das erkannt. Viele Beschwerden finden ihre Ursache in einer oft winzigen Fehlstellung der Wirbel, der gro\u00dfen Gelenke. Dies kann mit der Methode nach Dorn erfolgreich behandelt werden. Die ganzheitliche Dorn-Therapie ist eine sanfte Methode. Sie strebt an, die Wirbel, das Becken, die Gelenke in ihre richtige Position zu bringen und so positiv auf den Organismus einzuwirken.<\/p>\n<p>Die aktive Mitarbeit des Patienten ist gefragt. Durch unterst\u00fctzende kleine Bewegungen, wie Schwingen der Arme oder Beine, werden die Wirbel und Gelenke dynamisch positioniert, ohne ruckartige Bewegungen und Knacken. Die Korrektur erfolgt in der Regel ohne Schmerzen. Leicht zu erlernende Hausaufgaben unterst\u00fctzen den Behandlungserfolg und beugen erneuten Beschwerden vor. Diese Selbst\u00fcbungen sind ebenfalls von Dieter Dorn entwickelt worden.<\/p>\n<\/div>\n<p><img decoding=\"async\" src=\"\/wp-content\/uploads\/2021\/10\/HCB_Dorn_Haende.jpg\" alt=\"Dorn-Therapie Massage\"><\/p>\n<div>\n<p>Begleitend zur Dorntherapie biete ich die von Rudolph Breuss entwickelte Breuss-Massage an. Durch diese sanfte, energetisch manuelle Massage des R\u00fcckens k\u00f6nnen k\u00f6rperliche und seelische Verspannungen gel\u00f6st werden, Energien kommen wieder ins Flie\u00dfen und die Wirbels\u00e4ule wird gest\u00e4rkt und regeneriert. Die Breussmassage eignet sich gut als Entspannung nach der Dorntherapie oder als Vorbereitung daf\u00fcr.<\/p>\n<p>Die Dorn-Methode findet gro\u00dfe Wirkung auch im Wechselspiel mit anderen Disziplinen, wie z. B. Therapieformen aus der Traditionellen Chinesischen Medizin (<a href=\"http:\/\/neuwp.heilpraktiker-carmen-bauer.de\/tcm\/\">TCM<\/a>).<\/p>\n<\/div>\n<p><img decoding=\"async\" src=\"\/wp-content\/uploads\/2021\/10\/HCB_Dorn_Wirbel.jpg\" alt=\"Dorn-Therapie Wirbelstellung\"><\/p>\n<p><!--more--><br \/>\n<!-- {\"name\":\"Therapie\",\"type\":\"layout\",\"children\":[{\"name\":\"Hero\",\"type\":\"section\",\"props\":{\"image_position\":\"center-center\",\"padding\":\"none\",\"padding_remove_bottom\":false,\"padding_remove_top\":false,\"style\":\"default\",\"title_breakpoint\":\"xl\",\"title_position\":\"top-left\",\"title_rotation\":\"left\",\"vertical_align\":\"\",\"width\":\"\"},\"children\":[{\"type\":\"row\",\"children\":[{\"type\":\"column\",\"props\":{\"image_position\":\"center-center\",\"position_sticky_breakpoint\":\"m\",\"width_medium\":\"1-1\"},\"children\":[{\"type\":\"image\",\"props\":{\"image\":\"wp-content\\\/uploads\\\/2021\\\/10\\\/HCB_Dorn_Hero.jpg\",\"image_alt\":\"Dorn-Therapie in N\\u00fcrnberg\",\"image_svg_color\":\"emphasis\",\"margin\":\"default\",\"margin_remove_bottom\":false}}]}]}]},{\"name\":\"Dorn-Therapie\",\"type\":\"section\",\"props\":{\"image_position\":\"center-center\",\"padding_remove_bottom\":true,\"style\":\"default\",\"title_breakpoint\":\"xl\",\"title_position\":\"center-left\",\"title_rotation\":\"left\",\"vertical_align\":\"\",\"width\":\"\"},\"children\":[{\"type\":\"row\",\"props\":{\"layout\":\"1-2,1-2\",\"width\":\"expand\"},\"children\":[{\"type\":\"column\",\"props\":{\"image_position\":\"center-center\",\"position_sticky_breakpoint\":\"m\",\"vertical_align\":\"middle\",\"width_medium\":\"1-2\"},\"children\":[{\"type\":\"button\",\"props\":{\"block_align\":\"center\",\"block_align_fallback\":\"center\",\"grid_column_gap\":\"small\",\"grid_row_gap\":\"small\",\"margin\":\"default\",\"maxwidth\":\"large\",\"status\":\"disabled\",\"text_align\":\"center\"},\"children\":[{\"type\":\"button_item\",\"props\":{\"button_style\":\"secondary\",\"content\":\"Termin buchen\",\"dialog_layout\":\"modal\",\"dialog_offcanvas_flip\":true,\"icon\":\"clock\",\"icon_align\":\"right\",\"link\":\"termine\\\/\"}},{\"type\":\"button_item\",\"props\":{\"button_style\":\"secondary\",\"content\":\"Praxis besuchen\",\"dialog_layout\":\"modal\",\"dialog_offcanvas_flip\":true,\"icon\":\"home\",\"icon_align\":\"right\",\"link\":\"naturheilpraxis\\\/\"}}],\"modified\":\"2021-10-21T10:23:58.373Z\",\"name\":\"Termin-Praxis-Button\"},{\"type\":\"alert\",\"props\":{\"content\":\"\n\n<p><span>F\\u00fcr diese Therapieformen sind derzeit keine Neupatienten m\\u00f6glich!\\u00a0<\\\/span><\\\/p>\",\"title\":\"Bitte beachten\",\"title_element\":\"h3\"}}]},{\"type\":\"column\",\"props\":{\"image_position\":\"center-center\",\"order_first\":\"m\",\"position_sticky_breakpoint\":\"m\",\"vertical_align\":\"middle\",\"width_medium\":\"1-2\"},\"children\":[{\"type\":\"headline\",\"props\":{\"block_align\":\"center\",\"content\":\"Dorn-Therapie\",\"maxwidth\":\"large\",\"text_align\":\"left\",\"text_align_breakpoint\":\"m\",\"text_align_fallback\":\"center\",\"title_color\":\"primary\",\"title_element\":\"h1\",\"title_style\":\"h1\"}}]}]},{\"type\":\"row\",\"props\":{\"layout\":\"1-2,1-2\",\"width\":\"expand\"},\"children\":[{\"type\":\"column\",\"props\":{\"image_position\":\"center-center\",\"position_sticky_breakpoint\":\"m\",\"vertical_align\":\"middle\",\"width_medium\":\"1-2\"},\"children\":[{\"type\":\"text\",\"props\":{\"block_align\":\"center\",\"column_breakpoint\":\"m\",\"content\":\"\n\n<p>R\\u00fcckenschmerzen, Wirbels\\u00e4ulenprobleme, Bandscheibenvorfall, Beinl\\u00e4ngendifferenzen, Bewegungseinschr\\u00e4nkungen: dies sind Symptome, die scheinbar zu den Menschen in unserer Gesellschaft, zu unserer Zeit geh\\u00f6ren. Aber muss es so sein? Die Gesundheit st\\u00fctzt sich auf drei S\\u00e4ulen: Bewegung, ausgewogene Ern\\u00e4hrung und Momente der Entspannung. Vor allem profitieren R\\u00fccken und Wirbels\\u00e4ule von diesen drei Aspekten.<\\\/p>\\n\n\n<p>Dieter Dorn, Begr\\u00fcnder der Dorn-Methode, hat das erkannt. Viele Beschwerden finden ihre Ursache in einer oft winzigen Fehlstellung der Wirbel, der gro\\u00dfen Gelenke. Dies kann mit der Methode nach Dorn erfolgreich behandelt werden. Die ganzheitliche Dorn-Therapie ist eine sanfte Methode. Sie strebt an, die Wirbel, das Becken, die Gelenke in ihre richtige Position zu bringen und so positiv auf den Organismus einzuwirken.<\\\/p>\\n\n\n<p>Die aktive Mitarbeit des Patienten ist gefragt. Durch unterst\\u00fctzende kleine Bewegungen, wie Schwingen der Arme oder Beine, werden die Wirbel und Gelenke dynamisch positioniert, ohne ruckartige Bewegungen und Knacken. Die Korrektur erfolgt in der Regel ohne Schmerzen. Leicht zu erlernende Hausaufgaben unterst\\u00fctzen den Behandlungserfolg und beugen erneuten Beschwerden vor. Diese Selbst\\u00fcbungen sind ebenfalls von Dieter Dorn entwickelt worden.<\\\/p>\",\"margin\":\"default\",\"maxwidth\":\"large\"}}]},{\"type\":\"column\",\"props\":{\"image_position\":\"center-center\",\"position_sticky_breakpoint\":\"m\",\"style\":\"tile-primary\",\"vertical_align\":\"middle\",\"width_medium\":\"1-2\"},\"children\":[{\"type\":\"image\",\"props\":{\"animation\":\"parallax\",\"image\":\"wp-content\\\/uploads\\\/2021\\\/10\\\/HCB_Dorn_Haende.jpg\",\"image_alt\":\"Dorn-Therapie Massage\",\"image_svg_color\":\"emphasis\",\"image_width\":\"840\",\"margin\":\"default\",\"parallax_breakpoint\":\"l\",\"parallax_easing\":\"1\",\"parallax_x\":\"-100,-50\"}}]}]}]},{\"name\":\"Breussmassage\",\"type\":\"section\",\"props\":{\"image_position\":\"center-center\",\"padding_remove_bottom\":true,\"padding_remove_top\":false,\"style\":\"default\",\"title_breakpoint\":\"xl\",\"title_position\":\"center-left\",\"title_rotation\":\"left\",\"vertical_align\":\"\",\"width\":\"\"},\"children\":[{\"type\":\"row\",\"props\":{\"column_gap\":\"large\",\"layout\":\"1-2,1-2\",\"row_gap\":\"large\",\"width\":\"expand\"},\"children\":[{\"type\":\"column\",\"props\":{\"image_position\":\"center-center\",\"position_sticky_breakpoint\":\"m\",\"vertical_align\":\"middle\",\"width_medium\":\"1-2\"},\"children\":[{\"type\":\"text\",\"props\":{\"block_align\":\"center\",\"column_breakpoint\":\"m\",\"content\":\"\n\n<p>Begleitend zur Dorntherapie biete ich die von Rudolph Breuss entwickelte Breuss-Massage an. Durch diese sanfte, energetisch manuelle Massage des R\\u00fcckens k\\u00f6nnen k\\u00f6rperliche und seelische Verspannungen gel\\u00f6st werden, Energien kommen wieder ins Flie\\u00dfen und die Wirbels\\u00e4ule wird gest\\u00e4rkt und regeneriert. Die Breussmassage eignet sich gut als Entspannung nach der Dorntherapie oder als Vorbereitung daf\\u00fcr.<\\\/p>\\n\n\n<p>Die Dorn-Methode findet gro\\u00dfe Wirkung auch im Wechselspiel mit anderen Disziplinen, wie z. B. Therapieformen aus der Traditionellen Chinesischen Medizin (<a href=\\\"http:\\\/\\\/neuwp.heilpraktiker-carmen-bauer.de\\\/tcm\\\/\\\">TCM<\\\/a>).<\\\/p>\",\"margin\":\"default\",\"maxwidth\":\"large\"}}]},{\"type\":\"column\",\"props\":{\"image_position\":\"center-center\",\"order_first\":\"m\",\"position_sticky_breakpoint\":\"m\",\"style\":\"tile-muted\",\"vertical_align\":\"middle\",\"width_medium\":\"1-2\"},\"children\":[{\"type\":\"image\",\"props\":{\"animation\":\"parallax\",\"image\":\"wp-content\\\/uploads\\\/2021\\\/10\\\/HCB_Dorn_Wirbel.jpg\",\"image_alt\":\"Dorn-Therapie Wirbelstellung\",\"image_svg_color\":\"emphasis\",\"image_width\":\"840\",\"margin\":\"default\",\"margin_remove_bottom\":false,\"parallax_breakpoint\":\"l\",\"parallax_easing\":0.5,\"parallax_x\":\"120,40\",\"text_align\":\"center\"}}]}]}]}],\"version\":\"4.5.28\"} --><\/p>\n","protected":false},"excerpt":{"rendered":"<p>Bitte beachten F\u00fcr diese Therapieformen sind derzeit keine Neupatienten m\u00f6glich!\u00a0 Dorn-Therapie R\u00fcckenschmerzen, Wirbels\u00e4ulenprobleme, Bandscheibenvorfall, Beinl\u00e4ngendifferenzen, Bewegungseinschr\u00e4nkungen: dies sind Symptome, die scheinbar zu den Menschen in unserer Gesellschaft, zu unserer Zeit geh\u00f6ren. Aber muss es so sein? Die Gesundheit st\u00fctzt sich auf drei S\u00e4ulen: Bewegung, ausgewogene Ern\u00e4hrung und Momente der Entspannung. Vor allem profitieren R\u00fccken und [&hellip;]<\/p>\n","protected":false},"author":2,"featured_media":0,"parent":0,"menu_order":4,"comment_status":"closed","ping_status":"closed","template":"","meta":{"footnotes":""},"class_list":["post-210","page","type-page","status-publish","hentry"],"_links":{"self":[{"href":"https:\/\/heilpraktiker-carmen-bauer.de\/de\/wp-json\/wp\/v2\/pages\/210","targetHints":{"allow":["GET"]}}],"collection":[{"href":"https:\/\/heilpraktiker-carmen-bauer.de\/de\/wp-json\/wp\/v2\/pages"}],"about":[{"href":"https:\/\/heilpraktiker-carmen-bauer.de\/de\/wp-json\/wp\/v2\/types\/page"}],"author":[{"embeddable":true,"href":"https:\/\/heilpraktiker-carmen-bauer.de\/de\/wp-json\/wp\/v2\/users\/2"}],"replies":[{"embeddable":true,"href":"https:\/\/heilpraktiker-carmen-bauer.de\/de\/wp-json\/wp\/v2\/comments?post=210"}],"version-history":[{"count":13,"href":"https:\/\/heilpraktiker-carmen-bauer.de\/de\/wp-json\/wp\/v2\/pages\/210\/revisions"}],"predecessor-version":[{"id":969,"href":"https:\/\/heilpraktiker-carmen-bauer.de\/de\/wp-json\/wp\/v2\/pages\/210\/revisions\/969"}],"wp:attachment":[{"href":"https:\/\/heilpraktiker-carmen-bauer.de\/de\/wp-json\/wp\/v2\/media?parent=210"}],"curies":[{"name":"wp","href":"https:\/\/api.w.org\/{rel}","templated":true}]}}