{"id":225,"date":"2021-10-19T09:19:43","date_gmt":"2021-10-19T09:19:43","guid":{"rendered":"http:\/\/neuwp.heilpraktiker-carmen-bauer.de\/?page_id=225"},"modified":"2025-10-07T12:47:07","modified_gmt":"2025-10-07T12:47:07","slug":"fussreflexzonenmassage","status":"publish","type":"page","link":"https:\/\/heilpraktiker-carmen-bauer.de\/de\/fussreflexzonenmassage\/","title":{"rendered":"Fu\u00dfreflexzonenmassage"},"content":{"rendered":"<p><img decoding=\"async\" src=\"\/wp-content\/uploads\/2021\/10\/HCB_Fuss_Hero.jpg\" alt=\"Fu\u00dfreflexzonenmassage in N\u00fcrnberg\"><\/p>\n<div>\n<h3>Bitte beachten!<\/h3>\n<div>\n<p><span>F\u00fcr diese Therapieformen sind derzeit keine Neupatienten m\u00f6glich!\u00a0<\/span><\/p>\n<\/div>\n<\/div>\n<h1>Fu\u00dfreflexzonen\u00admassage<\/h1>\n<div>\n<p>Die Fu\u00dfreflexzonenmassage wirkt auf K\u00f6rper, Geist und Seele. Jedes Organ steht in Wechselbeziehung zu einer bestimmten Reflexzone am Fu\u00df. Diese sind unserem Bewegungsapparat und den Organen zugeordnet. Beschwerden zeigen sich am Fu\u00df durch Verh\u00e4rtungen, Schmerzen, Schwitzen und vieles mehr. Durch gezielte Impulse an diesen Stellen kommt es zu einer indirekten Einwirkung auf Muskel-, Gelenk- und Sehnenkrankheiten mit einer entspannenden und schmerzlindernden Wirkung. Auch eine Einwirkung auf funktionelle St\u00f6rungen innerer Organe \u00fcber die Reflexzonen der F\u00fc\u00dfe ist sehr gut m\u00f6glich. Die Fu\u00dfreflexzonentherapie ist unter anderem bei folgenden Beschwerden sinnvoll:<\/p>\n<\/div>\n<ul>\n<li>\n<div>\n<p>Gelenkbeschwerden, rheumatische Erkrankungen<\/p>\n<\/div>\n<\/li>\n<li>\n<div>\n<p>R\u00fcckenschmerzen, Bandscheibenprobleme, Verspannungen, Schulter-Arm-Syndrome<\/p>\n<\/div>\n<\/li>\n<li>\n<div>\n<p>Kopfschmerzen, Migr\u00e4ne<\/p>\n<\/div>\n<\/li>\n<li>\n<div>\n<p>Degenerative Erkrankungen<\/p>\n<\/div>\n<\/li>\n<li>\n<div>\n<p>Durchblutungsst\u00f6rungen der Organe<\/p>\n<\/div>\n<\/li>\n<li>\n<div>\n<p>Abwehrschw\u00e4che<\/p>\n<\/div>\n<\/li>\n<li>\n<div>\n<p>Unruhezust\u00e4nde, Nervosit\u00e4t, Stress<\/p>\n<\/div>\n<\/li>\n<li>\n<div>\n<p>M\u00fcdigkeit, Schlafst\u00f6rungen<\/p>\n<\/div>\n<\/li>\n<li>\n<div>\n<p>Wassereinlagerungen, \u00d6deme<\/p>\n<\/div>\n<\/li>\n<li>\n<div>\n<p>Entgiftung, Entw\u00e4sserung<\/p>\n<\/div>\n<\/li>\n<li>\n<div>\n<p>Kreislaufprobleme, Bluthochdruck<\/p>\n<\/div>\n<\/li>\n<li>\n<div>\n<p>Menstruationsbeschwerden<\/p>\n<\/div>\n<\/li>\n<li>\n<div>\n<p>Darmbeschwerden<\/p>\n<\/div>\n<\/li>\n<li>\n<div>\n<p>Reizzust\u00e4nde: Reizdarm, Reizmagen, Reizblase<\/p>\n<\/div>\n<\/li>\n<\/ul>\n<p><img decoding=\"async\" src=\"\/wp-content\/uploads\/2021\/10\/HCB_Fuss_1.jpg\" alt=\"Fu\u00dfreflexzonentherapie\"><\/p>\n<div>\n<p>Die Fu\u00dfreflexzonenmassage hat es \u00fcber die Jahrtausende in verschiedenen Kulturkreisen gegeben. Es gibt \u00dcberlieferungen aus dem fernen Osten, \u00c4gypten, China, Indien, den R\u00f6mern, den Inkas und aus Amerika. Im Laufe der Zeit hat sie sich immer weiterentwickelt.<\/p>\n<p>Die von dem amerikanischen Arzt Dr. William FitzGerald (1872\u20131942) erforschte Fu\u00dfreflexzonenmassage, wurde von Hanne Marquardt um 1960 nach Deutschland gebracht. Sie entwickelte und perfektionierte diese Methode im Laufe der Jahre so weiter, wie sie heute in der Medizin Standard geworden ist.<\/p>\n<p>Die Reflexzone am Fu\u00df gleicht einer \u201eSelbstabbildung\u201c in Miniatur, die mit der ganzen Person in einer Wechselbeziehung steht. Die Fu\u00dfreflexzonentherapie wird zu der Komplement\u00e4rmedizin gez\u00e4hlt, die als Regulationstherapie den Menschen in allen Ebenen anspricht und ordnet, was in Disharmonie geraten ist. Sie behandelt nicht die Symptome, sondern unterst\u00fctzt die Selbstheilungskr\u00e4fte.<\/p>\n<\/div>\n<h2>Behandlungsdauer<\/h2>\n<div>\n<p>Eine Behandlung dauert in der Regel zwischen 30 und 45 Minuten. Der Abstand zwischen den Behandlungen h\u00e4ngt von Ursache, Symptomen, Verlauf und Befinden ab. In der Praxis hat sich eine Behandlungsfolge von 6 bis 10 Behandlungen bew\u00e4hrt.<\/p>\n<\/div>\n<div>\n<p>Die genannten Anwendungsgebiete stellen kein Heilversprechen oder die Garantie einer Linderung oder Verbesserung aufgef\u00fchrter Krankheitszust\u00e4nde oder Leiden dar.<\/p>\n<\/div>\n<p><img decoding=\"async\" src=\"\/wp-content\/uploads\/2021\/10\/HCB_Fuss_2.jpg\" alt=\"Massage der Reflexzonen am Fu\u00df\"><\/p>\n<p><!--more--><br \/>\n<!-- {\"name\":\"Therapie\",\"type\":\"layout\",\"children\":[{\"name\":\"Hero\",\"type\":\"section\",\"props\":{\"image_position\":\"center-center\",\"padding\":\"none\",\"padding_remove_bottom\":false,\"padding_remove_top\":false,\"style\":\"default\",\"title_breakpoint\":\"xl\",\"title_position\":\"top-left\",\"title_rotation\":\"left\",\"vertical_align\":\"\",\"width\":\"\"},\"children\":[{\"type\":\"row\",\"children\":[{\"type\":\"column\",\"props\":{\"image_position\":\"center-center\",\"position_sticky_breakpoint\":\"m\",\"width_medium\":\"1-1\"},\"children\":[{\"type\":\"image\",\"props\":{\"image\":\"wp-content\\\/uploads\\\/2021\\\/10\\\/HCB_Fuss_Hero.jpg\",\"image_alt\":\"Fu\\u00dfreflexzonenmassage in N\\u00fcrnberg\",\"image_svg_color\":\"emphasis\",\"margin\":\"default\",\"margin_remove_bottom\":false}}]}]}]},{\"name\":\"Fu\\u00df I\",\"type\":\"section\",\"props\":{\"image_position\":\"center-center\",\"padding_remove_bottom\":true,\"style\":\"default\",\"title_breakpoint\":\"xl\",\"title_position\":\"center-left\",\"title_rotation\":\"left\",\"vertical_align\":\"\",\"width\":\"\"},\"children\":[{\"type\":\"row\",\"props\":{\"layout\":\"1-2,1-2\",\"width\":\"expand\"},\"children\":[{\"type\":\"column\",\"props\":{\"image_position\":\"center-center\",\"position_sticky_breakpoint\":\"m\",\"vertical_align\":\"middle\",\"width_medium\":\"1-2\"},\"children\":[{\"type\":\"button\",\"props\":{\"block_align\":\"center\",\"block_align_fallback\":\"center\",\"grid_column_gap\":\"small\",\"grid_row_gap\":\"small\",\"margin\":\"default\",\"maxwidth\":\"large\",\"status\":\"disabled\",\"text_align\":\"center\"},\"children\":[{\"type\":\"button_item\",\"props\":{\"button_style\":\"secondary\",\"content\":\"Termin buchen\",\"dialog_layout\":\"modal\",\"dialog_offcanvas_flip\":true,\"icon\":\"clock\",\"icon_align\":\"right\",\"link\":\"termine\\\/\"}},{\"type\":\"button_item\",\"props\":{\"button_style\":\"secondary\",\"content\":\"Praxis besuchen\",\"dialog_layout\":\"modal\",\"dialog_offcanvas_flip\":true,\"icon\":\"home\",\"icon_align\":\"right\",\"link\":\"naturheilpraxis\\\/\"}}],\"modified\":\"2021-10-21T10:23:58.373Z\",\"name\":\"Termin-Praxis-Button\"},{\"type\":\"alert\",\"props\":{\"content\":\"\n\n<p><span>F\\u00fcr diese Therapieformen sind derzeit keine Neupatienten m\\u00f6glich!\\u00a0<\\\/span><\\\/p>\",\"title\":\"Bitte beachten!\",\"title_element\":\"h3\"}}]},{\"type\":\"column\",\"props\":{\"image_position\":\"center-center\",\"order_first\":\"m\",\"position_sticky_breakpoint\":\"m\",\"vertical_align\":\"middle\",\"width_medium\":\"1-2\"},\"children\":[{\"type\":\"headline\",\"props\":{\"block_align\":\"center\",\"content\":\"Fu\\u00dfreflexzonen\\u00admassage\",\"maxwidth\":\"large\",\"text_align\":\"left\",\"text_align_breakpoint\":\"m\",\"text_align_fallback\":\"center\",\"title_color\":\"primary\",\"title_element\":\"h1\",\"title_style\":\"h1\"}}]}]},{\"type\":\"row\",\"props\":{\"layout\":\"1-2,1-2\",\"width\":\"expand\"},\"children\":[{\"type\":\"column\",\"props\":{\"image_position\":\"center-center\",\"position_sticky_breakpoint\":\"m\",\"vertical_align\":\"middle\",\"width_medium\":\"1-2\"},\"children\":[{\"type\":\"text\",\"props\":{\"block_align\":\"center\",\"column_breakpoint\":\"m\",\"content\":\"\n\n<p>Die Fu\\u00dfreflexzonenmassage wirkt auf K\\u00f6rper, Geist und Seele. Jedes Organ steht in Wechselbeziehung zu einer bestimmten Reflexzone am Fu\\u00df. Diese sind unserem Bewegungsapparat und den Organen zugeordnet. Beschwerden zeigen sich am Fu\\u00df durch Verh\\u00e4rtungen, Schmerzen, Schwitzen und vieles mehr. Durch gezielte Impulse an diesen Stellen kommt es zu einer indirekten Einwirkung auf Muskel-, Gelenk- und Sehnenkrankheiten mit einer entspannenden und schmerzlindernden Wirkung. Auch eine Einwirkung auf funktionelle St\\u00f6rungen innerer Organe \\u00fcber die Reflexzonen der F\\u00fc\\u00dfe ist sehr gut m\\u00f6glich. Die Fu\\u00dfreflexzonentherapie ist unter anderem bei folgenden Beschwerden sinnvoll:<\\\/p>\",\"margin\":\"default\",\"maxwidth\":\"large\"}},{\"type\":\"list\",\"props\":{\"block_align\":\"center\",\"column_breakpoint\":\"m\",\"icon\":\"play\",\"icon_color\":\"primary\",\"image_align\":\"left\",\"image_svg_color\":\"emphasis\",\"image_vertical_align\":true,\"list_element\":\"ul\",\"list_horizontal_separator\":\", \",\"list_type\":\"vertical\",\"maxwidth\":\"large\",\"show_image\":true,\"show_link\":true},\"children\":[{\"type\":\"list_item\",\"props\":{\"content\":\"\n\n<p>Gelenkbeschwerden, rheumatische Erkrankungen<\\\/p>\",\"icon\":\"\"}},{\"type\":\"list_item\",\"props\":{\"content\":\"\n\n<p>R\\u00fcckenschmerzen, Bandscheibenprobleme, Verspannungen, Schulter-Arm-Syndrome<\\\/p>\"}},{\"type\":\"list_item\",\"props\":{\"content\":\"\n\n<p>Kopfschmerzen, Migr\\u00e4ne<\\\/p>\"}},{\"type\":\"list_item\",\"props\":{\"content\":\"\n\n<p>Degenerative Erkrankungen<\\\/p>\"}},{\"type\":\"list_item\",\"props\":{\"content\":\"\n\n<p>Durchblutungsst\\u00f6rungen der Organe<\\\/p>\"}},{\"type\":\"list_item\",\"props\":{\"content\":\"\n\n<p>Abwehrschw\\u00e4che<\\\/p>\"}},{\"type\":\"list_item\",\"props\":{\"content\":\"\n\n<p>Unruhezust\\u00e4nde, Nervosit\\u00e4t, Stress<\\\/p>\"}},{\"type\":\"list_item\",\"props\":{\"content\":\"\n\n<p>M\\u00fcdigkeit, Schlafst\\u00f6rungen<\\\/p>\"}},{\"type\":\"list_item\",\"props\":{\"content\":\"\n\n<p>Wassereinlagerungen, \\u00d6deme<\\\/p>\"}},{\"type\":\"list_item\",\"props\":{\"content\":\"\n\n<p>Entgiftung, Entw\\u00e4sserung<\\\/p>\"}},{\"type\":\"list_item\",\"props\":{\"content\":\"\n\n<p>Kreislaufprobleme, Bluthochdruck<\\\/p>\"}},{\"type\":\"list_item\",\"props\":{\"content\":\"\n\n<p>Menstruationsbeschwerden<\\\/p>\"}},{\"type\":\"list_item\",\"props\":{\"content\":\"\n\n<p>Darmbeschwerden<\\\/p>\"}},{\"type\":\"list_item\",\"props\":{\"content\":\"\n\n<p>Reizzust\\u00e4nde: Reizdarm, Reizmagen, Reizblase<\\\/p>\"}}]}]},{\"type\":\"column\",\"props\":{\"image_position\":\"center-center\",\"position_sticky_breakpoint\":\"m\",\"style\":\"tile-primary\",\"vertical_align\":\"middle\",\"width_medium\":\"1-2\"},\"children\":[{\"type\":\"image\",\"props\":{\"animation\":\"parallax\",\"image\":\"wp-content\\\/uploads\\\/2021\\\/10\\\/HCB_Fuss_1.jpg\",\"image_alt\":\"Fu\\u00dfreflexzonentherapie\",\"image_svg_color\":\"emphasis\",\"image_width\":\"840\",\"margin\":\"default\",\"parallax_breakpoint\":\"l\",\"parallax_easing\":\"1\",\"parallax_x\":\"-100,-50\"}}]}]}]},{\"name\":\"Fu\\u00df II\",\"type\":\"section\",\"props\":{\"image_position\":\"center-center\",\"padding_remove_bottom\":true,\"padding_remove_top\":false,\"style\":\"default\",\"title_breakpoint\":\"xl\",\"title_position\":\"center-left\",\"title_rotation\":\"left\",\"vertical_align\":\"\",\"width\":\"\"},\"children\":[{\"type\":\"row\",\"props\":{\"column_gap\":\"large\",\"layout\":\"1-2,1-2\",\"row_gap\":\"large\",\"width\":\"expand\"},\"children\":[{\"type\":\"column\",\"props\":{\"image_position\":\"center-center\",\"position_sticky_breakpoint\":\"m\",\"vertical_align\":\"middle\",\"width_medium\":\"1-2\"},\"children\":[{\"type\":\"text\",\"props\":{\"block_align\":\"center\",\"column_breakpoint\":\"m\",\"content\":\"\n\n<p>Die Fu\\u00dfreflexzonenmassage hat es \\u00fcber die Jahrtausende in verschiedenen Kulturkreisen gegeben. Es gibt \\u00dcberlieferungen aus dem fernen Osten, \\u00c4gypten, China, Indien, den R\\u00f6mern, den Inkas und aus Amerika. Im Laufe der Zeit hat sie sich immer weiterentwickelt.<\\\/p>\\n\n\n<p>Die von dem amerikanischen Arzt Dr. William FitzGerald (1872\\u20131942) erforschte Fu\\u00dfreflexzonenmassage, wurde von Hanne Marquardt um 1960 nach Deutschland gebracht. Sie entwickelte und perfektionierte diese Methode im Laufe der Jahre so weiter, wie sie heute in der Medizin Standard geworden ist.<\\\/p>\\n\n\n<p>Die Reflexzone am Fu\\u00df gleicht einer \\u201eSelbstabbildung\\u201c in Miniatur, die mit der ganzen Person in einer Wechselbeziehung steht. Die Fu\\u00dfreflexzonentherapie wird zu der Komplement\\u00e4rmedizin gez\\u00e4hlt, die als Regulationstherapie den Menschen in allen Ebenen anspricht und ordnet, was in Disharmonie geraten ist. Sie behandelt nicht die Symptome, sondern unterst\\u00fctzt die Selbstheilungskr\\u00e4fte.<\\\/p>\",\"margin\":\"default\",\"maxwidth\":\"large\"}},{\"type\":\"headline\",\"props\":{\"block_align\":\"center\",\"content\":\"Behandlungsdauer\",\"maxwidth\":\"large\",\"text_align\":\"left\",\"text_align_breakpoint\":\"m\",\"text_align_fallback\":\"center\",\"title_color\":\"primary\",\"title_element\":\"h2\",\"title_style\":\"h5\"}},{\"type\":\"text\",\"props\":{\"block_align\":\"center\",\"column_breakpoint\":\"m\",\"content\":\"\n\n<p>Eine Behandlung dauert in der Regel zwischen 30 und 45 Minuten. Der Abstand zwischen den Behandlungen h\\u00e4ngt von Ursache, Symptomen, Verlauf und Befinden ab. In der Praxis hat sich eine Behandlungsfolge von 6 bis 10 Behandlungen bew\\u00e4hrt.<\\\/p>\",\"margin\":\"default\",\"maxwidth\":\"large\"}},{\"type\":\"text\",\"props\":{\"block_align\":\"center\",\"column_breakpoint\":\"m\",\"content\":\"\n\n<p>Die genannten Anwendungsgebiete stellen kein Heilversprechen oder die Garantie einer Linderung oder Verbesserung aufgef\\u00fchrter Krankheitszust\\u00e4nde oder Leiden dar.<\\\/p>\",\"margin\":\"default\",\"maxwidth\":\"large\",\"text_style\":\"meta\"}}]},{\"type\":\"column\",\"props\":{\"image_position\":\"center-center\",\"order_first\":\"m\",\"position_sticky_breakpoint\":\"m\",\"style\":\"tile-muted\",\"vertical_align\":\"middle\",\"width_medium\":\"1-2\"},\"children\":[{\"type\":\"image\",\"props\":{\"animation\":\"parallax\",\"image\":\"wp-content\\\/uploads\\\/2021\\\/10\\\/HCB_Fuss_2.jpg\",\"image_alt\":\"Massage der Reflexzonen am Fu\\u00df\",\"image_svg_color\":\"emphasis\",\"image_width\":\"840\",\"margin\":\"default\",\"margin_remove_bottom\":false,\"parallax_breakpoint\":\"l\",\"parallax_easing\":0.5,\"parallax_x\":\"120,40\",\"text_align\":\"center\"}}]}]}]}],\"version\":\"4.5.28\"} --><\/p>\n","protected":false},"excerpt":{"rendered":"<p>Bitte beachten! F\u00fcr diese Therapieformen sind derzeit keine Neupatienten m\u00f6glich!\u00a0 Fu\u00dfreflexzonen\u00admassage Die Fu\u00dfreflexzonenmassage wirkt auf K\u00f6rper, Geist und Seele. Jedes Organ steht in Wechselbeziehung zu einer bestimmten Reflexzone am Fu\u00df. Diese sind unserem Bewegungsapparat und den Organen zugeordnet. Beschwerden zeigen sich am Fu\u00df durch Verh\u00e4rtungen, Schmerzen, Schwitzen und vieles mehr. Durch gezielte Impulse an diesen [&hellip;]<\/p>\n","protected":false},"author":2,"featured_media":0,"parent":0,"menu_order":5,"comment_status":"closed","ping_status":"closed","template":"","meta":{"footnotes":""},"class_list":["post-225","page","type-page","status-publish","hentry"],"_links":{"self":[{"href":"https:\/\/heilpraktiker-carmen-bauer.de\/de\/wp-json\/wp\/v2\/pages\/225","targetHints":{"allow":["GET"]}}],"collection":[{"href":"https:\/\/heilpraktiker-carmen-bauer.de\/de\/wp-json\/wp\/v2\/pages"}],"about":[{"href":"https:\/\/heilpraktiker-carmen-bauer.de\/de\/wp-json\/wp\/v2\/types\/page"}],"author":[{"embeddable":true,"href":"https:\/\/heilpraktiker-carmen-bauer.de\/de\/wp-json\/wp\/v2\/users\/2"}],"replies":[{"embeddable":true,"href":"https:\/\/heilpraktiker-carmen-bauer.de\/de\/wp-json\/wp\/v2\/comments?post=225"}],"version-history":[{"count":11,"href":"https:\/\/heilpraktiker-carmen-bauer.de\/de\/wp-json\/wp\/v2\/pages\/225\/revisions"}],"predecessor-version":[{"id":968,"href":"https:\/\/heilpraktiker-carmen-bauer.de\/de\/wp-json\/wp\/v2\/pages\/225\/revisions\/968"}],"wp:attachment":[{"href":"https:\/\/heilpraktiker-carmen-bauer.de\/de\/wp-json\/wp\/v2\/media?parent=225"}],"curies":[{"name":"wp","href":"https:\/\/api.w.org\/{rel}","templated":true}]}}