{"id":239,"date":"2021-10-19T10:12:38","date_gmt":"2021-10-19T10:12:38","guid":{"rendered":"http:\/\/neuwp.heilpraktiker-carmen-bauer.de\/?page_id=239"},"modified":"2023-02-23T10:48:53","modified_gmt":"2023-02-23T10:48:53","slug":"homoeopathie","status":"publish","type":"page","link":"https:\/\/heilpraktiker-carmen-bauer.de\/de\/homoeopathie\/","title":{"rendered":"Hom\u00f6opathie"},"content":{"rendered":"<p><img decoding=\"async\" src=\"\/wp-content\/uploads\/2021\/10\/HCB_Homoe_Materia.jpg\" alt=\"Hom\u00f6opathie in N\u00fcrnberg\"><\/p>\n<ul>\n<li>\n        <a href=\"\/termine\/\">Termin buchen<\/a>\n    <\/li>\n<li>\n        <a href=\"\/naturheilpraxis\/\">Praxis besuchen<\/a>\n    <\/li>\n<\/ul>\n<h1>Hom\u00f6opathie<\/h1>\n<div>\n<p>Der Begriff \u201eHom\u00f6opathie\u201c kommt von dem griechischen Ausdruck \u201ehomoios pathos\u201c, was in der \u00dcbersetzung so viel bedeutet wie \u201e\u00c4hnliches Leiden\u201c. Der Name zeigt, dass in der Hom\u00f6opathie Krankheitserscheinungen nicht mit gegens\u00e4tzlich wirkenden Arzneimitteln behandelt werden, sondern mit Mitteln, die bei einem gesunden Menschen \u00e4hnliche Symptome, wie bei dem Patienten, ausl\u00f6sen k\u00f6nnten.<\/p>\n<p>In der Medizin-Geschichte kam dieses \u00c4hnlichkeitsprinzip h\u00e4ufig zum Tragen. Der deutsche Arzt Samuel Hahnemann hat es im sp\u00e4ten 18. Jahrhundert umfassend erforscht und beschrieben. Seither wird es erfolgreich mit ihrer sanften und doch zuverl\u00e4ssigen Wirkung angewandt.<\/p>\n<\/div>\n<p><img decoding=\"async\" src=\"\/wp-content\/uploads\/2021\/11\/HCB_Homoe_Gingko-Blatt.jpg\" alt=\"Ginko\"><\/p>\n<h2>Hom\u00f6opathische Arzneimittel<\/h2>\n<div>Die Arzneimittelpr\u00fcfung<\/div>\n<div>\n<p>Um ein Mittel entsprechend der Denkweise des \u00c4hnlichkeitsprinzips anwenden zu k\u00f6nnen, muss man eine m\u00f6glichst genaue Vorstellung seiner Wirkweise haben. Diese erreicht man durch Pr\u00fcfung an Gesunden und kann dabei beobachten, welche Symptome sich daraufhin einstellen. Je mehr Personen sich an einer solchen Pr\u00fcfung beteiligen, umso aufschlussreicher und feiner ist das Ergebnis, da jeder Mensch unterschiedlich auf Reize reagiert. Dieses Wissen ist in Verzeichnissen, der sog. \u201eMateria medica\u201c, dokumentiert.<\/p>\n<\/div>\n<div>Wie funktioniert die Hom\u00f6opathie?<\/div>\n<div>\n<p>\u201e\u00c4hnliches soll durch \u00c4hnliches geheilt werden\u201c ist der Lehrsatz der klassischen Hom\u00f6opathie. Das hei\u00dft, dass f\u00fcr jeden Krankheitszustand ein Mittel gefunden werden muss, das die typischen Symptome auszul\u00f6sen vermag. Krankheiten laufen bei den Menschen unterschiedlich ab, dem tr\u00e4gt die Hom\u00f6opathie im Besonderen Rechnung. Die Hom\u00f6opathen schreiben sich bei jedem Patienten die vorliegenden Symptome auf, vergleichen sie mit den Mitteln aus der Materia medica und verordnen dann ein einziges Mittel, das m\u00f6glichst gut zu den Beschwerden passt.<\/p>\n<\/div>\n<div>\n<p>Hom\u00f6opathische Mittel sind in Form von Globuli, Tabletten, Tropfen und als Injektionen vorhanden.<\/p>\n<\/div>\n<p><!--more--><br \/>\n<!-- {\"name\":\"Therapie\",\"type\":\"layout\",\"children\":[{\"name\":\"Hero\",\"type\":\"section\",\"props\":{\"style\":\"default\",\"width\":\"\",\"vertical_align\":\"middle\",\"title_position\":\"top-left\",\"title_rotation\":\"left\",\"title_breakpoint\":\"xl\",\"image_position\":\"center-center\",\"padding_remove_top\":false,\"padding_remove_bottom\":false,\"padding\":\"none\"},\"children\":[{\"name\":\"\",\"type\":\"row\",\"children\":[{\"name\":\"\",\"type\":\"column\",\"props\":{\"image_position\":\"center-center\",\"media_overlay_gradient\":\"\",\"width_medium\":\"1-1\"},\"children\":[{\"type\":\"image\",\"props\":{\"margin\":\"default\",\"image_svg_color\":\"emphasis\",\"image\":\"wp-content\\\/uploads\\\/2021\\\/10\\\/HCB_Homoe_Materia.jpg\",\"image_alt\":\"Hom\\u00f6opathie in N\\u00fcrnberg\",\"margin_remove_bottom\":false}}]}]}]},{\"name\":\"Homoeopathie\",\"type\":\"section\",\"props\":{\"style\":\"default\",\"width\":\"\",\"vertical_align\":\"middle\",\"title_position\":\"center-left\",\"title_rotation\":\"left\",\"title_breakpoint\":\"xl\",\"image_position\":\"center-center\",\"title\":\"\",\"padding_remove_bottom\":false},\"children\":[{\"name\":\"\",\"type\":\"row\",\"props\":{\"layout\":\"1-2,1-2\",\"vertical_align\":true,\"width\":\"expand\"},\"children\":[{\"name\":\"\",\"type\":\"column\",\"props\":{\"image_position\":\"center-center\",\"vertical_align\":\"middle\",\"media_overlay_gradient\":\"\",\"width_medium\":\"1-2\"},\"children\":[{\"type\":\"button\",\"props\":{\"grid_column_gap\":\"small\",\"grid_row_gap\":\"small\",\"margin\":\"default\",\"maxwidth\":\"large\",\"block_align\":\"center\",\"text_align\":\"center\",\"block_align_fallback\":\"center\"},\"children\":[{\"type\":\"button_item\",\"props\":{\"button_style\":\"secondary\",\"icon_align\":\"right\",\"content\":\"Termin buchen\",\"link\":\"termine\\\/\",\"icon\":\"clock\"}},{\"type\":\"button_item\",\"props\":{\"button_style\":\"secondary\",\"icon_align\":\"right\",\"content\":\"Praxis besuchen\",\"link\":\"naturheilpraxis\\\/\",\"icon\":\"home\"}}],\"modified\":\"2021-10-21T10:23:58.373Z\",\"name\":\"Termin-Praxis-Button\"}]},{\"name\":\"\",\"type\":\"column\",\"props\":{\"image_position\":\"center-center\",\"vertical_align\":\"middle\",\"media_overlay_gradient\":\"\",\"width_medium\":\"1-2\",\"order_first\":\"m\"},\"children\":[{\"type\":\"headline\",\"props\":{\"title_element\":\"h1\",\"content\":\"Hom\\u00f6opathie\",\"title_style\":\"h1\",\"title_color\":\"primary\",\"maxwidth\":\"large\",\"block_align\":\"center\",\"text_align\":\"left\",\"text_align_breakpoint\":\"m\",\"text_align_fallback\":\"center\"}}]}]},{\"name\":\"\",\"type\":\"row\",\"props\":{\"layout\":\"1-2,1-2\",\"vertical_align\":true,\"width\":\"expand\"},\"children\":[{\"name\":\"\",\"type\":\"column\",\"props\":{\"image_position\":\"center-center\",\"vertical_align\":\"middle\",\"media_overlay_gradient\":\"\",\"width_medium\":\"1-2\"},\"children\":[{\"type\":\"text\",\"props\":{\"margin\":\"default\",\"column_breakpoint\":\"m\",\"content\":\"\n\n<p>Der Begriff \\u201eHom\\u00f6opathie\\u201c kommt von dem griechischen Ausdruck \\u201ehomoios pathos\\u201c, was in der \\u00dcbersetzung so viel bedeutet wie \\u201e\\u00c4hnliches Leiden\\u201c. Der Name zeigt, dass in der Hom\\u00f6opathie Krankheitserscheinungen nicht mit gegens\\u00e4tzlich wirkenden Arzneimitteln behandelt werden, sondern mit Mitteln, die bei einem gesunden Menschen \\u00e4hnliche Symptome, wie bei dem Patienten, ausl\\u00f6sen k\\u00f6nnten.<\\\/p>\\n\n\n<p>In der Medizin-Geschichte kam dieses \\u00c4hnlichkeitsprinzip h\\u00e4ufig zum Tragen. Der deutsche Arzt Samuel Hahnemann hat es im sp\\u00e4ten 18. Jahrhundert umfassend erforscht und beschrieben. Seither wird es erfolgreich mit ihrer sanften und doch zuverl\\u00e4ssigen Wirkung angewandt.<\\\/p>\",\"maxwidth\":\"large\",\"block_align\":\"center\"}}]},{\"name\":\"\",\"type\":\"column\",\"props\":{\"image_position\":\"center-center\",\"style\":\"primary\",\"vertical_align\":\"middle\",\"media_overlay_gradient\":\"\",\"width_medium\":\"1-2\"},\"children\":[{\"name\":\"\",\"type\":\"image\",\"props\":{\"margin\":\"default\",\"image\":\"wp-content\\\/uploads\\\/2021\\\/11\\\/HCB_Homoe_Gingko-Blatt.jpg\",\"image_width\":\"840\",\"animation\":\"parallax\",\"parallax_x_start\":\"-100\",\"parallax_x_end\":\"-50\",\"parallax_breakpoint\":\"l\",\"image_svg_color\":\"emphasis\",\"image_alt\":\"Ginko\"}}]}]}]},{\"type\":\"section\",\"props\":{\"style\":\"muted\",\"width\":\"default\",\"vertical_align\":\"middle\",\"title_position\":\"top-left\",\"title_rotation\":\"left\",\"title_breakpoint\":\"xl\",\"image_position\":\"center-center\"},\"children\":[{\"type\":\"row\",\"children\":[{\"type\":\"column\",\"props\":{\"image_position\":\"center-center\",\"media_overlay_gradient\":\"\"},\"children\":[{\"type\":\"headline\",\"props\":{\"title_element\":\"h2\",\"content\":\"Hom\\u00f6opathische Arzneimittel\",\"title_style\":\"h2\",\"title_decoration\":\"line\"}},{\"type\":\"headline\",\"props\":{\"title_element\":\"div\",\"content\":\"Die Arzneimittelpr\\u00fcfung\",\"title_style\":\"h5\"}},{\"type\":\"text\",\"props\":{\"margin\":\"default\",\"column_breakpoint\":\"m\",\"content\":\"\n\n<p>Um ein Mittel entsprechend der Denkweise des \\u00c4hnlichkeitsprinzips anwenden zu k\\u00f6nnen, muss man eine m\\u00f6glichst genaue Vorstellung seiner Wirkweise haben. Diese erreicht man durch Pr\\u00fcfung an Gesunden und kann dabei beobachten, welche Symptome sich daraufhin einstellen. Je mehr Personen sich an einer solchen Pr\\u00fcfung beteiligen, umso aufschlussreicher und feiner ist das Ergebnis, da jeder Mensch unterschiedlich auf Reize reagiert. Dieses Wissen ist in Verzeichnissen, der sog. \\u201eMateria medica\\u201c, dokumentiert.<\\\/p>\"}},{\"type\":\"headline\",\"props\":{\"title_element\":\"div\",\"content\":\"Wie funktioniert die Hom\\u00f6opathie?\",\"title_style\":\"h5\"}},{\"type\":\"text\",\"props\":{\"margin\":\"default\",\"column_breakpoint\":\"m\",\"content\":\"\n\n<p>\\u201e\\u00c4hnliches soll durch \\u00c4hnliches geheilt werden\\u201c ist der Lehrsatz der klassischen Hom\\u00f6opathie. Das hei\\u00dft, dass f\\u00fcr jeden Krankheitszustand ein Mittel gefunden werden muss, das die typischen Symptome auszul\\u00f6sen vermag. Krankheiten laufen bei den Menschen unterschiedlich ab, dem tr\\u00e4gt die Hom\\u00f6opathie im Besonderen Rechnung. Die Hom\\u00f6opathen schreiben sich bei jedem Patienten die vorliegenden Symptome auf, vergleichen sie mit den Mitteln aus der Materia medica und verordnen dann ein einziges Mittel, das m\\u00f6glichst gut zu den Beschwerden passt.<\\\/p>\"}},{\"type\":\"text\",\"props\":{\"margin\":\"default\",\"column_breakpoint\":\"m\",\"content\":\"\n\n<p>Hom\\u00f6opathische Mittel sind in Form von Globuli, Tabletten, Tropfen und als Injektionen vorhanden.<\\\/p>\",\"text_style\":\"meta\"}}]}],\"props\":{\"width\":\"xlarge\"}}],\"name\":\"Arzneimittel\"}],\"version\":\"2.5.10\"} --><\/p>\n","protected":false},"excerpt":{"rendered":"<p>Termin buchen Praxis besuchen Hom\u00f6opathie Der Begriff \u201eHom\u00f6opathie\u201c kommt von dem griechischen Ausdruck \u201ehomoios pathos\u201c, was in der \u00dcbersetzung so viel bedeutet wie \u201e\u00c4hnliches Leiden\u201c. Der Name zeigt, dass in der Hom\u00f6opathie Krankheitserscheinungen nicht mit gegens\u00e4tzlich wirkenden Arzneimitteln behandelt werden, sondern mit Mitteln, die bei einem gesunden Menschen \u00e4hnliche Symptome, wie bei dem Patienten, ausl\u00f6sen [&hellip;]<\/p>\n","protected":false},"author":2,"featured_media":0,"parent":0,"menu_order":6,"comment_status":"closed","ping_status":"closed","template":"","meta":{"footnotes":""},"class_list":["post-239","page","type-page","status-publish","hentry"],"_links":{"self":[{"href":"https:\/\/heilpraktiker-carmen-bauer.de\/de\/wp-json\/wp\/v2\/pages\/239","targetHints":{"allow":["GET"]}}],"collection":[{"href":"https:\/\/heilpraktiker-carmen-bauer.de\/de\/wp-json\/wp\/v2\/pages"}],"about":[{"href":"https:\/\/heilpraktiker-carmen-bauer.de\/de\/wp-json\/wp\/v2\/types\/page"}],"author":[{"embeddable":true,"href":"https:\/\/heilpraktiker-carmen-bauer.de\/de\/wp-json\/wp\/v2\/users\/2"}],"replies":[{"embeddable":true,"href":"https:\/\/heilpraktiker-carmen-bauer.de\/de\/wp-json\/wp\/v2\/comments?post=239"}],"version-history":[{"count":16,"href":"https:\/\/heilpraktiker-carmen-bauer.de\/de\/wp-json\/wp\/v2\/pages\/239\/revisions"}],"predecessor-version":[{"id":457,"href":"https:\/\/heilpraktiker-carmen-bauer.de\/de\/wp-json\/wp\/v2\/pages\/239\/revisions\/457"}],"wp:attachment":[{"href":"https:\/\/heilpraktiker-carmen-bauer.de\/de\/wp-json\/wp\/v2\/media?parent=239"}],"curies":[{"name":"wp","href":"https:\/\/api.w.org\/{rel}","templated":true}]}}