{"id":270,"date":"2021-10-19T13:14:34","date_gmt":"2021-10-19T13:14:34","guid":{"rendered":"http:\/\/neuwp.heilpraktiker-carmen-bauer.de\/?page_id=270"},"modified":"2023-02-23T10:52:06","modified_gmt":"2023-02-23T10:52:06","slug":"naturheilpraxis","status":"publish","type":"page","link":"https:\/\/heilpraktiker-carmen-bauer.de\/de\/naturheilpraxis\/","title":{"rendered":"Naturheilpraxis"},"content":{"rendered":"<ul>\n<li>\n<\/li>\n<li>\n<p>        <img decoding=\"async\" src=\"\/wp-content\/uploads\/2022\/05\/024-scaled.jpg\" alt=\"Behandlung Naturheilpraxis\"><\/p>\n<\/li>\n<li>\n<\/li>\n<li>\n<p>        <img decoding=\"async\" src=\"\/wp-content\/uploads\/2021\/12\/IMG_0935-Kopie-Kopie-6-scaled.jpg\" alt=\"\"><\/p>\n<\/li>\n<li>\n<p>        <img decoding=\"async\" src=\"\/wp-content\/uploads\/2022\/05\/021a-scaled.jpg\" alt=\"Chinesische Medizin\"><\/p>\n<\/li>\n<li>\n<p>        <img decoding=\"async\" src=\"\/wp-content\/uploads\/2022\/05\/020-scaled.jpg\" alt=\"Therapie Naturheilpraxis\"><\/p>\n<\/li>\n<\/ul>\n<h1>Naturheilpraxis in N\u00fcrnberg<\/h1>\n<ul>\n<li>\n<div>\n<p>Naturheilpraxis Carmen Bauer<br \/>F\u00fcrther Stra\u00dfe 165<br \/>90429 N\u00fcrnberg<\/p>\n<\/div>\n<\/li>\n<li>\n<div>\n<p>0911-14 40 82 13<\/p>\n<\/div>\n<\/li>\n<li>\n<div>\n<p>0157-31 31 34 15<\/p>\n<\/div>\n<\/li>\n<li>\n<div>\n<p>heilpraktiker@carmen-bauer.com<\/p>\n<\/div>\n<\/li>\n<\/ul>\n<h3>Anfahrt<\/h3>\n<ul>\n<li>\n<p>        <img decoding=\"async\" src=\"\/wp-content\/uploads\/2021\/10\/HCB_Praxis_Auto.svg\" alt=\"Naturheilpraxis N\u00fcrnberg Anfahrt mit dem Auto\"><\/p>\n<div>\n<p>Adam-Klein-Stra\u00dfe bzw. Lenaustra\u00dfe ins Navigationssystem eingeben und dort parken<\/p>\n<\/div>\n<\/li>\n<li>\n<p>        <img decoding=\"async\" src=\"\/wp-content\/uploads\/2021\/11\/HCB_Praxis_UBahn.svg\" alt=\"Naturheilpraxis N\u00fcrnberg Anfahrt mit der U-Bahn\"><\/p>\n<div>\n<p><span>U1: Haltestelle Maximilianstra\u00dfe (Ausgang\u00a0 Maximilian-\/Lenaustra\u00dfe), <br \/>von dort aus 1 Minute Fu\u00dfweg in die F\u00fcrther Stra\u00dfe 165 <br \/>(von Hbf N\u00fcrnberg sowie von Hbf F\u00fcrth jeweils 7 Minuten Fahrzeit)<\/span><\/p>\n<\/div>\n<\/li>\n<\/ul>\n<div>\n<p>49.4559,11.0398<\/p>\n<div>Naturheilpraxis<\/div>\n<p>Carmen Bauer<\/p>\n<\/div>\n<p><!--more--><br \/>\n<!-- {\"name\":\"Therapie\",\"type\":\"layout\",\"children\":[{\"type\":\"section\",\"props\":{\"style\":\"default\",\"width\":\"\",\"vertical_align\":\"middle\",\"title_position\":\"top-left\",\"title_rotation\":\"left\",\"title_breakpoint\":\"xl\",\"image_position\":\"center-center\",\"padding\":\"none\"},\"children\":[{\"type\":\"row\",\"children\":[{\"type\":\"column\",\"props\":{\"image_position\":\"center-center\",\"media_overlay_gradient\":\"\",\"position_sticky_breakpoint\":\"m\"},\"children\":[{\"type\":\"slideshow\",\"props\":{\"show_title\":true,\"show_meta\":true,\"show_content\":true,\"show_link\":true,\"show_thumbnail\":true,\"slideshow_min_height\":\"\",\"slideshow_autoplay_pause\":true,\"nav\":\"dotnav\",\"nav_position\":\"bottom-center\",\"nav_position_margin\":\"medium\",\"nav_align\":\"center\",\"nav_breakpoint\":\"s\",\"thumbnav_width\":\"100\",\"thumbnav_height\":\"75\",\"thumbnav_svg_color\":\"emphasis\",\"slidenav\":\"default\",\"slidenav_margin\":\"medium\",\"slidenav_breakpoint\":\"s\",\"slidenav_outside_breakpoint\":\"xl\",\"overlay_position\":\"center-left\",\"overlay_animation\":\"parallax\",\"title_element\":\"h3\",\"meta_style\":\"meta\",\"meta_align\":\"below-title\",\"meta_element\":\"div\",\"link_text\":\"Read more\",\"link_style\":\"default\",\"margin\":\"default\",\"slideshow_height\":\"full\",\"slidenav_large\":true,\"slidenav_hover\":true,\"slideshow_autoplay\":true,\"slideshow_autoplay_interval\":\"7\",\"slideshow_animation\":\"\",\"slideshow_velocity\":\"0.3\"},\"children\":[{\"type\":\"slideshow_item\",\"props\":{\"image\":\"\",\"image_alt\":\"Praxis au\\u00dfen\"}},{\"type\":\"slideshow_item\",\"props\":{\"image\":\"wp-content\\\/uploads\\\/2022\\\/05\\\/024-scaled.jpg\",\"image_alt\":\"Behandlung Naturheilpraxis\"}},{\"type\":\"slideshow_item\",\"props\":{\"image\":\"\"}},{\"type\":\"slideshow_item\",\"props\":{\"image\":\"wp-content\\\/uploads\\\/2021\\\/12\\\/IMG_0935-Kopie-Kopie-6-scaled.jpg\"}},{\"type\":\"slideshow_item\",\"props\":{\"image\":\"wp-content\\\/uploads\\\/2022\\\/05\\\/021a-scaled.jpg\",\"image_alt\":\"Chinesische Medizin\"}},{\"type\":\"slideshow_item\",\"props\":{\"image\":\"wp-content\\\/uploads\\\/2022\\\/05\\\/020-scaled.jpg\",\"image_alt\":\"Therapie Naturheilpraxis\"}}]}]}]}]},{\"name\":\"Adresse\",\"type\":\"section\",\"props\":{\"style\":\"default\",\"width\":\"\",\"vertical_align\":\"middle\",\"title_position\":\"center-left\",\"title_rotation\":\"left\",\"title_breakpoint\":\"xl\",\"image_position\":\"center-center\",\"title\":\"\",\"padding_remove_bottom\":true},\"children\":[{\"name\":\"\",\"type\":\"row\",\"props\":{\"layout\":\"1-2,1-2\",\"vertical_align\":true,\"width\":\"expand\"},\"children\":[{\"name\":\"\",\"type\":\"column\",\"props\":{\"image_position\":\"center-center\",\"vertical_align\":\"middle\",\"media_overlay_gradient\":\"\",\"width_medium\":\"1-2\",\"position_sticky_breakpoint\":\"m\"},\"children\":[{\"type\":\"headline\",\"props\":{\"title_element\":\"h1\",\"content\":\"Naturheilpraxis in N\\u00fcrnberg\",\"title_style\":\"h1\",\"title_color\":\"primary\",\"maxwidth\":\"large\",\"block_align\":\"center\",\"text_align\":\"left\",\"text_align_breakpoint\":\"m\",\"text_align_fallback\":\"center\"}},{\"type\":\"list\",\"props\":{\"show_image\":true,\"show_link\":true,\"list_element\":\"ul\",\"column_breakpoint\":\"m\",\"image_svg_color\":\"emphasis\",\"image_align\":\"left\",\"image_vertical_align\":true,\"list_marker\":\"\",\"icon\":\"play\",\"icon_color\":\"primary\",\"maxwidth\":\"large\",\"block_align\":\"center\",\"icon_width\":\"30\",\"content_style\":\"h5\",\"list_size\":\"large\",\"list_type\":\"vertical\",\"list_horizontal_separator\":\", \"},\"children\":[{\"type\":\"list_item\",\"props\":{\"content\":\"\n\n<p>Naturheilpraxis Carmen Bauer<br \\\/>F\\u00fcrther Stra\\u00dfe 165<br \\\/>90429 N\\u00fcrnberg<\\\/p>\",\"icon\":\"home\"}},{\"type\":\"list_item\",\"props\":{\"content\":\"\n\n<p>0911-14 40 82 13<\\\/p>\",\"icon\":\"receiver\",\"icon_color\":\"primary\"}},{\"type\":\"list_item\",\"props\":{\"content\":\"\n\n<p>0157-31 31 34 15<\\\/p>\",\"icon\":\"phone\"}},{\"type\":\"list_item\",\"props\":{\"content\":\"\n\n<p>heilpraktiker@carmen-bauer.com<\\\/p>\",\"icon\":\"mail\"}}],\"modified\":\"2021-10-19T12:59:54.836Z\",\"name\":\"Adresse\"}]},{\"name\":\"\",\"type\":\"column\",\"props\":{\"image_position\":\"center-center\",\"style\":\"primary\",\"vertical_align\":\"middle\",\"media_overlay_gradient\":\"\",\"width_medium\":\"1-2\",\"position_sticky_breakpoint\":\"m\"},\"children\":[{\"type\":\"video\",\"props\":{\"video_controls\":true,\"margin\":\"default\"}}]}]}]},{\"name\":\"Anfahrt\",\"type\":\"section\",\"props\":{\"style\":\"default\",\"width\":\"\",\"vertical_align\":\"middle\",\"title_position\":\"center-left\",\"title_rotation\":\"left\",\"title_breakpoint\":\"xl\",\"image_position\":\"center-center\",\"title\":\"\",\"padding_remove_top\":false,\"padding_remove_bottom\":true},\"children\":[{\"name\":\"\",\"type\":\"row\",\"props\":{\"layout\":\"1-2,1-2\",\"vertical_align\":true,\"width\":\"expand\",\"column_gap\":\"large\",\"row_gap\":\"large\"},\"children\":[{\"name\":\"\",\"type\":\"column\",\"props\":{\"image_position\":\"center-center\",\"vertical_align\":\"middle\",\"media_overlay_gradient\":\"\",\"width_medium\":\"1-2\",\"position_sticky_breakpoint\":\"m\"},\"children\":[{\"type\":\"headline\",\"props\":{\"title_element\":\"h3\",\"content\":\"Anfahrt\",\"title_style\":\"h3\",\"title_color\":\"primary\",\"maxwidth\":\"large\",\"block_align\":\"center\",\"text_align\":\"left\",\"text_align_breakpoint\":\"m\",\"text_align_fallback\":\"center\"}},{\"type\":\"list\",\"props\":{\"show_image\":true,\"show_link\":true,\"list_element\":\"ul\",\"column_breakpoint\":\"m\",\"image_svg_color\":\"\",\"image_align\":\"left\",\"image_vertical_align\":true,\"list_marker\":\"\",\"icon\":\"\",\"icon_color\":\"primary\",\"maxwidth\":\"large\",\"block_align\":\"center\",\"icon_width\":\"30\",\"content_style\":\"h5\",\"list_size\":\"large\",\"image_svg_inline\":false,\"image_svg_animate\":false,\"image_width\":\"30\",\"list_type\":\"vertical\",\"list_horizontal_separator\":\", \"},\"children\":[{\"type\":\"list_item\",\"props\":{\"content\":\"\n\n<p>Adam-Klein-Stra\\u00dfe bzw. Lenaustra\\u00dfe ins Navigationssystem eingeben und dort parken<\\\/p>\",\"icon\":\"\",\"image\":\"wp-content\\\/uploads\\\/2021\\\/10\\\/HCB_Praxis_Auto.svg\",\"image_alt\":\"Naturheilpraxis N\\u00fcrnberg Anfahrt mit dem Auto\"}},{\"type\":\"list_item\",\"props\":{\"content\":\"\n\n<p><span>U1: Haltestelle Maximilianstra\\u00dfe (Ausgang\\u00a0 Maximilian-\\\/Lenaustra\\u00dfe), <br \\\/>von dort aus 1 Minute Fu\\u00dfweg in die F\\u00fcrther Stra\\u00dfe 165 <br \\\/>(von Hbf N\\u00fcrnberg sowie von Hbf F\\u00fcrth jeweils 7 Minuten Fahrzeit)<\\\/span><\\\/p>\",\"icon\":\"\",\"image\":\"wp-content\\\/uploads\\\/2021\\\/11\\\/HCB_Praxis_UBahn.svg\",\"image_alt\":\"Naturheilpraxis N\\u00fcrnberg Anfahrt mit der U-Bahn\"}}],\"modified\":\"2021-10-19T12:59:54.836Z\",\"name\":\"Adresse\"}]},{\"name\":\"\",\"type\":\"column\",\"props\":{\"image_position\":\"center-center\",\"style\":\"muted\",\"vertical_align\":\"middle\",\"media_overlay_gradient\":\"\",\"width_medium\":\"1-2\",\"order_first\":\"m\",\"position_sticky_breakpoint\":\"m\"},\"children\":[{\"type\":\"map\",\"props\":{\"show_title\":true,\"show_meta\":true,\"show_content\":true,\"show_image\":true,\"show_link\":true,\"type\":\"roadmap\",\"zoom\":\"12\",\"controls\":true,\"zooming\":false,\"dragging\":false,\"min_zoom\":0,\"max_zoom\":18,\"title_hover_style\":\"reset\",\"title_element\":\"div\",\"meta_style\":\"h5\",\"meta_align\":\"below-title\",\"meta_element\":\"div\",\"image_svg_color\":\"emphasis\",\"link_text\":\"Read more\",\"link_style\":\"default\",\"margin\":\"default\",\"title_margin\":\"small\",\"meta_margin\":\"remove\",\"title_color\":\"primary\",\"title_style\":\"h3\"},\"children\":[{\"type\":\"map_item\",\"props\":{\"location\":\"49.4559,11.0398\",\"title\":\"Naturheilpraxis\",\"meta\":\"Carmen Bauer\"}}]}]}]}]}],\"version\":\"2.7.21\"} --><\/p>\n","protected":false},"excerpt":{"rendered":"<p>Naturheilpraxis in N\u00fcrnberg Naturheilpraxis Carmen BauerF\u00fcrther Stra\u00dfe 16590429 N\u00fcrnberg 0911-14 40 82 13 0157-31 31 34 15 heilpraktiker@carmen-bauer.com Anfahrt Adam-Klein-Stra\u00dfe bzw. Lenaustra\u00dfe ins Navigationssystem eingeben und dort parken U1: Haltestelle Maximilianstra\u00dfe (Ausgang\u00a0 Maximilian-\/Lenaustra\u00dfe), von dort aus 1 Minute Fu\u00dfweg in die F\u00fcrther Stra\u00dfe 165 (von Hbf N\u00fcrnberg sowie von Hbf F\u00fcrth jeweils 7 Minuten Fahrzeit) [&hellip;]<\/p>\n","protected":false},"author":2,"featured_media":0,"parent":0,"menu_order":8,"comment_status":"closed","ping_status":"closed","template":"","meta":{"footnotes":""},"class_list":["post-270","page","type-page","status-publish","hentry"],"_links":{"self":[{"href":"https:\/\/heilpraktiker-carmen-bauer.de\/de\/wp-json\/wp\/v2\/pages\/270","targetHints":{"allow":["GET"]}}],"collection":[{"href":"https:\/\/heilpraktiker-carmen-bauer.de\/de\/wp-json\/wp\/v2\/pages"}],"about":[{"href":"https:\/\/heilpraktiker-carmen-bauer.de\/de\/wp-json\/wp\/v2\/types\/page"}],"author":[{"embeddable":true,"href":"https:\/\/heilpraktiker-carmen-bauer.de\/de\/wp-json\/wp\/v2\/users\/2"}],"replies":[{"embeddable":true,"href":"https:\/\/heilpraktiker-carmen-bauer.de\/de\/wp-json\/wp\/v2\/comments?post=270"}],"version-history":[{"count":41,"href":"https:\/\/heilpraktiker-carmen-bauer.de\/de\/wp-json\/wp\/v2\/pages\/270\/revisions"}],"predecessor-version":[{"id":770,"href":"https:\/\/heilpraktiker-carmen-bauer.de\/de\/wp-json\/wp\/v2\/pages\/270\/revisions\/770"}],"wp:attachment":[{"href":"https:\/\/heilpraktiker-carmen-bauer.de\/de\/wp-json\/wp\/v2\/media?parent=270"}],"curies":[{"name":"wp","href":"https:\/\/api.w.org\/{rel}","templated":true}]}}