{"id":298,"date":"2021-10-19T18:12:31","date_gmt":"2021-10-19T18:12:31","guid":{"rendered":"http:\/\/neuwp.heilpraktiker-carmen-bauer.de\/?page_id=298"},"modified":"2023-02-23T10:52:36","modified_gmt":"2023-02-23T10:52:36","slug":"heilpraktiker-nuernberg-erfahrungen","status":"publish","type":"page","link":"https:\/\/heilpraktiker-carmen-bauer.de\/de\/heilpraktiker-nuernberg-erfahrungen\/","title":{"rendered":"Heilpraktiker N\u00fcrnberg Erfahrungen"},"content":{"rendered":"<p><img decoding=\"async\" src=\"\/wp-content\/uploads\/2021\/10\/HCB_Kunden_Hero.jpg\" alt=\"Heilpraktiker N\u00fcrnberg Erfahrungen\"><\/p>\n<h1>Kundenstimmen<\/h1>\n<h2>Lesen Sie, welche Erfahrungen meine Kunden mit mir als ihrer Heilpraktikerin in N\u00fcrnberg gemacht haben.<\/h2>\n<ul>\n<li>\n<h3>K.W.<\/h3>\n<p>K. W.<\/p>\n<div>\n<p><em>\u201eIch m\u00f6chte mich bei Ihnen bedanken f\u00fcr die <a href=\"http:\/\/neuwp.heilpraktiker-carmen-bauer.de\/hypnose\/\">Hypnose<\/a>! Ich habe gestern meine letzte schriftliche Pr\u00fcfung geschrieben und ich war deutlich entspannter als bei allen Pr\u00fcfungen in den letzten Jahren. Auch das Lernen ist mir viel leichter gefallen und ich war nicht durch meine st\u00e4ndige Angst abgelenkt, sondern konnte mich auf den Stoff konzentrieren. Ich bin unglaublich gl\u00fccklich dar\u00fcber, wie sich meine psychische Verfassung gebessert hat. Ich habe in den letzten 10 Jahren schon lange nicht mehr so entspannt Pr\u00fcfungen geschrieben.\u201c<\/em><\/p>\n<\/div>\n<\/li>\n<li>\n<h3>S. D.<\/h3>\n<p>S. D.<\/p>\n<div>\n<p><em>\u201eDurch die Behandlung mit <a href=\"http:\/\/neuwp.heilpraktiker-carmen-bauer.de\/akupunktur\/\">Akupunktur<\/a> hat Frau Bauer mich von meiner langj\u00e4hrigen Entz\u00fcndung der Achillessehne befreit. Ich bin seit einem halben Jahr schmerzfrei und Frau Bauer sehr dankbar.\u201c<\/em><\/p>\n<\/div>\n<\/li>\n<li>\n<h3>B. K.<\/h3>\n<p>B. K.<\/p>\n<div>\n<p><em>\u201eIch m\u00f6chte mich bei Frau Bauer bedanken, dass sie einen Weg gefunden hat, mir bei meiner chronischen Erkrankung zu helfen. Sie konnte, u.a. durch <a href=\"http:\/\/neuwp.heilpraktiker-carmen-bauer.de\/akupunktur\/\">Akupunktur<\/a>, immer wieder gegensteuern, dass sich mein Gesundheitszustand nicht verschlechtert, sondern sogar verbessert hat! Vielen herzlichen Dank f\u00fcr Ihre Art und Weise, den Menschen als Ganzes zu sehen und so vielen Dingen auf die Spur zu kommen.\u201c<\/em><\/p>\n<\/div>\n<\/li>\n<li>\n<h3>R. K.<\/h3>\n<p>R. K.<\/p>\n<div>\n<p><em>\u201eIch bin schon seit l\u00e4ngerem bei Frau Bauer in Behandlung und bin f\u00fcr alles dankbar, was sie durch die Therapien bei mir erreicht hat. Ich habe durch ihre Behandlung keine extreme Pr\u00fcfungsangst mehr und durch die <a href=\"http:\/\/neuwp.heilpraktiker-carmen-bauer.de\/akupunktur\/\">Akupunktur<\/a> sind meine Panikattacken weniger geworden. Auch meine R\u00fcckenschmerzen hat sie langanhaltend verbessert. Sie h\u00f6rt einem gut zu, geht auf einen ein und ist sehr professionell. Vielen Dank daf\u00fcr!\u201c<\/em><\/p>\n<\/div>\n<\/li>\n<li>\n<h3>N. S.<\/h3>\n<p>N. S.<\/p>\n<div>\n<p><em>\u201eFrau Bauer ist bisher die beste Heilpraktikerin, die ich kennenlernen durfte. Sie ist sehr vertrauensw\u00fcrdig, empathisch und hatte bei jedem Problem einen super Ratschlag. Durch Sie habe ich mein Leben verbessert. Ohne Ihre Unterst\u00fctzung w\u00e4re ich nie so weit gekommen. Ich habe jede einzelne Stunde bei ihr genossen! Ein gro\u00dfes Dankesch\u00f6n f\u00fcr Ihre tolle Arbeit! Weiter so :-)\u201c<\/em><\/p>\n<\/div>\n<\/li>\n<li>\n<h3>J. S.<\/h3>\n<p>J. S.<\/p>\n<div>\n<p class=\"p1\"><em>\u201eIch war bereits mehrfach bei Frau Bauer in Behandlung und kann sie nur weiterempfehlen! Sie ist stets auf meine Belange eingegangen und hat ihre Vorschl\u00e4ge mit mir abgestimmt. Ich habe mich dabei nie unter Entscheidungsdruck gef\u00fchlt, wenn mir eine Methode nicht entsprach. Das hat mir besonders gut gefallen! Eine Verbesserung der Symptome war stets gegeben!! Vielen lieben Dank! Bis zum n\u00e4chsten Mal <\/em><span class=\"s1\">\ud83d\ude42 <\/span><em>!\u201c<\/em><\/p>\n<\/div>\n<\/li>\n<li>\n<h3>C.G.<\/h3>\n<p>C.G.<\/p>\n<div>\n<p><em>\u201eWegen wiederkehrender R\u00fcckenschmerzen, die bereits mehrere Jahre anhielten, war ich bei Carmen Bauer zur Dorn-Breuss-Behandlung. Sie konnte schnell und wirksam verschiedene Blockaden l\u00f6sen. Auch wenn sp\u00e4ter wieder einmal Schmerzen auftraten, lie\u00dfen diese sich durch einen erneuten Besuch bei Carmen Bauer gut in den Griff bekommen. Ich sch\u00e4tze ihre kompetente und empathische Art sehr und f\u00fchle mich bei ihr bestens behandelt.\u201c<\/em><\/p>\n<\/div>\n<\/li>\n<li>\n<h3>A. S.<\/h3>\n<p>A. S.<\/p>\n<div>\n<p><em>&#8222;Wegen zahlreicher Beschwerden, f\u00fcr die ich mir vor allem von der TCM Hilfe erhoffte, ging ich zu Frau Bauer. Im Laufe des Behandlungszeitraums besserten sich meine Leiden dann entweder oder sie vergingen v\u00f6llig, wie etwa meine R\u00fcckenschmerzen. Bei Letzterem wirkten vor allem Frau Bauers intensive Dorn-Preu\u00df-Behandlungen. Mit am hilfreichsten aber war, dass sie eine wesentliche Ursache anderer Symptome von mir, meine Histaminintoleranz herausfand.<\/em><\/p>\n<p><em>Sie schafft das alles deswegen, weil sie ausf\u00fchrlich zuh\u00f6rt und dadurch zu einer guten Anamnese kommt. Sie wei\u00df medizinisch unglaublich viel und verf\u00fcgt au\u00dferdem \u00fcber ein umfangreiches Spektrum von Behandlungsmethoden, wobei mich immer wieder neu faszinierte, an welch vielf\u00e4ltigen Stellen sie die Akupunktur-Nadeln setzte.<\/em><\/p>\n<p><em>Um den Heilungsprozess zu unterst\u00fctzen, gab sie mir obendrein zahlreiche Tipps f\u00fcr Zuhause.<\/em><\/p>\n<p><em>Nicht zuletzt unterst\u00fctzte sie mich dabei &#8211; weil sie sehr gut Gespr\u00e4che f\u00fchren kann &#8211; durch eine pers\u00f6nlich schwere Zeit zu gelangen.<\/em><\/p>\n<p><em>Kurzum: Frau Bauer ist eine fachlich und menschlich tolle Heilpraktikerin.&#8220;<\/em><\/p>\n<\/div>\n<\/li>\n<\/ul>\n<p><!--more--><br \/>\n<!-- {\"name\":\"Therapie\",\"type\":\"layout\",\"children\":[{\"name\":\"Hero\",\"type\":\"section\",\"props\":{\"style\":\"default\",\"width\":\"\",\"vertical_align\":\"middle\",\"title_position\":\"top-left\",\"title_rotation\":\"left\",\"title_breakpoint\":\"xl\",\"image_position\":\"center-center\",\"padding_remove_top\":false,\"padding_remove_bottom\":false,\"padding\":\"none\"},\"children\":[{\"name\":\"\",\"type\":\"row\",\"children\":[{\"name\":\"\",\"type\":\"column\",\"props\":{\"image_position\":\"center-center\",\"media_overlay_gradient\":\"\",\"width_medium\":\"1-1\"},\"children\":[{\"type\":\"image\",\"props\":{\"margin\":\"default\",\"image_svg_color\":\"emphasis\",\"image\":\"wp-content\\\/uploads\\\/2021\\\/10\\\/HCB_Kunden_Hero.jpg\",\"image_alt\":\"Heilpraktiker N\\u00fcrnberg Erfahrungen\",\"margin_remove_bottom\":false}}]}]}]},{\"name\":\"Kundenstimmen\",\"type\":\"section\",\"props\":{\"style\":\"default\",\"width\":\"\",\"vertical_align\":\"middle\",\"title_position\":\"center-left\",\"title_rotation\":\"left\",\"title_breakpoint\":\"xl\",\"image_position\":\"center-center\",\"title\":\"\",\"padding_remove_bottom\":true},\"children\":[{\"name\":\"\",\"type\":\"row\",\"props\":{\"vertical_align\":true,\"width\":\"expand\"},\"children\":[{\"name\":\"\",\"type\":\"column\",\"props\":{\"image_position\":\"center-center\",\"vertical_align\":\"middle\",\"media_overlay_gradient\":\"\",\"width_medium\":\"\"},\"children\":[{\"type\":\"headline\",\"props\":{\"title_element\":\"h1\",\"content\":\"Kundenstimmen\",\"title_style\":\"h1\",\"title_color\":\"primary\",\"block_align\":\"center\",\"text_align\":\"center\",\"text_align_fallback\":\"center\",\"margin\":\"large\",\"margin_remove_bottom\":true}},{\"type\":\"headline\",\"props\":{\"title_element\":\"h2\",\"content\":\"Lesen Sie, welche Erfahrungen meine Kunden mit mir als ihrer Heilpraktikerin in N\\u00fcrnberg gemacht haben.\",\"title_style\":\"h6\",\"block_align\":\"center\",\"text_align\":\"center\",\"text_align_fallback\":\"center\",\"margin\":\"medium\",\"margin_remove_bottom\":true,\"title_font_family\":\"tertiary\"}},{\"type\":\"grid\",\"props\":{\"show_title\":false,\"show_meta\":true,\"show_content\":true,\"show_image\":true,\"show_link\":true,\"grid_default\":\"1\",\"grid_medium\":\"3\",\"filter_style\":\"tab\",\"filter_all\":true,\"filter_position\":\"top\",\"filter_align\":\"left\",\"filter_grid_width\":\"auto\",\"filter_grid_breakpoint\":\"m\",\"title_hover_style\":\"reset\",\"title_element\":\"h3\",\"title_align\":\"top\",\"title_grid_width\":\"1-2\",\"title_grid_breakpoint\":\"m\",\"meta_style\":\"meta\",\"meta_align\":\"below-content\",\"meta_element\":\"div\",\"content_column_breakpoint\":\"m\",\"icon_width\":80,\"image_align\":\"top\",\"image_grid_width\":\"1-2\",\"image_grid_breakpoint\":\"m\",\"image_svg_color\":\"emphasis\",\"link_text\":\"Read more\",\"link_style\":\"default\",\"margin\":\"default\",\"item_animation\":true,\"grid_small\":\"2\",\"panel_style\":\"card-default\",\"meta_color\":\"primary\",\"grid_row_align\":false,\"grid_masonry\":true,\"grid_parallax\":\"\",\"grid_column_align\":false},\"children\":[{\"type\":\"grid_item\",\"props\":{\"content\":\"\n\n<p><em>\\u201eIch m\\u00f6chte mich bei Ihnen bedanken f\\u00fcr die <a href=\\\"http:\\\/\\\/neuwp.heilpraktiker-carmen-bauer.de\\\/hypnose\\\/\\\">Hypnose<\\\/a>! Ich habe gestern meine letzte schriftliche Pr\\u00fcfung geschrieben und ich war deutlich entspannter als bei allen Pr\\u00fcfungen in den letzten Jahren. Auch das Lernen ist mir viel leichter gefallen und ich war nicht durch meine st\\u00e4ndige Angst abgelenkt, sondern konnte mich auf den Stoff konzentrieren. Ich bin unglaublich gl\\u00fccklich dar\\u00fcber, wie sich meine psychische Verfassung gebessert hat. Ich habe in den letzten 10 Jahren schon lange nicht mehr so entspannt Pr\\u00fcfungen geschrieben.\\u201c<\\\/em><\\\/p>\",\"meta\":\"K. W.\",\"title\":\"K.W.\"}},{\"type\":\"grid_item\",\"props\":{\"content\":\"\n\n<p><em>\\u201eDurch die Behandlung mit <a href=\\\"http:\\\/\\\/neuwp.heilpraktiker-carmen-bauer.de\\\/akupunktur\\\/\\\">Akupunktur<\\\/a> hat Frau Bauer mich von meiner langj\\u00e4hrigen Entz\\u00fcndung der Achillessehne befreit. Ich bin seit einem halben Jahr schmerzfrei und Frau Bauer sehr dankbar.\\u201c<\\\/em><\\\/p>\",\"meta\":\"S. D.\",\"title\":\"S. D.\"}},{\"type\":\"grid_item\",\"props\":{\"content\":\"\n\n<p><em>\\u201eIch m\\u00f6chte mich bei Frau Bauer bedanken, dass sie einen Weg gefunden hat, mir bei meiner chronischen Erkrankung zu helfen. Sie konnte, u.a. durch <a href=\\\"http:\\\/\\\/neuwp.heilpraktiker-carmen-bauer.de\\\/akupunktur\\\/\\\">Akupunktur<\\\/a>, immer wieder gegensteuern, dass sich mein Gesundheitszustand nicht verschlechtert, sondern sogar verbessert hat! Vielen herzlichen Dank f\\u00fcr Ihre Art und Weise, den Menschen als Ganzes zu sehen und so vielen Dingen auf die Spur zu kommen.\\u201c<\\\/em><\\\/p>\",\"meta\":\"B. K.\",\"title\":\"B. K.\"}},{\"type\":\"grid_item\",\"props\":{\"content\":\"\n\n<p><em>\\u201eIch bin schon seit l\\u00e4ngerem bei Frau Bauer in Behandlung und bin f\\u00fcr alles dankbar, was sie durch die Therapien bei mir erreicht hat. Ich habe durch ihre Behandlung keine extreme Pr\\u00fcfungsangst mehr und durch die <a href=\\\"http:\\\/\\\/neuwp.heilpraktiker-carmen-bauer.de\\\/akupunktur\\\/\\\">Akupunktur<\\\/a> sind meine Panikattacken weniger geworden. Auch meine R\\u00fcckenschmerzen hat sie langanhaltend verbessert. Sie h\\u00f6rt einem gut zu, geht auf einen ein und ist sehr professionell. Vielen Dank daf\\u00fcr!\\u201c<\\\/em><\\\/p>\",\"meta\":\"R. K.\",\"title\":\"R. K.\"}},{\"type\":\"grid_item\",\"props\":{\"content\":\"\n\n<p><em>\\u201eFrau Bauer ist bisher die beste Heilpraktikerin, die ich kennenlernen durfte. Sie ist sehr vertrauensw\\u00fcrdig, empathisch und hatte bei jedem Problem einen super Ratschlag. Durch Sie habe ich mein Leben verbessert. Ohne Ihre Unterst\\u00fctzung w\\u00e4re ich nie so weit gekommen. Ich habe jede einzelne Stunde bei ihr genossen! Ein gro\\u00dfes Dankesch\\u00f6n f\\u00fcr Ihre tolle Arbeit! Weiter so :-)\\u201c<\\\/em><\\\/p>\",\"meta\":\"N. S.\",\"title\":\"N. S.\"}},{\"type\":\"grid_item\",\"props\":{\"content\":\"\n\n<p class=\\\"p1\\\"><em>\\u201eIch war bereits mehrfach bei Frau Bauer in Behandlung und kann sie nur weiterempfehlen! Sie ist stets auf meine Belange eingegangen und hat ihre Vorschl\\u00e4ge mit mir abgestimmt. Ich habe mich dabei nie unter Entscheidungsdruck gef\\u00fchlt, wenn mir eine Methode nicht entsprach. Das hat mir besonders gut gefallen! Eine Verbesserung der Symptome war stets gegeben!! Vielen lieben Dank! Bis zum n\\u00e4chsten Mal <\\\/em><span class=\\\"s1\\\">\\ud83d\\ude42 <\\\/span><em>!\\u201c<\\\/em><\\\/p>\",\"meta\":\"J. S.\",\"title\":\"J. S.\"}},{\"type\":\"grid_item\",\"props\":{\"title\":\"C.G.\",\"meta\":\"C.G.\",\"content\":\"\n\n<p><em>\\u201eWegen wiederkehrender R\\u00fcckenschmerzen, die bereits mehrere Jahre anhielten, war ich bei Carmen Bauer zur Dorn-Breuss-Behandlung. Sie konnte schnell und wirksam verschiedene Blockaden l\\u00f6sen. Auch wenn sp\\u00e4ter wieder einmal Schmerzen auftraten, lie\\u00dfen diese sich durch einen erneuten Besuch bei Carmen Bauer gut in den Griff bekommen. Ich sch\\u00e4tze ihre kompetente und empathische Art sehr und f\\u00fchle mich bei ihr bestens behandelt.\\u201c<\\\/em><\\\/p>\"}},{\"type\":\"grid_item\",\"props\":{\"content\":\"\n\n<p><em>\\\"Wegen zahlreicher Beschwerden, f\\u00fcr die ich mir vor allem von der TCM Hilfe erhoffte, ging ich zu Frau Bauer. Im Laufe des Behandlungszeitraums besserten sich meine Leiden dann entweder oder sie vergingen v\\u00f6llig, wie etwa meine R\\u00fcckenschmerzen. Bei Letzterem wirkten vor allem Frau Bauers intensive Dorn-Preu\\u00df-Behandlungen. Mit am hilfreichsten aber war, dass sie eine wesentliche Ursache anderer Symptome von mir, meine Histaminintoleranz herausfand.<\\\/em><\\\/p>\\n\n\n<p><em>Sie schafft das alles deswegen, weil sie ausf\\u00fchrlich zuh\\u00f6rt und dadurch zu einer guten Anamnese kommt. Sie wei\\u00df medizinisch unglaublich viel und verf\\u00fcgt au\\u00dferdem \\u00fcber ein umfangreiches Spektrum von Behandlungsmethoden, wobei mich immer wieder neu faszinierte, an welch vielf\\u00e4ltigen Stellen sie die Akupunktur-Nadeln setzte.<\\\/em><\\\/p>\\n\n\n<p><em>Um den Heilungsprozess zu unterst\\u00fctzen, gab sie mir obendrein zahlreiche Tipps f\\u00fcr Zuhause.<\\\/em><\\\/p>\\n\n\n<p><em>Nicht zuletzt unterst\\u00fctzte sie mich dabei - weil sie sehr gut Gespr\\u00e4che f\\u00fchren kann - durch eine pers\\u00f6nlich schwere Zeit zu gelangen.<\\\/em><\\\/p>\\n\n\n<p><em>Kurzum: Frau Bauer ist eine fachlich und menschlich tolle Heilpraktikerin.\\\"<\\\/em><\\\/p>\",\"title\":\"A. S.\",\"meta\":\"A. S.\"}}]}]}]}]}],\"version\":\"2.5.10\"} --><\/p>\n","protected":false},"excerpt":{"rendered":"<p>Kundenstimmen Lesen Sie, welche Erfahrungen meine Kunden mit mir als ihrer Heilpraktikerin in N\u00fcrnberg gemacht haben. K.W. K. W. \u201eIch m\u00f6chte mich bei Ihnen bedanken f\u00fcr die Hypnose! Ich habe gestern meine letzte schriftliche Pr\u00fcfung geschrieben und ich war deutlich entspannter als bei allen Pr\u00fcfungen in den letzten Jahren. Auch das Lernen ist mir viel [&hellip;]<\/p>\n","protected":false},"author":2,"featured_media":0,"parent":0,"menu_order":9,"comment_status":"closed","ping_status":"closed","template":"","meta":{"footnotes":""},"class_list":["post-298","page","type-page","status-publish","hentry"],"_links":{"self":[{"href":"https:\/\/heilpraktiker-carmen-bauer.de\/de\/wp-json\/wp\/v2\/pages\/298","targetHints":{"allow":["GET"]}}],"collection":[{"href":"https:\/\/heilpraktiker-carmen-bauer.de\/de\/wp-json\/wp\/v2\/pages"}],"about":[{"href":"https:\/\/heilpraktiker-carmen-bauer.de\/de\/wp-json\/wp\/v2\/types\/page"}],"author":[{"embeddable":true,"href":"https:\/\/heilpraktiker-carmen-bauer.de\/de\/wp-json\/wp\/v2\/users\/2"}],"replies":[{"embeddable":true,"href":"https:\/\/heilpraktiker-carmen-bauer.de\/de\/wp-json\/wp\/v2\/comments?post=298"}],"version-history":[{"count":22,"href":"https:\/\/heilpraktiker-carmen-bauer.de\/de\/wp-json\/wp\/v2\/pages\/298\/revisions"}],"predecessor-version":[{"id":577,"href":"https:\/\/heilpraktiker-carmen-bauer.de\/de\/wp-json\/wp\/v2\/pages\/298\/revisions\/577"}],"wp:attachment":[{"href":"https:\/\/heilpraktiker-carmen-bauer.de\/de\/wp-json\/wp\/v2\/media?parent=298"}],"curies":[{"name":"wp","href":"https:\/\/api.w.org\/{rel}","templated":true}]}}