{"id":602,"date":"2022-01-30T16:58:23","date_gmt":"2022-01-30T16:58:23","guid":{"rendered":"https:\/\/heilpraktiker-carmen-bauer.de\/?page_id=602"},"modified":"2023-02-23T10:45:12","modified_gmt":"2023-02-23T10:45:12","slug":"terapia-agopuntura","status":"publish","type":"page","link":"https:\/\/heilpraktiker-carmen-bauer.de\/it\/terapia-agopuntura\/","title":{"rendered":"Agopuntura"},"content":{"rendered":"<p><img decoding=\"async\" src=\"\/wp-content\/uploads\/2021\/10\/HCB_Akupunktur_Hero.jpg\" alt=\"Akupunktur und Ohrakupunktur in N\u00fcrnberg\"><\/p>\n<ul>\n<li>\n        <a href=\"\/it\/appuntamenti\/\">Prenota appuntamento<\/a>\n    <\/li>\n<li>\n        <a href=\"\/it\/studio-di-naturopatia\/\">visita virtuale<\/a>\n    <\/li>\n<\/ul>\n<h1>\n<p>Agopuntura e agopuntura dell\u2019orecchio<\/p>\n<\/h1>\n<hr>\n<h2>Agopuntura<\/h2>\n<div>\n<p>Lo scopo dell\u2019agopuntura \u00e8 quello di ristabilire la salute del corpo umano. Per ottenere ci\u00f2 si inseriscono aghi sottili e sterili in punti specifici del corpo. Molti punti di agopuntura si trovano sui cosiddetti meridiani (vie principali) che sono collegati con gli organi interni e possono influenzarli attraverso la stimolazione. Molti di questi punti hanno una chiara influenza sulla situazione psicologica.<\/p>\n<p>L\u2019agopuntura ha effetto su tutto l\u2019organismo e sulla psiche. Per questo \u00e8 parte della<span> Medicina tradizionale cinese<\/span>\u00a0ed \u00e8 usata per una variet\u00e0 di disturbi:<\/p>\n<\/div>\n<ul>\n<li>\n<div>\n<p>Mal di testa ed emicranie<\/p>\n<\/div>\n<\/li>\n<li>\n<div>\n<p>Allergie<\/p>\n<\/div>\n<\/li>\n<li>\n<div>\n<p>Ansia e depressione<\/p>\n<\/div>\n<\/li>\n<li>\n<div>\n<p>Disturbi femminili come la menopausa e i crampi mestruali<\/p>\n<\/div>\n<\/li>\n<li>\n<div>\n<p>Esaurimento e stanchezza<\/p>\n<\/div>\n<\/li>\n<li>\n<div>\n<p>Disturbi del sonno<\/p>\n<\/div>\n<\/li>\n<li>\n<div>\n<p>Disturbi allo stomaco e all\u2018intestino<\/p>\n<\/div>\n<\/li>\n<li>\n<div>\n<p>Problemi alla vescica come la cistite ricorrente<\/p>\n<\/div>\n<\/li>\n<li>\n<div>\n<p>Predisposizione alle infezioni<\/p>\n<\/div>\n<\/li>\n<\/ul>\n<div>\n<p>Si adatta molto bene anche alla prevenzione, alla diagnosi precoce delle malattie e alla gestione dello stress.<\/p>\n<\/div>\n<p><img decoding=\"async\" src=\"\/wp-content\/uploads\/2021\/10\/HCB_Akupunktur_Akupunktur.jpg\" alt=\"Akupunktur in N\u00fcrnberg\"><\/p>\n<h2>\n<p>Agopuntura dell\u2019orecchio secondo Dott. Nogier<\/p>\n<\/h2>\n<div>\n<p>L\u2019agopuntura dell\u2019orecchio \u00e8 una forma di terapia che sorprende per la sua semplicit\u00e0 e allo stesso tempo permette di identificare e trattare la complessit\u00e0 e l\u2019interazione dei disturbi mentali e fisici. Essa deve la sua esistenza al Dott. Nogier, il quale riusc\u00ec, nel 1956, a rintracciare questa antica forma di trattamento e a svilupparla in tutte le sue sfumature.<\/p>\n<p>Nella zona riflessa dell\u2019orecchio \u00e8 raffigurato ogni organo e l\u2019intero essere umano in postura embrionale a testa in gi\u00f9. L\u2019agopuntura dell\u2019orecchio \u00e8 particolarmente efficace per: \u00a0<\/p>\n<\/div>\n<ul>\n<li>\n<div>\n<p>Trattamento del dolore<\/p>\n<\/div>\n<\/li>\n<li>\n<div>\n<p>Trattamento di ansia, panico, malinconia, disturbi vegetativi<\/p>\n<\/div>\n<\/li>\n<li>\n<div>\n<p>Malattie cardiovascolari<\/p>\n<\/div>\n<\/li>\n<li>\n<div>\n<p>Malattie respiratorie<\/p>\n<\/div>\n<\/li>\n<li>\n<div>\n<p>Disturbi gastrointestinali<\/p>\n<\/div>\n<\/li>\n<li>\n<div>\n<p>Disturbi di natura allergica<\/p>\n<\/div>\n<\/li>\n<li>\n<div>\n<p>Disturbi metabolici e ormonali<\/p>\n<\/div>\n<\/li>\n<li>\n<div>\n<p>Problemi da dipendenza<\/p>\n<\/div>\n<\/li>\n<\/ul>\n<p><img decoding=\"async\" src=\"\/wp-content\/uploads\/2021\/10\/HCB_Akupunktur_Ohrakupunktur.jpg\" alt=\"Ohrakupunktur in N\u00fcrnberg\"><\/p>\n<p><!--more--><br \/>\n<!-- {\"name\":\"Akupunktur Ohrakupunktur italienisch\",\"type\":\"layout\",\"children\":[{\"name\":\"Hero\",\"type\":\"section\",\"props\":{\"style\":\"default\",\"width\":\"\",\"vertical_align\":\"middle\",\"title_position\":\"top-left\",\"title_rotation\":\"left\",\"title_breakpoint\":\"xl\",\"image_position\":\"center-center\",\"padding_remove_top\":false,\"padding_remove_bottom\":false,\"padding\":\"none\"},\"children\":[{\"name\":\"\",\"type\":\"row\",\"children\":[{\"name\":\"\",\"type\":\"column\",\"props\":{\"image_position\":\"center-center\",\"media_overlay_gradient\":\"\",\"width_medium\":\"1-1\",\"position_sticky_breakpoint\":\"m\"},\"children\":[{\"type\":\"image\",\"props\":{\"margin\":\"default\",\"image_svg_color\":\"emphasis\",\"image\":\"wp-content\\\/uploads\\\/2021\\\/10\\\/HCB_Akupunktur_Hero.jpg\",\"image_alt\":\"Akupunktur und Ohrakupunktur in N\\u00fcrnberg\",\"margin_remove_bottom\":false}}]}]}]},{\"name\":\"Akupunktur\",\"type\":\"section\",\"props\":{\"style\":\"default\",\"width\":\"\",\"vertical_align\":\"middle\",\"title_position\":\"center-left\",\"title_rotation\":\"left\",\"title_breakpoint\":\"xl\",\"image_position\":\"center-center\",\"title\":\"\",\"padding_remove_bottom\":true},\"children\":[{\"name\":\"\",\"type\":\"row\",\"props\":{\"layout\":\"1-2,1-2\",\"vertical_align\":true,\"width\":\"expand\"},\"children\":[{\"name\":\"\",\"type\":\"column\",\"props\":{\"image_position\":\"center-center\",\"vertical_align\":\"middle\",\"media_overlay_gradient\":\"\",\"width_medium\":\"1-2\",\"position_sticky_breakpoint\":\"m\"},\"children\":[{\"type\":\"button\",\"props\":{\"grid_column_gap\":\"small\",\"grid_row_gap\":\"small\",\"margin\":\"default\",\"maxwidth\":\"large\",\"block_align\":\"center\",\"text_align\":\"center\",\"block_align_fallback\":\"center\"},\"children\":[{\"type\":\"button_item\",\"props\":{\"button_style\":\"secondary\",\"icon_align\":\"right\",\"content\":\"Prenota appuntamento\",\"link\":\"\\\/it\\\/appuntamenti\\\/\",\"icon\":\"clock\"}},{\"type\":\"button_item\",\"props\":{\"button_style\":\"secondary\",\"icon_align\":\"right\",\"content\":\"visita virtuale\",\"link\":\"\\\/it\\\/studio-di-naturopatia\\\/\",\"icon\":\"\"}}],\"modified\":\"2021-10-21T10:23:58.373Z\",\"name\":\"Termin-Praxis-Button\"}]},{\"name\":\"\",\"type\":\"column\",\"props\":{\"image_position\":\"center-center\",\"vertical_align\":\"middle\",\"media_overlay_gradient\":\"\",\"width_medium\":\"1-2\",\"order_first\":\"m\",\"position_sticky_breakpoint\":\"m\"},\"children\":[{\"type\":\"headline\",\"props\":{\"title_element\":\"h1\",\"content\":\"\n\n<p>Agopuntura e agopuntura dell\\u2019orecchio<\\\/p>\",\"title_style\":\"h1\",\"title_color\":\"primary\",\"maxwidth\":\"large\",\"block_align\":\"center\",\"text_align\":\"left\",\"text_align_breakpoint\":\"m\",\"text_align_fallback\":\"center\"}}]}]},{\"name\":\"\",\"type\":\"row\",\"props\":{\"layout\":\"1-2,1-2\",\"vertical_align\":true,\"width\":\"expand\"},\"children\":[{\"name\":\"\",\"type\":\"column\",\"props\":{\"image_position\":\"center-center\",\"vertical_align\":\"middle\",\"media_overlay_gradient\":\"\",\"width_medium\":\"1-2\",\"position_sticky_breakpoint\":\"m\"},\"children\":[{\"type\":\"divider\",\"props\":{\"divider_element\":\"hr\",\"margin\":\"large\"}},{\"type\":\"headline\",\"props\":{\"title_element\":\"h2\",\"content\":\"Agopuntura\",\"title_style\":\"h2\",\"title_color\":\"primary\",\"maxwidth\":\"large\",\"block_align\":\"center\",\"text_align\":\"left\",\"text_align_breakpoint\":\"m\",\"text_align_fallback\":\"center\"}},{\"type\":\"text\",\"props\":{\"margin\":\"default\",\"column_breakpoint\":\"m\",\"content\":\"\n\n<p>Lo scopo dell\\u2019agopuntura \\u00e8 quello di ristabilire la salute del corpo umano. Per ottenere ci\\u00f2 si inseriscono aghi sottili e sterili in punti specifici del corpo. Molti punti di agopuntura si trovano sui cosiddetti meridiani (vie principali) che sono collegati con gli organi interni e possono influenzarli attraverso la stimolazione. Molti di questi punti hanno una chiara influenza sulla situazione psicologica.<\\\/p>\\n\n\n<p>L\\u2019agopuntura ha effetto su tutto l\\u2019organismo e sulla psiche. Per questo \\u00e8 parte della<span> Medicina tradizionale cinese<\\\/span>\\u00a0ed \\u00e8 usata per una variet\\u00e0 di disturbi:<\\\/p>\",\"maxwidth\":\"large\",\"block_align\":\"center\"}},{\"type\":\"list\",\"props\":{\"show_image\":true,\"show_link\":true,\"list_element\":\"ul\",\"column_breakpoint\":\"m\",\"image_svg_color\":\"emphasis\",\"image_align\":\"left\",\"image_vertical_align\":true,\"list_marker\":\"\",\"icon\":\"play\",\"icon_color\":\"primary\",\"maxwidth\":\"large\",\"block_align\":\"center\",\"list_type\":\"vertical\",\"list_horizontal_separator\":\", \"},\"children\":[{\"type\":\"list_item\",\"props\":{\"content\":\"\n\n<p>Mal di testa ed emicranie<\\\/p>\",\"icon\":\"\"}},{\"type\":\"list_item\",\"props\":{\"content\":\"\n\n<p>Allergie<\\\/p>\"}},{\"type\":\"list_item\",\"props\":{\"content\":\"\n\n<p>Ansia e depressione<\\\/p>\"}},{\"type\":\"list_item\",\"props\":{\"content\":\"\n\n<p>Disturbi femminili come la menopausa e i crampi mestruali<\\\/p>\"}},{\"type\":\"list_item\",\"props\":{\"content\":\"\n\n<p>Esaurimento e stanchezza<\\\/p>\"}},{\"type\":\"list_item\",\"props\":{\"content\":\"\n\n<p>Disturbi del sonno<\\\/p>\"}},{\"type\":\"list_item\",\"props\":{\"content\":\"\n\n<p>Disturbi allo stomaco e all\\u2018intestino<\\\/p>\"}},{\"type\":\"list_item\",\"props\":{\"content\":\"\n\n<p>Problemi alla vescica come la cistite ricorrente<\\\/p>\"}},{\"type\":\"list_item\",\"props\":{\"content\":\"\n\n<p>Predisposizione alle infezioni<\\\/p>\"}}]},{\"type\":\"text\",\"props\":{\"margin\":\"default\",\"column_breakpoint\":\"m\",\"content\":\"\n\n<p>Si adatta molto bene anche alla prevenzione, alla diagnosi precoce delle malattie e alla gestione dello stress.<\\\/p>\",\"maxwidth\":\"large\",\"block_align\":\"center\"}}]},{\"name\":\"\",\"type\":\"column\",\"props\":{\"image_position\":\"center-center\",\"style\":\"primary\",\"vertical_align\":\"middle\",\"media_overlay_gradient\":\"\",\"width_medium\":\"1-2\",\"position_sticky_breakpoint\":\"m\"},\"children\":[{\"name\":\"\",\"type\":\"image\",\"props\":{\"margin\":\"default\",\"image\":\"wp-content\\\/uploads\\\/2021\\\/10\\\/HCB_Akupunktur_Akupunktur.jpg\",\"image_width\":\"840\",\"animation\":\"parallax\",\"parallax_x_start\":\"-100\",\"parallax_x_end\":\"-50\",\"parallax_breakpoint\":\"l\",\"image_svg_color\":\"emphasis\",\"image_alt\":\"Akupunktur in N\\u00fcrnberg\"}}]}]}]},{\"name\":\"Ohrakupunktur\",\"type\":\"section\",\"props\":{\"style\":\"default\",\"width\":\"\",\"vertical_align\":\"middle\",\"title_position\":\"center-left\",\"title_rotation\":\"left\",\"title_breakpoint\":\"xl\",\"image_position\":\"center-center\",\"title\":\"\",\"padding_remove_top\":false,\"padding_remove_bottom\":true},\"children\":[{\"name\":\"\",\"type\":\"row\",\"props\":{\"layout\":\"1-2,1-2\",\"vertical_align\":true,\"width\":\"expand\",\"column_gap\":\"large\",\"row_gap\":\"large\"},\"children\":[{\"name\":\"\",\"type\":\"column\",\"props\":{\"image_position\":\"center-center\",\"vertical_align\":\"middle\",\"media_overlay_gradient\":\"\",\"width_medium\":\"1-2\",\"position_sticky_breakpoint\":\"m\"},\"children\":[{\"type\":\"headline\",\"props\":{\"title_element\":\"h2\",\"content\":\"\n\n<p>Agopuntura dell\\u2019orecchio secondo Dott. Nogier<\\\/p>\",\"title_style\":\"h2\",\"title_color\":\"primary\",\"maxwidth\":\"large\",\"block_align\":\"center\",\"text_align\":\"left\",\"text_align_breakpoint\":\"m\",\"text_align_fallback\":\"center\"}},{\"type\":\"text\",\"props\":{\"margin\":\"default\",\"column_breakpoint\":\"m\",\"content\":\"\n\n<p>L\\u2019agopuntura dell\\u2019orecchio \\u00e8 una forma di terapia che sorprende per la sua semplicit\\u00e0 e allo stesso tempo permette di identificare e trattare la complessit\\u00e0 e l\\u2019interazione dei disturbi mentali e fisici. Essa deve la sua esistenza al Dott. Nogier, il quale riusc\\u00ec, nel 1956, a rintracciare questa antica forma di trattamento e a svilupparla in tutte le sue sfumature.<\\\/p>\\n\n\n<p>Nella zona riflessa dell\\u2019orecchio \\u00e8 raffigurato ogni organo e l\\u2019intero essere umano in postura embrionale a testa in gi\\u00f9. L\\u2019agopuntura dell\\u2019orecchio \\u00e8 particolarmente efficace per: \\u00a0<\\\/p>\",\"maxwidth\":\"large\",\"block_align\":\"center\"}},{\"type\":\"list\",\"props\":{\"show_image\":true,\"show_link\":true,\"list_element\":\"ul\",\"column_breakpoint\":\"m\",\"image_svg_color\":\"emphasis\",\"image_align\":\"left\",\"image_vertical_align\":true,\"list_marker\":\"\",\"icon\":\"play\",\"icon_color\":\"primary\",\"maxwidth\":\"large\",\"block_align\":\"center\",\"list_type\":\"vertical\",\"list_horizontal_separator\":\", \"},\"children\":[{\"type\":\"list_item\",\"props\":{\"content\":\"\n\n<p>Trattamento del dolore<\\\/p>\"}},{\"type\":\"list_item\",\"props\":{\"content\":\"\n\n<p>Trattamento di ansia, panico, malinconia, disturbi vegetativi<\\\/p>\",\"icon\":\"\"}},{\"type\":\"list_item\",\"props\":{\"content\":\"\n\n<p>Malattie cardiovascolari<\\\/p>\"}},{\"type\":\"list_item\",\"props\":{\"content\":\"\n\n<p>Malattie respiratorie<\\\/p>\"}},{\"type\":\"list_item\",\"props\":{\"content\":\"\n\n<p>Disturbi gastrointestinali<\\\/p>\"}},{\"type\":\"list_item\",\"props\":{\"content\":\"\n\n<p>Disturbi di natura allergica<\\\/p>\"}},{\"type\":\"list_item\",\"props\":{\"content\":\"\n\n<p>Disturbi metabolici e ormonali<\\\/p>\"}},{\"type\":\"list_item\",\"props\":{\"content\":\"\n\n<p>Problemi da dipendenza<\\\/p>\"}}]}]},{\"name\":\"\",\"type\":\"column\",\"props\":{\"image_position\":\"center-center\",\"style\":\"muted\",\"vertical_align\":\"middle\",\"media_overlay_gradient\":\"\",\"width_medium\":\"1-2\",\"order_first\":\"m\",\"position_sticky_breakpoint\":\"m\"},\"children\":[{\"name\":\"\",\"type\":\"image\",\"props\":{\"margin\":\"default\",\"image\":\"wp-content\\\/uploads\\\/2021\\\/10\\\/HCB_Akupunktur_Ohrakupunktur.jpg\",\"image_width\":\"840\",\"animation\":\"parallax\",\"parallax_x_start\":\"120\",\"parallax_x_end\":\"40\",\"parallax_breakpoint\":\"l\",\"margin_remove_bottom\":false,\"text_align\":\"center\",\"parallax_easing\":0.5,\"image_svg_color\":\"emphasis\",\"image_alt\":\"Ohrakupunktur in N\\u00fcrnberg\"}}]}]}]}],\"version\":\"2.7.16\"} --><\/p>\n","protected":false},"excerpt":{"rendered":"<p>Prenota appuntamento visita virtuale Agopuntura e agopuntura dell\u2019orecchio Agopuntura Lo scopo dell\u2019agopuntura \u00e8 quello di ristabilire la salute del corpo umano. Per ottenere ci\u00f2 si inseriscono aghi sottili e sterili in punti specifici del corpo. Molti punti di agopuntura si trovano sui cosiddetti meridiani (vie principali) che sono collegati con gli organi interni e possono [&hellip;]<\/p>\n","protected":false},"author":3,"featured_media":0,"parent":0,"menu_order":0,"comment_status":"closed","ping_status":"closed","template":"","meta":{"footnotes":""},"class_list":["post-602","page","type-page","status-publish","hentry"],"_links":{"self":[{"href":"https:\/\/heilpraktiker-carmen-bauer.de\/it\/wp-json\/wp\/v2\/pages\/602","targetHints":{"allow":["GET"]}}],"collection":[{"href":"https:\/\/heilpraktiker-carmen-bauer.de\/it\/wp-json\/wp\/v2\/pages"}],"about":[{"href":"https:\/\/heilpraktiker-carmen-bauer.de\/it\/wp-json\/wp\/v2\/types\/page"}],"author":[{"embeddable":true,"href":"https:\/\/heilpraktiker-carmen-bauer.de\/it\/wp-json\/wp\/v2\/users\/3"}],"replies":[{"embeddable":true,"href":"https:\/\/heilpraktiker-carmen-bauer.de\/it\/wp-json\/wp\/v2\/comments?post=602"}],"version-history":[{"count":7,"href":"https:\/\/heilpraktiker-carmen-bauer.de\/it\/wp-json\/wp\/v2\/pages\/602\/revisions"}],"predecessor-version":[{"id":696,"href":"https:\/\/heilpraktiker-carmen-bauer.de\/it\/wp-json\/wp\/v2\/pages\/602\/revisions\/696"}],"wp:attachment":[{"href":"https:\/\/heilpraktiker-carmen-bauer.de\/it\/wp-json\/wp\/v2\/media?parent=602"}],"curies":[{"name":"wp","href":"https:\/\/api.w.org\/{rel}","templated":true}]}}