{"id":605,"date":"2022-01-30T16:58:49","date_gmt":"2022-01-30T16:58:49","guid":{"rendered":"https:\/\/heilpraktiker-carmen-bauer.de\/?page_id=605"},"modified":"2023-02-22T09:47:59","modified_gmt":"2023-02-22T09:47:59","slug":"ipnoterapia","status":"publish","type":"page","link":"https:\/\/heilpraktiker-carmen-bauer.de\/it\/ipnoterapia\/","title":{"rendered":"Ipnoterapia"},"content":{"rendered":"<p><img decoding=\"async\" src=\"\/wp-content\/uploads\/2021\/10\/HCB_Hypnose_Hero.jpg\" alt=\"Hypnose in N\u00fcrnberg\"><\/p>\n<ul>\n<li>\n        <a href=\"\/it\/appuntamenti\/\">Prenota appuntamento<\/a>\n    <\/li>\n<li>\n        <a href=\"\/it\/studio-di-naturopatia\/\">visita virtuale<\/a>\n    <\/li>\n<\/ul>\n<h1>\n<p><strong>Ipnoterapia \/ ipnosi medica<\/strong><\/p>\n<\/h1>\n<div>\n<p>L\u2019ipnosi \u00e8 una forma di comunicazione che permette di accedere ai diversi strati del cervello, la mente conscia e quella subconscia. La trance in ipnosi \u00e8 uno stato piacevole che ci \u00e8 familiare dalla vita quotidiana, come ad esempio appena prima di addormentarsi o quando concentriamo tutta la nostra attenzione su una cosa, come un film giallo appassionante, dimenticando tutto ci\u00f2 che ci circonda.<\/p>\n<p>Attraverso l\u2019ipnosi si pu\u00f2 sperimentare un profondo rilassamento. Si possono trovare le cause e le soluzioni dei disturbi e si possono apprendere nuovi modelli di comportamento. Le indicazioni per l\u2019ipnoterapia sono molteplici. Per me \u00e8 importante specializzarmi in alcuni settori per poterla accompagnare con competenza:<\/p>\n<\/div>\n<ul>\n<li>\n<div>\n<p>Paure e fobie, per esempio la paura di volare, paura di guidare, paura dell\u2019altezza, claustrofobia, paura di certi animali, fobia sociale ecc.<\/p>\n<\/div>\n<\/li>\n<li>\n<div>\n<p>Dolore cronico<\/p>\n<\/div>\n<\/li>\n<li>\n<div>\n<p>Inquietudine interiore, stress<\/p>\n<\/div>\n<\/li>\n<li>\n<div>\n<p>Disturbi del sonno<\/p>\n<\/div>\n<\/li>\n<li>\n<div>\n<p>Depressione da lieve a moderata<\/p>\n<\/div>\n<\/li>\n<li>\n<div>\n<p>Dipendenze lievi, cessazione del fumo<\/p>\n<\/div>\n<\/li>\n<li>\n<div>\n<p>Problemi di peso, regolazione delle abitudini alimentari, perdita di peso<\/p>\n<\/div>\n<\/li>\n<li>\n<div>\n<p>Difficolt\u00e0 di apprendimento e problemi di concentrazione<\/p>\n<\/div>\n<\/li>\n<li>\n<div>\n<p>Rielaborazione delle esperienze vissute<\/p>\n<\/div>\n<\/li>\n<\/ul>\n<p><img decoding=\"async\" src=\"\/wp-content\/uploads\/2021\/10\/HCB_Hypnose_Sturm.jpg\" alt=\"Merdizinische Hypnose gegen Unruhe\"><\/p>\n<div>\n<p>Prima di iniziare l\u2019ipnosi \u2013 una sessione di terapia, si svolge l\u2019anamnesi, un colloquio iniziale nel quale Lei potr\u00e0 definire i Suoi obiettivi, affrontare i problemi e condividere le preoccupazioni. \u00c8 anche il momento in cui io, come terapeuta, posso conoscerla per poterla accompagnare in modo adeguato. Nel corso della terapia, sia gli obiettivi che i metodi possono essere adattati in qualsiasi momento. L\u2019ipnoterapia si \u00e8 sviluppata come un metodo efficiente all\u2019interno della terapia comportamentale. Essa permette sia al terapeuta che al paziente di lavorare in modo flessibile, personale e orientato agli obiettivi.<\/p>\n<p>In ipnoterapia si raggiunge lo stato di trance attraverso le parole introduttive del terapeuta. Tutto ci\u00f2 che \u00e8 richiesto al paziente \u00e8 l\u2019apertura a prendere parte a questa forma di terapia. I passaggi tra lo stato di trance leggero, medio e profondo sono fluidi e spesso non li si nota. L\u2019ipnosi non \u00e8 sempre solo rilassamento, spesso \u00e8 necessaria la Sua partecipazione attiva. Essa vive della Sua fiducia, della Sua disponibilit\u00e0 e della Sua responsabilit\u00e0 personale.<\/p>\n<\/div>\n<div>\n<p>le aree di applicazione menzionate non rappresentano una promessa di guarigione o una garanzia di sollievo o miglioramento delle condizioni o malattie elencate.<\/p>\n<\/div>\n<p><img decoding=\"async\" src=\"\/wp-content\/uploads\/2021\/10\/HCB_Hypnose_Vogel.jpg\" alt=\"Hypnosetherapie\"><\/p>\n<p><!--more--><br \/>\n<!-- {\"name\":\"Hypnose italienisch\",\"type\":\"layout\",\"children\":[{\"name\":\"Hero\",\"type\":\"section\",\"props\":{\"style\":\"default\",\"width\":\"\",\"vertical_align\":\"middle\",\"title_position\":\"top-left\",\"title_rotation\":\"left\",\"title_breakpoint\":\"xl\",\"image_position\":\"center-center\",\"padding_remove_top\":false,\"padding_remove_bottom\":false,\"padding\":\"none\"},\"children\":[{\"name\":\"\",\"type\":\"row\",\"children\":[{\"name\":\"\",\"type\":\"column\",\"props\":{\"image_position\":\"center-center\",\"media_overlay_gradient\":\"\",\"width_medium\":\"1-1\",\"position_sticky_breakpoint\":\"m\"},\"children\":[{\"type\":\"image\",\"props\":{\"margin\":\"default\",\"image_svg_color\":\"emphasis\",\"image\":\"wp-content\\\/uploads\\\/2021\\\/10\\\/HCB_Hypnose_Hero.jpg\",\"image_alt\":\"Hypnose in N\\u00fcrnberg\",\"margin_remove_bottom\":false}}]}]}]},{\"name\":\"Hypnose I\",\"type\":\"section\",\"props\":{\"style\":\"default\",\"width\":\"\",\"vertical_align\":\"middle\",\"title_position\":\"center-left\",\"title_rotation\":\"left\",\"title_breakpoint\":\"xl\",\"image_position\":\"center-center\",\"title\":\"\",\"padding_remove_bottom\":true},\"children\":[{\"name\":\"\",\"type\":\"row\",\"props\":{\"layout\":\"1-2,1-2\",\"vertical_align\":true,\"width\":\"expand\"},\"children\":[{\"name\":\"\",\"type\":\"column\",\"props\":{\"image_position\":\"center-center\",\"vertical_align\":\"middle\",\"media_overlay_gradient\":\"\",\"width_medium\":\"1-2\",\"position_sticky_breakpoint\":\"m\"},\"children\":[{\"type\":\"button\",\"props\":{\"grid_column_gap\":\"small\",\"grid_row_gap\":\"small\",\"margin\":\"default\",\"maxwidth\":\"large\",\"block_align\":\"center\",\"text_align\":\"center\",\"block_align_fallback\":\"center\"},\"children\":[{\"type\":\"button_item\",\"props\":{\"button_style\":\"secondary\",\"icon_align\":\"right\",\"content\":\"Prenota appuntamento\",\"link\":\"\\\/it\\\/appuntamenti\\\/\",\"icon\":\"clock\"}},{\"type\":\"button_item\",\"props\":{\"button_style\":\"secondary\",\"icon_align\":\"right\",\"content\":\"visita virtuale\",\"link\":\"\\\/it\\\/studio-di-naturopatia\\\/\",\"icon\":\"\"}}],\"modified\":\"2022-02-07T14:10:13.140Z\",\"name\":\"Italienischer Doppelbutton\"}]},{\"name\":\"\",\"type\":\"column\",\"props\":{\"image_position\":\"center-center\",\"vertical_align\":\"middle\",\"media_overlay_gradient\":\"\",\"width_medium\":\"1-2\",\"order_first\":\"m\",\"position_sticky_breakpoint\":\"m\"},\"children\":[{\"type\":\"headline\",\"props\":{\"title_element\":\"h1\",\"content\":\"\n\n<p><strong>Ipnoterapia \\\/ ipnosi medica<\\\/strong><\\\/p>\",\"title_style\":\"h1\",\"title_color\":\"primary\",\"maxwidth\":\"large\",\"block_align\":\"center\",\"text_align\":\"left\",\"text_align_breakpoint\":\"m\",\"text_align_fallback\":\"center\"}}]}]},{\"name\":\"\",\"type\":\"row\",\"props\":{\"layout\":\"1-2,1-2\",\"vertical_align\":true,\"width\":\"expand\"},\"children\":[{\"name\":\"\",\"type\":\"column\",\"props\":{\"image_position\":\"center-center\",\"vertical_align\":\"middle\",\"media_overlay_gradient\":\"\",\"width_medium\":\"1-2\",\"position_sticky_breakpoint\":\"m\"},\"children\":[{\"type\":\"text\",\"props\":{\"margin\":\"default\",\"column_breakpoint\":\"m\",\"content\":\"\n\n<p>L\\u2019ipnosi \\u00e8 una forma di comunicazione che permette di accedere ai diversi strati del cervello, la mente conscia e quella subconscia. La trance in ipnosi \\u00e8 uno stato piacevole che ci \\u00e8 familiare dalla vita quotidiana, come ad esempio appena prima di addormentarsi o quando concentriamo tutta la nostra attenzione su una cosa, come un film giallo appassionante, dimenticando tutto ci\\u00f2 che ci circonda.<\\\/p>\\n\n\n<p>Attraverso l\\u2019ipnosi si pu\\u00f2 sperimentare un profondo rilassamento. Si possono trovare le cause e le soluzioni dei disturbi e si possono apprendere nuovi modelli di comportamento. Le indicazioni per l\\u2019ipnoterapia sono molteplici. Per me \\u00e8 importante specializzarmi in alcuni settori per poterla accompagnare con competenza:<\\\/p>\",\"maxwidth\":\"large\",\"block_align\":\"center\"}},{\"type\":\"list\",\"props\":{\"show_image\":true,\"show_link\":true,\"list_element\":\"ul\",\"column_breakpoint\":\"m\",\"image_svg_color\":\"emphasis\",\"image_align\":\"left\",\"image_vertical_align\":true,\"list_marker\":\"\",\"icon\":\"play\",\"icon_color\":\"primary\",\"maxwidth\":\"large\",\"block_align\":\"center\",\"list_type\":\"vertical\",\"list_horizontal_separator\":\", \"},\"children\":[{\"type\":\"list_item\",\"props\":{\"content\":\"\n\n<p>Paure e fobie, per esempio la paura di volare, paura di guidare, paura dell\\u2019altezza, claustrofobia, paura di certi animali, fobia sociale ecc.<\\\/p>\",\"icon\":\"\"}},{\"type\":\"list_item\",\"props\":{\"content\":\"\n\n<p>Dolore cronico<\\\/p>\"}},{\"type\":\"list_item\",\"props\":{\"content\":\"\n\n<p>Inquietudine interiore, stress<\\\/p>\"}},{\"type\":\"list_item\",\"props\":{\"content\":\"\n\n<p>Disturbi del sonno<\\\/p>\"}},{\"type\":\"list_item\",\"props\":{\"content\":\"\n\n<p>Depressione da lieve a moderata<\\\/p>\"}},{\"type\":\"list_item\",\"props\":{\"content\":\"\n\n<p>Dipendenze lievi, cessazione del fumo<\\\/p>\"}},{\"type\":\"list_item\",\"props\":{\"content\":\"\n\n<p>Problemi di peso, regolazione delle abitudini alimentari, perdita di peso<\\\/p>\"}},{\"type\":\"list_item\",\"props\":{\"content\":\"\n\n<p>Difficolt\\u00e0 di apprendimento e problemi di concentrazione<\\\/p>\"}},{\"type\":\"list_item\",\"props\":{\"content\":\"\n\n<p>Rielaborazione delle esperienze vissute<\\\/p>\"}}]}]},{\"name\":\"\",\"type\":\"column\",\"props\":{\"image_position\":\"center-center\",\"style\":\"primary\",\"vertical_align\":\"middle\",\"media_overlay_gradient\":\"\",\"width_medium\":\"1-2\",\"position_sticky_breakpoint\":\"m\"},\"children\":[{\"name\":\"\",\"type\":\"image\",\"props\":{\"margin\":\"default\",\"image\":\"wp-content\\\/uploads\\\/2021\\\/10\\\/HCB_Hypnose_Sturm.jpg\",\"image_width\":\"840\",\"animation\":\"parallax\",\"parallax_x_start\":\"-100\",\"parallax_x_end\":\"-50\",\"parallax_breakpoint\":\"l\",\"image_svg_color\":\"emphasis\",\"image_alt\":\"Merdizinische Hypnose gegen Unruhe\"}}]}]}]},{\"name\":\"Hypnose II\",\"type\":\"section\",\"props\":{\"style\":\"default\",\"width\":\"\",\"vertical_align\":\"middle\",\"title_position\":\"center-left\",\"title_rotation\":\"left\",\"title_breakpoint\":\"xl\",\"image_position\":\"center-center\",\"title\":\"\",\"padding_remove_top\":false,\"padding_remove_bottom\":true},\"children\":[{\"name\":\"\",\"type\":\"row\",\"props\":{\"layout\":\"1-2,1-2\",\"vertical_align\":true,\"width\":\"expand\",\"column_gap\":\"large\",\"row_gap\":\"large\"},\"children\":[{\"name\":\"\",\"type\":\"column\",\"props\":{\"image_position\":\"center-center\",\"vertical_align\":\"middle\",\"media_overlay_gradient\":\"\",\"width_medium\":\"1-2\",\"position_sticky_breakpoint\":\"m\"},\"children\":[{\"type\":\"text\",\"props\":{\"margin\":\"default\",\"column_breakpoint\":\"m\",\"content\":\"\n\n<p>Prima di iniziare l\\u2019ipnosi \\u2013 una sessione di terapia, si svolge l\\u2019anamnesi, un colloquio iniziale nel quale Lei potr\\u00e0 definire i Suoi obiettivi, affrontare i problemi e condividere le preoccupazioni. \\u00c8 anche il momento in cui io, come terapeuta, posso conoscerla per poterla accompagnare in modo adeguato. Nel corso della terapia, sia gli obiettivi che i metodi possono essere adattati in qualsiasi momento. L\\u2019ipnoterapia si \\u00e8 sviluppata come un metodo efficiente all\\u2019interno della terapia comportamentale. Essa permette sia al terapeuta che al paziente di lavorare in modo flessibile, personale e orientato agli obiettivi.<\\\/p>\\n\n\n<p>In ipnoterapia si raggiunge lo stato di trance attraverso le parole introduttive del terapeuta. Tutto ci\\u00f2 che \\u00e8 richiesto al paziente \\u00e8 l\\u2019apertura a prendere parte a questa forma di terapia. I passaggi tra lo stato di trance leggero, medio e profondo sono fluidi e spesso non li si nota. L\\u2019ipnosi non \\u00e8 sempre solo rilassamento, spesso \\u00e8 necessaria la Sua partecipazione attiva. Essa vive della Sua fiducia, della Sua disponibilit\\u00e0 e della Sua responsabilit\\u00e0 personale.<\\\/p>\",\"maxwidth\":\"large\",\"block_align\":\"center\"}},{\"type\":\"text\",\"props\":{\"margin\":\"default\",\"column_breakpoint\":\"m\",\"content\":\"\n\n<p>le aree di applicazione menzionate non rappresentano una promessa di guarigione o una garanzia di sollievo o miglioramento delle condizioni o malattie elencate.<\\\/p>\",\"maxwidth\":\"large\",\"block_align\":\"center\",\"text_style\":\"meta\"}}]},{\"name\":\"\",\"type\":\"column\",\"props\":{\"image_position\":\"center-center\",\"style\":\"muted\",\"vertical_align\":\"middle\",\"media_overlay_gradient\":\"\",\"width_medium\":\"1-2\",\"order_first\":\"m\",\"position_sticky_breakpoint\":\"m\"},\"children\":[{\"name\":\"\",\"type\":\"image\",\"props\":{\"margin\":\"default\",\"image\":\"wp-content\\\/uploads\\\/2021\\\/10\\\/HCB_Hypnose_Vogel.jpg\",\"image_width\":\"840\",\"animation\":\"parallax\",\"parallax_x_start\":\"120\",\"parallax_x_end\":\"40\",\"parallax_breakpoint\":\"l\",\"margin_remove_bottom\":false,\"text_align\":\"center\",\"parallax_easing\":0.5,\"image_svg_color\":\"emphasis\",\"image_alt\":\"Hypnosetherapie\"}}]}]}]}],\"version\":\"2.7.16\"} --><\/p>\n","protected":false},"excerpt":{"rendered":"<p>Prenota appuntamento visita virtuale Ipnoterapia \/ ipnosi medica L\u2019ipnosi \u00e8 una forma di comunicazione che permette di accedere ai diversi strati del cervello, la mente conscia e quella subconscia. La trance in ipnosi \u00e8 uno stato piacevole che ci \u00e8 familiare dalla vita quotidiana, come ad esempio appena prima di addormentarsi o quando concentriamo tutta [&hellip;]<\/p>\n","protected":false},"author":3,"featured_media":0,"parent":0,"menu_order":0,"comment_status":"closed","ping_status":"closed","template":"","meta":{"footnotes":""},"class_list":["post-605","page","type-page","status-publish","hentry"],"_links":{"self":[{"href":"https:\/\/heilpraktiker-carmen-bauer.de\/it\/wp-json\/wp\/v2\/pages\/605","targetHints":{"allow":["GET"]}}],"collection":[{"href":"https:\/\/heilpraktiker-carmen-bauer.de\/it\/wp-json\/wp\/v2\/pages"}],"about":[{"href":"https:\/\/heilpraktiker-carmen-bauer.de\/it\/wp-json\/wp\/v2\/types\/page"}],"author":[{"embeddable":true,"href":"https:\/\/heilpraktiker-carmen-bauer.de\/it\/wp-json\/wp\/v2\/users\/3"}],"replies":[{"embeddable":true,"href":"https:\/\/heilpraktiker-carmen-bauer.de\/it\/wp-json\/wp\/v2\/comments?post=605"}],"version-history":[{"count":5,"href":"https:\/\/heilpraktiker-carmen-bauer.de\/it\/wp-json\/wp\/v2\/pages\/605\/revisions"}],"predecessor-version":[{"id":697,"href":"https:\/\/heilpraktiker-carmen-bauer.de\/it\/wp-json\/wp\/v2\/pages\/605\/revisions\/697"}],"wp:attachment":[{"href":"https:\/\/heilpraktiker-carmen-bauer.de\/it\/wp-json\/wp\/v2\/media?parent=605"}],"curies":[{"name":"wp","href":"https:\/\/api.w.org\/{rel}","templated":true}]}}