{"id":611,"date":"2022-01-30T16:59:18","date_gmt":"2022-01-30T16:59:18","guid":{"rendered":"https:\/\/heilpraktiker-carmen-bauer.de\/?page_id=611"},"modified":"2023-02-23T10:49:25","modified_gmt":"2023-02-23T10:49:25","slug":"riflessologia-plantare","status":"publish","type":"page","link":"https:\/\/heilpraktiker-carmen-bauer.de\/it\/riflessologia-plantare\/","title":{"rendered":"Riflessologia plantare"},"content":{"rendered":"<p><img decoding=\"async\" src=\"\/wp-content\/uploads\/2021\/10\/HCB_Fuss_Hero.jpg\" alt=\"Fu\u00dfreflexzonenmassage in N\u00fcrnberg\"><\/p>\n<ul>\n<li>\n        <a href=\"\/it\/appuntamenti\/\">Prenota appuntamento<\/a>\n    <\/li>\n<li>\n        <a href=\"\/it\/studio-di-naturopatia\/\">visita virtuale<\/a>\n    <\/li>\n<\/ul>\n<h1>\n<p>Riflessologia plantare<\/p>\n<\/h1>\n<div>\n<p>La riflessologia plantare ha un effetto su corpo, mente e anima. Ogni organo \u00e8 collegato con una specifica zona riflessa del piede. Le zone riflesse corrispondono al nostro sistema muscolo-scheletrico e agli organi. I disturbi si manifestano sul piede attraverso indurimento, dolore e sudorazione e molto di pi\u00f9. La stimolazione mirata di questi punti agisce indirettamente sui disturbi muscolari, articolari e tendinei producendo un effetto rilassante e antidolorifico. La stimolazione delle zone riflesse \u00e8 molto efficace anche contro i disturbi funzionali degli organi interni. La riflessologia plantare \u00e8 utile per i seguenti disturbi, ricordiamo tra l\u2019altro: \u00a0\u00a0<\/p>\n<\/div>\n<ul>\n<li>\n<div>\n<p>Dolori articolari, malattie reumatiche<\/p>\n<\/div>\n<\/li>\n<li>\n<div>\n<p>Mal di schiena, problemi ai dischi intervertebrali, tensioni, sindromi spalla-braccio<\/p>\n<\/div>\n<\/li>\n<li>\n<div>\n<p>Mal di testa, emicrania<\/p>\n<\/div>\n<\/li>\n<li>\n<div>\n<p>Malattie degenerative<\/p>\n<\/div>\n<\/li>\n<li>\n<div>\n<p>Disturbi della circolazione del sangue negli organi<\/p>\n<\/div>\n<\/li>\n<li>\n<div>\n<p>Debolezza del sistema immunitario<\/p>\n<\/div>\n<\/li>\n<li>\n<div>\n<p>Irrequietezza, nervosismo, stress<\/p>\n<\/div>\n<\/li>\n<li>\n<div>\n<p>Stanchezza, disturbi del sonno<\/p>\n<\/div>\n<\/li>\n<li>\n<div>\n<p>Ritenzione idrica, edema<\/p>\n<\/div>\n<\/li>\n<li>\n<div>\n<p>Disintossicazione, drenaggio<\/p>\n<\/div>\n<\/li>\n<li>\n<div>\n<p>Problemi circolatori, pressione alta<\/p>\n<\/div>\n<\/li>\n<li>\n<div>\n<p>Disturbi mestruali<\/p>\n<\/div>\n<\/li>\n<li>\n<div>\n<p>Problemi intestinali<\/p>\n<\/div>\n<\/li>\n<li>\n<div>\n<p>Condizioni di irritazione: intestino irritabile, stomaco irritabile, vescica irritabile<\/p>\n<\/div>\n<\/li>\n<\/ul>\n<p><img decoding=\"async\" src=\"\/wp-content\/uploads\/2021\/10\/HCB_Fuss_1.jpg\" alt=\"Fu\u00dfreflexzonentherapie\"><\/p>\n<div>\n<p>La riflessologia plantare \u00e8 stata praticata nel corso dei millenni in varie culture. Ci sono tradizioni tramandateci dall\u2019Estremo Oriente, dall\u2019Egitto, dalla Cina, dall\u2019India, dai romani, dagli incas e dall\u2019America. Nel corso del tempo si \u00e8 sempre evoluto.<\/p>\n<p>Il massaggio della zona riflessa del piede studiato dal medico americano Dr. William FitzGerald (1872\u20131942) fu portato in Germania nel 1960 da Hanne Marquardt che nel corso degli anni lo ha sviluppato e perfezionato a tal punto che esso rappresenta oggi uno standard nella medicina.<\/p>\n<p>La zona riflessa del piede raffigura una \u201eimmagine di s\u00e9\u201e in miniatura che \u00e8 in relazione con tutta la persona. La riflessologia plantare \u00e8 ritenuta parte della medicina complementare. Essa \u00e8 una terapia regolatrice che si rivolge a tutta la persona e ripristina l\u2019equilibrio perduto. Non tratta i sintomi ma sostiene la capacit\u00e0 di autoguarigione.<\/p>\n<\/div>\n<h2>\n<p><strong>durata del trattamento<\/strong><\/p>\n<\/h2>\n<div>\n<p>Una seduta dura di solito dai 30 ai 45 minuti. L\u2019intervallo tra i trattamenti dipende dalla causa, dai sintomi, dal decorso e dallo stato di salute. L\u2019esperienza dimostra che un trattamento di circa 6-10 sedute \u00e8 efficace.<\/p>\n<\/div>\n<div>\n<p>le aree di applicazione menzionate non rappresentano una promessa di guarigione o una garanzia di sollievo o miglioramento delle condizioni o malattie elencate.<\/p>\n<\/div>\n<p><img decoding=\"async\" src=\"\/wp-content\/uploads\/2021\/10\/HCB_Fuss_2.jpg\" alt=\"Massage der Reflexzonen am Fu\u00df\"><\/p>\n<p><!--more--><br \/>\n<!-- {\"name\":\"Fu\\u00dfreflexzonen italienisch\",\"type\":\"layout\",\"children\":[{\"name\":\"Hero\",\"type\":\"section\",\"props\":{\"style\":\"default\",\"width\":\"\",\"vertical_align\":\"middle\",\"title_position\":\"top-left\",\"title_rotation\":\"left\",\"title_breakpoint\":\"xl\",\"image_position\":\"center-center\",\"padding_remove_top\":false,\"padding_remove_bottom\":false,\"padding\":\"none\"},\"children\":[{\"name\":\"\",\"type\":\"row\",\"children\":[{\"name\":\"\",\"type\":\"column\",\"props\":{\"image_position\":\"center-center\",\"media_overlay_gradient\":\"\",\"width_medium\":\"1-1\",\"position_sticky_breakpoint\":\"m\"},\"children\":[{\"type\":\"image\",\"props\":{\"margin\":\"default\",\"image_svg_color\":\"emphasis\",\"image\":\"wp-content\\\/uploads\\\/2021\\\/10\\\/HCB_Fuss_Hero.jpg\",\"image_alt\":\"Fu\\u00dfreflexzonenmassage in N\\u00fcrnberg\",\"margin_remove_bottom\":false}}]}]}]},{\"name\":\"Fu\\u00df I\",\"type\":\"section\",\"props\":{\"style\":\"default\",\"width\":\"\",\"vertical_align\":\"middle\",\"title_position\":\"center-left\",\"title_rotation\":\"left\",\"title_breakpoint\":\"xl\",\"image_position\":\"center-center\",\"title\":\"\",\"padding_remove_bottom\":true},\"children\":[{\"name\":\"\",\"type\":\"row\",\"props\":{\"layout\":\"1-2,1-2\",\"vertical_align\":true,\"width\":\"expand\"},\"children\":[{\"name\":\"\",\"type\":\"column\",\"props\":{\"image_position\":\"center-center\",\"vertical_align\":\"middle\",\"media_overlay_gradient\":\"\",\"width_medium\":\"1-2\",\"position_sticky_breakpoint\":\"m\"},\"children\":[{\"type\":\"button\",\"props\":{\"grid_column_gap\":\"small\",\"grid_row_gap\":\"small\",\"margin\":\"default\",\"maxwidth\":\"large\",\"block_align\":\"center\",\"text_align\":\"center\",\"block_align_fallback\":\"center\"},\"children\":[{\"type\":\"button_item\",\"props\":{\"button_style\":\"secondary\",\"icon_align\":\"right\",\"content\":\"Prenota appuntamento\",\"link\":\"\\\/it\\\/appuntamenti\\\/\",\"icon\":\"clock\"}},{\"type\":\"button_item\",\"props\":{\"button_style\":\"secondary\",\"icon_align\":\"right\",\"content\":\"visita virtuale\",\"link\":\"\\\/it\\\/studio-di-naturopatia\\\/\",\"icon\":\"\"}}],\"modified\":\"2022-02-07T14:10:13.140Z\",\"name\":\"Italienischer Doppelbutton\"}]},{\"name\":\"\",\"type\":\"column\",\"props\":{\"image_position\":\"center-center\",\"vertical_align\":\"middle\",\"media_overlay_gradient\":\"\",\"width_medium\":\"1-2\",\"order_first\":\"m\",\"position_sticky_breakpoint\":\"m\"},\"children\":[{\"type\":\"headline\",\"props\":{\"title_element\":\"h1\",\"content\":\"\n\n<p>Riflessologia plantare<\\\/p>\",\"title_style\":\"h1\",\"title_color\":\"primary\",\"maxwidth\":\"large\",\"block_align\":\"center\",\"text_align\":\"left\",\"text_align_breakpoint\":\"m\",\"text_align_fallback\":\"center\"}}]}]},{\"name\":\"\",\"type\":\"row\",\"props\":{\"layout\":\"1-2,1-2\",\"vertical_align\":true,\"width\":\"expand\"},\"children\":[{\"name\":\"\",\"type\":\"column\",\"props\":{\"image_position\":\"center-center\",\"vertical_align\":\"middle\",\"media_overlay_gradient\":\"\",\"width_medium\":\"1-2\",\"position_sticky_breakpoint\":\"m\"},\"children\":[{\"type\":\"text\",\"props\":{\"margin\":\"default\",\"column_breakpoint\":\"m\",\"content\":\"\n\n<p>La riflessologia plantare ha un effetto su corpo, mente e anima. Ogni organo \\u00e8 collegato con una specifica zona riflessa del piede. Le zone riflesse corrispondono al nostro sistema muscolo-scheletrico e agli organi. I disturbi si manifestano sul piede attraverso indurimento, dolore e sudorazione e molto di pi\\u00f9. La stimolazione mirata di questi punti agisce indirettamente sui disturbi muscolari, articolari e tendinei producendo un effetto rilassante e antidolorifico. La stimolazione delle zone riflesse \\u00e8 molto efficace anche contro i disturbi funzionali degli organi interni. La riflessologia plantare \\u00e8 utile per i seguenti disturbi, ricordiamo tra l\\u2019altro: \\u00a0\\u00a0<\\\/p>\",\"maxwidth\":\"large\",\"block_align\":\"center\"}},{\"type\":\"list\",\"props\":{\"show_image\":true,\"show_link\":true,\"list_element\":\"ul\",\"column_breakpoint\":\"m\",\"image_svg_color\":\"emphasis\",\"image_align\":\"left\",\"image_vertical_align\":true,\"list_marker\":\"\",\"icon\":\"play\",\"icon_color\":\"primary\",\"maxwidth\":\"large\",\"block_align\":\"center\",\"list_type\":\"vertical\",\"list_horizontal_separator\":\", \"},\"children\":[{\"type\":\"list_item\",\"props\":{\"content\":\"\n\n<p>Dolori articolari, malattie reumatiche<\\\/p>\",\"icon\":\"\"}},{\"type\":\"list_item\",\"props\":{\"content\":\"\n\n<p>Mal di schiena, problemi ai dischi intervertebrali, tensioni, sindromi spalla-braccio<\\\/p>\"}},{\"type\":\"list_item\",\"props\":{\"content\":\"\n\n<p>Mal di testa, emicrania<\\\/p>\"}},{\"type\":\"list_item\",\"props\":{\"content\":\"\n\n<p>Malattie degenerative<\\\/p>\"}},{\"type\":\"list_item\",\"props\":{\"content\":\"\n\n<p>Disturbi della circolazione del sangue negli organi<\\\/p>\"}},{\"type\":\"list_item\",\"props\":{\"content\":\"\n\n<p>Debolezza del sistema immunitario<\\\/p>\"}},{\"type\":\"list_item\",\"props\":{\"content\":\"\n\n<p>Irrequietezza, nervosismo, stress<\\\/p>\"}},{\"type\":\"list_item\",\"props\":{\"content\":\"\n\n<p>Stanchezza, disturbi del sonno<\\\/p>\"}},{\"type\":\"list_item\",\"props\":{\"content\":\"\n\n<p>Ritenzione idrica, edema<\\\/p>\"}},{\"type\":\"list_item\",\"props\":{\"content\":\"\n\n<p>Disintossicazione, drenaggio<\\\/p>\"}},{\"type\":\"list_item\",\"props\":{\"content\":\"\n\n<p>Problemi circolatori, pressione alta<\\\/p>\"}},{\"type\":\"list_item\",\"props\":{\"content\":\"\n\n<p>Disturbi mestruali<\\\/p>\"}},{\"type\":\"list_item\",\"props\":{\"content\":\"\n\n<p>Problemi intestinali<\\\/p>\"}},{\"type\":\"list_item\",\"props\":{\"content\":\"\n\n<p>Condizioni di irritazione: intestino irritabile, stomaco irritabile, vescica irritabile<\\\/p>\"}}]}]},{\"name\":\"\",\"type\":\"column\",\"props\":{\"image_position\":\"center-center\",\"style\":\"primary\",\"vertical_align\":\"middle\",\"media_overlay_gradient\":\"\",\"width_medium\":\"1-2\",\"position_sticky_breakpoint\":\"m\"},\"children\":[{\"name\":\"\",\"type\":\"image\",\"props\":{\"margin\":\"default\",\"image\":\"wp-content\\\/uploads\\\/2021\\\/10\\\/HCB_Fuss_1.jpg\",\"image_width\":\"840\",\"animation\":\"parallax\",\"parallax_x_start\":\"-100\",\"parallax_x_end\":\"-50\",\"parallax_breakpoint\":\"l\",\"image_svg_color\":\"emphasis\",\"image_alt\":\"Fu\\u00dfreflexzonentherapie\"}}]}]}]},{\"name\":\"Fu\\u00df II\",\"type\":\"section\",\"props\":{\"style\":\"default\",\"width\":\"\",\"vertical_align\":\"middle\",\"title_position\":\"center-left\",\"title_rotation\":\"left\",\"title_breakpoint\":\"xl\",\"image_position\":\"center-center\",\"title\":\"\",\"padding_remove_top\":false,\"padding_remove_bottom\":true},\"children\":[{\"name\":\"\",\"type\":\"row\",\"props\":{\"layout\":\"1-2,1-2\",\"vertical_align\":true,\"width\":\"expand\",\"column_gap\":\"large\",\"row_gap\":\"large\"},\"children\":[{\"name\":\"\",\"type\":\"column\",\"props\":{\"image_position\":\"center-center\",\"vertical_align\":\"middle\",\"media_overlay_gradient\":\"\",\"width_medium\":\"1-2\",\"position_sticky_breakpoint\":\"m\"},\"children\":[{\"type\":\"text\",\"props\":{\"margin\":\"default\",\"column_breakpoint\":\"m\",\"content\":\"\n\n<p>La riflessologia plantare \\u00e8 stata praticata nel corso dei millenni in varie culture. Ci sono tradizioni tramandateci dall\\u2019Estremo Oriente, dall\\u2019Egitto, dalla Cina, dall\\u2019India, dai romani, dagli incas e dall\\u2019America. Nel corso del tempo si \\u00e8 sempre evoluto.<\\\/p>\\n\n\n<p>Il massaggio della zona riflessa del piede studiato dal medico americano Dr. William FitzGerald (1872\\u20131942) fu portato in Germania nel 1960 da Hanne Marquardt che nel corso degli anni lo ha sviluppato e perfezionato a tal punto che esso rappresenta oggi uno standard nella medicina.<\\\/p>\\n\n\n<p>La zona riflessa del piede raffigura una \\u201eimmagine di s\\u00e9\\u201e in miniatura che \\u00e8 in relazione con tutta la persona. La riflessologia plantare \\u00e8 ritenuta parte della medicina complementare. Essa \\u00e8 una terapia regolatrice che si rivolge a tutta la persona e ripristina l\\u2019equilibrio perduto. Non tratta i sintomi ma sostiene la capacit\\u00e0 di autoguarigione.<\\\/p>\",\"maxwidth\":\"large\",\"block_align\":\"center\"}},{\"type\":\"headline\",\"props\":{\"title_element\":\"h2\",\"content\":\"\n\n<p><strong>durata del trattamento<\\\/strong><\\\/p>\",\"title_style\":\"h5\",\"title_color\":\"primary\",\"maxwidth\":\"large\",\"block_align\":\"center\",\"text_align\":\"left\",\"text_align_breakpoint\":\"m\",\"text_align_fallback\":\"center\"}},{\"type\":\"text\",\"props\":{\"margin\":\"default\",\"column_breakpoint\":\"m\",\"content\":\"\n\n<p>Una seduta dura di solito dai 30 ai 45 minuti. L\\u2019intervallo tra i trattamenti dipende dalla causa, dai sintomi, dal decorso e dallo stato di salute. L\\u2019esperienza dimostra che un trattamento di circa 6-10 sedute \\u00e8 efficace.<\\\/p>\",\"maxwidth\":\"large\",\"block_align\":\"center\"}},{\"type\":\"text\",\"props\":{\"margin\":\"default\",\"column_breakpoint\":\"m\",\"content\":\"\n\n<p>le aree di applicazione menzionate non rappresentano una promessa di guarigione o una garanzia di sollievo o miglioramento delle condizioni o malattie elencate.<\\\/p>\",\"maxwidth\":\"large\",\"block_align\":\"center\",\"text_style\":\"meta\"}}]},{\"name\":\"\",\"type\":\"column\",\"props\":{\"image_position\":\"center-center\",\"style\":\"muted\",\"vertical_align\":\"middle\",\"media_overlay_gradient\":\"\",\"width_medium\":\"1-2\",\"order_first\":\"m\",\"position_sticky_breakpoint\":\"m\"},\"children\":[{\"name\":\"\",\"type\":\"image\",\"props\":{\"margin\":\"default\",\"image\":\"wp-content\\\/uploads\\\/2021\\\/10\\\/HCB_Fuss_2.jpg\",\"image_width\":\"840\",\"animation\":\"parallax\",\"parallax_x_start\":\"120\",\"parallax_x_end\":\"40\",\"parallax_breakpoint\":\"l\",\"margin_remove_bottom\":false,\"text_align\":\"center\",\"parallax_easing\":0.5,\"image_svg_color\":\"emphasis\",\"image_alt\":\"Massage der Reflexzonen am Fu\\u00df\"}}]}]}]}],\"version\":\"2.7.16\"} --><\/p>\n","protected":false},"excerpt":{"rendered":"<p>Prenota appuntamento visita virtuale Riflessologia plantare La riflessologia plantare ha un effetto su corpo, mente e anima. Ogni organo \u00e8 collegato con una specifica zona riflessa del piede. Le zone riflesse corrispondono al nostro sistema muscolo-scheletrico e agli organi. I disturbi si manifestano sul piede attraverso indurimento, dolore e sudorazione e molto di pi\u00f9. La [&hellip;]<\/p>\n","protected":false},"author":3,"featured_media":0,"parent":0,"menu_order":0,"comment_status":"closed","ping_status":"closed","template":"","meta":{"footnotes":""},"class_list":["post-611","page","type-page","status-publish","hentry"],"_links":{"self":[{"href":"https:\/\/heilpraktiker-carmen-bauer.de\/it\/wp-json\/wp\/v2\/pages\/611","targetHints":{"allow":["GET"]}}],"collection":[{"href":"https:\/\/heilpraktiker-carmen-bauer.de\/it\/wp-json\/wp\/v2\/pages"}],"about":[{"href":"https:\/\/heilpraktiker-carmen-bauer.de\/it\/wp-json\/wp\/v2\/types\/page"}],"author":[{"embeddable":true,"href":"https:\/\/heilpraktiker-carmen-bauer.de\/it\/wp-json\/wp\/v2\/users\/3"}],"replies":[{"embeddable":true,"href":"https:\/\/heilpraktiker-carmen-bauer.de\/it\/wp-json\/wp\/v2\/comments?post=611"}],"version-history":[{"count":5,"href":"https:\/\/heilpraktiker-carmen-bauer.de\/it\/wp-json\/wp\/v2\/pages\/611\/revisions"}],"predecessor-version":[{"id":699,"href":"https:\/\/heilpraktiker-carmen-bauer.de\/it\/wp-json\/wp\/v2\/pages\/611\/revisions\/699"}],"wp:attachment":[{"href":"https:\/\/heilpraktiker-carmen-bauer.de\/it\/wp-json\/wp\/v2\/media?parent=611"}],"curies":[{"name":"wp","href":"https:\/\/api.w.org\/{rel}","templated":true}]}}