{"id":615,"date":"2022-01-30T17:00:00","date_gmt":"2022-01-30T17:00:00","guid":{"rendered":"https:\/\/heilpraktiker-carmen-bauer.de\/?page_id=615"},"modified":"2023-02-23T10:48:36","modified_gmt":"2023-02-23T10:48:36","slug":"omeopatia","status":"publish","type":"page","link":"https:\/\/heilpraktiker-carmen-bauer.de\/it\/omeopatia\/","title":{"rendered":"Omeopatia"},"content":{"rendered":"<p><img decoding=\"async\" src=\"\/wp-content\/uploads\/2021\/10\/HCB_Homoe_Materia.jpg\" alt=\"Hom\u00f6opathie in N\u00fcrnberg\"><\/p>\n<ul>\n<li>\n        <a href=\"\/it\/appuntamenti\/\">Prenota appuntamento<\/a>\n    <\/li>\n<li>\n        <a href=\"\/it\/studio-di-naturopatia\/\">visita virtuale<\/a>\n    <\/li>\n<\/ul>\n<h1>\n<p>Omeopatia<\/p>\n<\/h1>\n<div>\n<p>Il termine \u201eOmeopatia\u201c deriva dall\u2018espressione greca \u201ehomoios pathos\u201c, che tradotto significa \u201esofferenza simile\u201c. Il nome stesso mostra che nell\u2019omeopatia, i sintomi della malattia non vengono trattati con medicine che hanno effetti opposti, ma con rimedi che potrebbero scatenare sintomi simili sia in una persona sana che in una persona malata.<\/p>\n<p>Questo principio della similitudine \u00e8 stato applicato spesso nella storia della medicina. Il medico tedesco, Samuel Hahnemann, lo studi\u00f2 e lo descrisse ampiamente alla fine del XVIII secolo. Da allora \u00e8 stato applicato con successo con i suoi effetti dolci ma affidabili.<\/p>\n<\/div>\n<p><img decoding=\"async\" src=\"\/wp-content\/uploads\/2021\/11\/HCB_Homoe_Gingko-Blatt.jpg\" alt=\"Ginko\"><\/p>\n<h2>\n<p>Medicinali omeopatici<\/p>\n<\/h2>\n<div>\n<p>TEST SUI MEDICINALI<\/p>\n<\/div>\n<div>\n<p>Per poter applicare un rimedio secondo il principio di similitudine, bisogna possedere un\u2019idea il pi\u00f9 possibile esatta del suo modo di agire. Questo pu\u00f2 essere ottenuto testandolo su persone sane e osservandone i sintomi che si sviluppano. Pi\u00f9 persone partecipano a un tale test, pi\u00f9 il risultato sar\u00e0 informativo e raffinato, poich\u00e9 ogni persona reagisce in modo diverso agli stimoli. Queste conoscenze sono documentate in elenchi che vanno a costituire la cosiddetta \u201cMateria medica\u201d.<\/p>\n<\/div>\n<div>\n<p>come funziona l\u2018omeopatia?<\/p>\n<\/div>\n<div>\n<p>\u201eIl simile cura il simile\u201d \u00e8 il principio dell\u2019omeopatia classica. Questo significa che per ogni malattia si deve trovare un rimedio che sia in grado di scatenarne i sintomi tipici. Le malattie si manifestano in modo diverso in ogni persona e l\u2019omeopatia ne tiene conto in modo particolare. Gli omeopati prendono nota dei sintomi del paziente, li confrontano con i rimedi della \u201cMateria medica\u201d e prescrivono un unico rimedio che si adatti il pi\u00f9 possibile ai sintomi.<\/p>\n<\/div>\n<div>\n<p>i rimedi omeopatici sono disponibili sotto forma di globuli, compresse, gocce e iniezioni.<\/p>\n<\/div>\n<p><!--more--><br \/>\n<!-- {\"name\":\"Hom\\u00f6opathie italienisch\",\"type\":\"layout\",\"children\":[{\"name\":\"Hero\",\"type\":\"section\",\"props\":{\"style\":\"default\",\"width\":\"\",\"vertical_align\":\"middle\",\"title_position\":\"top-left\",\"title_rotation\":\"left\",\"title_breakpoint\":\"xl\",\"image_position\":\"center-center\",\"padding_remove_top\":false,\"padding_remove_bottom\":false,\"padding\":\"none\"},\"children\":[{\"name\":\"\",\"type\":\"row\",\"children\":[{\"name\":\"\",\"type\":\"column\",\"props\":{\"image_position\":\"center-center\",\"media_overlay_gradient\":\"\",\"width_medium\":\"1-1\",\"position_sticky_breakpoint\":\"m\"},\"children\":[{\"type\":\"image\",\"props\":{\"margin\":\"default\",\"image_svg_color\":\"emphasis\",\"image\":\"wp-content\\\/uploads\\\/2021\\\/10\\\/HCB_Homoe_Materia.jpg\",\"image_alt\":\"Hom\\u00f6opathie in N\\u00fcrnberg\",\"margin_remove_bottom\":false}}]}]}]},{\"name\":\"Homoeopathie\",\"type\":\"section\",\"props\":{\"style\":\"default\",\"width\":\"\",\"vertical_align\":\"middle\",\"title_position\":\"center-left\",\"title_rotation\":\"left\",\"title_breakpoint\":\"xl\",\"image_position\":\"center-center\",\"title\":\"\",\"padding_remove_bottom\":false},\"children\":[{\"name\":\"\",\"type\":\"row\",\"props\":{\"layout\":\"1-2,1-2\",\"vertical_align\":true,\"width\":\"expand\"},\"children\":[{\"name\":\"\",\"type\":\"column\",\"props\":{\"image_position\":\"center-center\",\"vertical_align\":\"middle\",\"media_overlay_gradient\":\"\",\"width_medium\":\"1-2\",\"position_sticky_breakpoint\":\"m\"},\"children\":[{\"type\":\"button\",\"props\":{\"grid_column_gap\":\"small\",\"grid_row_gap\":\"small\",\"margin\":\"default\",\"maxwidth\":\"large\",\"block_align\":\"center\",\"text_align\":\"center\",\"block_align_fallback\":\"center\"},\"children\":[{\"type\":\"button_item\",\"props\":{\"button_style\":\"secondary\",\"icon_align\":\"right\",\"content\":\"Prenota appuntamento\",\"link\":\"\\\/it\\\/appuntamenti\\\/\",\"icon\":\"clock\"}},{\"type\":\"button_item\",\"props\":{\"button_style\":\"secondary\",\"icon_align\":\"right\",\"content\":\"visita virtuale\",\"link\":\"\\\/it\\\/studio-di-naturopatia\\\/\",\"icon\":\"\"}}],\"modified\":\"2022-02-07T14:10:13.140Z\",\"name\":\"Italienischer Doppelbutton\"}]},{\"name\":\"\",\"type\":\"column\",\"props\":{\"image_position\":\"center-center\",\"vertical_align\":\"middle\",\"media_overlay_gradient\":\"\",\"width_medium\":\"1-2\",\"order_first\":\"m\",\"position_sticky_breakpoint\":\"m\"},\"children\":[{\"type\":\"headline\",\"props\":{\"title_element\":\"h1\",\"content\":\"\n\n<p>Omeopatia<\\\/p>\",\"title_style\":\"h1\",\"title_color\":\"primary\",\"maxwidth\":\"large\",\"block_align\":\"center\",\"text_align\":\"left\",\"text_align_breakpoint\":\"m\",\"text_align_fallback\":\"center\"}}]}]},{\"name\":\"\",\"type\":\"row\",\"props\":{\"layout\":\"1-2,1-2\",\"vertical_align\":true,\"width\":\"expand\"},\"children\":[{\"name\":\"\",\"type\":\"column\",\"props\":{\"image_position\":\"center-center\",\"vertical_align\":\"middle\",\"media_overlay_gradient\":\"\",\"width_medium\":\"1-2\",\"position_sticky_breakpoint\":\"m\"},\"children\":[{\"type\":\"text\",\"props\":{\"margin\":\"default\",\"column_breakpoint\":\"m\",\"content\":\"\n\n<p>Il termine \\u201eOmeopatia\\u201c deriva dall\\u2018espressione greca \\u201ehomoios pathos\\u201c, che tradotto significa \\u201esofferenza simile\\u201c. Il nome stesso mostra che nell\\u2019omeopatia, i sintomi della malattia non vengono trattati con medicine che hanno effetti opposti, ma con rimedi che potrebbero scatenare sintomi simili sia in una persona sana che in una persona malata.<\\\/p>\\n\n\n<p>Questo principio della similitudine \\u00e8 stato applicato spesso nella storia della medicina. Il medico tedesco, Samuel Hahnemann, lo studi\\u00f2 e lo descrisse ampiamente alla fine del XVIII secolo. Da allora \\u00e8 stato applicato con successo con i suoi effetti dolci ma affidabili.<\\\/p>\",\"maxwidth\":\"large\",\"block_align\":\"center\"}}]},{\"name\":\"\",\"type\":\"column\",\"props\":{\"image_position\":\"center-center\",\"style\":\"primary\",\"vertical_align\":\"middle\",\"media_overlay_gradient\":\"\",\"width_medium\":\"1-2\",\"position_sticky_breakpoint\":\"m\"},\"children\":[{\"name\":\"\",\"type\":\"image\",\"props\":{\"margin\":\"default\",\"image\":\"wp-content\\\/uploads\\\/2021\\\/11\\\/HCB_Homoe_Gingko-Blatt.jpg\",\"image_width\":\"840\",\"animation\":\"parallax\",\"parallax_x_start\":\"-100\",\"parallax_x_end\":\"-50\",\"parallax_breakpoint\":\"l\",\"image_svg_color\":\"emphasis\",\"image_alt\":\"Ginko\"}}]}]}]},{\"type\":\"section\",\"props\":{\"style\":\"muted\",\"width\":\"default\",\"vertical_align\":\"middle\",\"title_position\":\"top-left\",\"title_rotation\":\"left\",\"title_breakpoint\":\"xl\",\"image_position\":\"center-center\"},\"children\":[{\"type\":\"row\",\"children\":[{\"type\":\"column\",\"props\":{\"image_position\":\"center-center\",\"media_overlay_gradient\":\"\",\"position_sticky_breakpoint\":\"m\"},\"children\":[{\"type\":\"headline\",\"props\":{\"title_element\":\"h2\",\"content\":\"\n\n<p>Medicinali omeopatici<\\\/p>\",\"title_style\":\"h2\",\"title_decoration\":\"line\"}},{\"type\":\"headline\",\"props\":{\"title_element\":\"div\",\"content\":\"\n\n<p>TEST SUI MEDICINALI<\\\/p>\",\"title_style\":\"h5\"}},{\"type\":\"text\",\"props\":{\"margin\":\"default\",\"column_breakpoint\":\"m\",\"content\":\"\n\n<p>Per poter applicare un rimedio secondo il principio di similitudine, bisogna possedere un\\u2019idea il pi\\u00f9 possibile esatta del suo modo di agire. Questo pu\\u00f2 essere ottenuto testandolo su persone sane e osservandone i sintomi che si sviluppano. Pi\\u00f9 persone partecipano a un tale test, pi\\u00f9 il risultato sar\\u00e0 informativo e raffinato, poich\\u00e9 ogni persona reagisce in modo diverso agli stimoli. Queste conoscenze sono documentate in elenchi che vanno a costituire la cosiddetta \\u201cMateria medica\\u201d.<\\\/p>\"}},{\"type\":\"headline\",\"props\":{\"title_element\":\"div\",\"content\":\"\n\n<p>come funziona l\\u2018omeopatia?<\\\/p>\",\"title_style\":\"h5\"}},{\"type\":\"text\",\"props\":{\"margin\":\"default\",\"column_breakpoint\":\"m\",\"content\":\"\n\n<p>\\u201eIl simile cura il simile\\u201d \\u00e8 il principio dell\\u2019omeopatia classica. Questo significa che per ogni malattia si deve trovare un rimedio che sia in grado di scatenarne i sintomi tipici. Le malattie si manifestano in modo diverso in ogni persona e l\\u2019omeopatia ne tiene conto in modo particolare. Gli omeopati prendono nota dei sintomi del paziente, li confrontano con i rimedi della \\u201cMateria medica\\u201d e prescrivono un unico rimedio che si adatti il pi\\u00f9 possibile ai sintomi.<\\\/p>\"}},{\"type\":\"text\",\"props\":{\"margin\":\"default\",\"column_breakpoint\":\"m\",\"content\":\"\n\n<p>i rimedi omeopatici sono disponibili sotto forma di globuli, compresse, gocce e iniezioni.<\\\/p>\",\"text_style\":\"meta\"}}]}],\"props\":{\"width\":\"xlarge\"}}],\"name\":\"Arzneimittel\"}],\"version\":\"2.7.16\"} --><\/p>\n","protected":false},"excerpt":{"rendered":"<p>Prenota appuntamento visita virtuale Omeopatia Il termine \u201eOmeopatia\u201c deriva dall\u2018espressione greca \u201ehomoios pathos\u201c, che tradotto significa \u201esofferenza simile\u201c. Il nome stesso mostra che nell\u2019omeopatia, i sintomi della malattia non vengono trattati con medicine che hanno effetti opposti, ma con rimedi che potrebbero scatenare sintomi simili sia in una persona sana che in una persona malata. [&hellip;]<\/p>\n","protected":false},"author":3,"featured_media":0,"parent":0,"menu_order":0,"comment_status":"closed","ping_status":"closed","template":"","meta":{"footnotes":""},"class_list":["post-615","page","type-page","status-publish","hentry"],"_links":{"self":[{"href":"https:\/\/heilpraktiker-carmen-bauer.de\/it\/wp-json\/wp\/v2\/pages\/615","targetHints":{"allow":["GET"]}}],"collection":[{"href":"https:\/\/heilpraktiker-carmen-bauer.de\/it\/wp-json\/wp\/v2\/pages"}],"about":[{"href":"https:\/\/heilpraktiker-carmen-bauer.de\/it\/wp-json\/wp\/v2\/types\/page"}],"author":[{"embeddable":true,"href":"https:\/\/heilpraktiker-carmen-bauer.de\/it\/wp-json\/wp\/v2\/users\/3"}],"replies":[{"embeddable":true,"href":"https:\/\/heilpraktiker-carmen-bauer.de\/it\/wp-json\/wp\/v2\/comments?post=615"}],"version-history":[{"count":5,"href":"https:\/\/heilpraktiker-carmen-bauer.de\/it\/wp-json\/wp\/v2\/pages\/615\/revisions"}],"predecessor-version":[{"id":700,"href":"https:\/\/heilpraktiker-carmen-bauer.de\/it\/wp-json\/wp\/v2\/pages\/615\/revisions\/700"}],"wp:attachment":[{"href":"https:\/\/heilpraktiker-carmen-bauer.de\/it\/wp-json\/wp\/v2\/media?parent=615"}],"curies":[{"name":"wp","href":"https:\/\/api.w.org\/{rel}","templated":true}]}}