{"id":641,"date":"2022-02-02T12:22:35","date_gmt":"2022-02-02T12:22:35","guid":{"rendered":"https:\/\/heilpraktiker-carmen-bauer.de\/?page_id=641"},"modified":"2023-02-23T10:52:15","modified_gmt":"2023-02-23T10:52:15","slug":"testimonianze-dei-clienti","status":"publish","type":"page","link":"https:\/\/heilpraktiker-carmen-bauer.de\/it\/testimonianze-dei-clienti\/","title":{"rendered":"Testimonianze dei clienti"},"content":{"rendered":"<p><img decoding=\"async\" src=\"\/wp-content\/uploads\/2021\/10\/HCB_Kunden_Hero.jpg\" alt=\"Heilpraktiker N\u00fcrnberg Erfahrungen\"><\/p>\n<h1>Testimonianze dei clienti<\/h1>\n<h2>\n<p>Leggi che cosa hanno sperimentato i miei clienti con me come loro HEILPRAKTIKERIN a norimberga.<\/p>\n<\/h2>\n<ul>\n<li>\n<h3>K.W.<\/h3>\n<p>K. W.<\/p>\n<div>\n<p><em>\u201eDesidero ringraziarLa per l\u2018<\/em><span><em>ipnosi<\/em><\/span><em>! Ieri ho dato il mio ultimo esame scritto ed ero molto pi\u00f9 sereno rispetto a tutti gli altri esami degli ultimi anni. Anche studiare era molto pi\u00f9 facile e non ero distratto dalla mia ansia costante, anzi ero in grado di concentrarmi sul materiale. Sono incredibilmente felice di come il mio stato mentale sia migliorato. Da tanto tempo non ero cos\u00ec rilassato nel dare esami negli ultimi dieci anni.\u201d<\/em><em><\/em><\/p>\n<\/div>\n<\/li>\n<li>\n<h3>S. D.<\/h3>\n<p>S. D.<\/p>\n<div>\n<p><em>\u201eAttraverso il trattamento di\u00a0<\/em><span><em>Agopuntura<\/em><\/span><em>, la Sig.ra Bauer mi ha liberato dalla mia infiammazione di lunga data del tendine di Achille. Da sei mesi non ho pi\u00f9 dolori e sono molto grata nei confronti della Sig.ra Bauer.\u201d<\/em><\/p>\n<p><em>\u00a0<\/em><\/p>\n<\/div>\n<\/li>\n<li>\n<h3>B. K.<\/h3>\n<p>B. K.<\/p>\n<div>\n<p><em>\u201eVorrei ringraziare la Sig.ra Bauer per avere trovato il modo di aiutarmi con la mia malattia cronica. \u00c8 riuscita, grazie tra l\u2019altro all\u2019<\/em><span><em>agopuntura<\/em><\/span><em>, non soltanto a contrastare il peggioramento delle mie condizioni, bens\u00ec \u00e8 riuscita anche a migliorare il mio stato di salute! La ringrazio di cuore per il Suo modo di considerare le persone nel loro insieme e di andare a fondo nelle cose\u201d<\/em><em>\u00a0<\/em><\/p>\n<\/div>\n<\/li>\n<li>\n<h3>R. K.<\/h3>\n<p>R. K.<\/p>\n<div>\n<p><em>\u201eSono in cura presso la Sig.ra Bauer da tempo e sono grato per tutto quello che ha raggiunto attraverso le terapie. Attraverso le sue terapie non ho pi\u00f9 un\u2019ansia estrema da esame e grazie all\u2019 <\/em><\/p>\n<p><span><em>Agopuntura<\/em><\/span><em> i miei attacchi di panico sono meno frequenti. \u00c8 riuscita anche a migliorare i miei dolori alla schiena in modo duraturo. \u00c8 capace di ascoltarti, \u00e8 empatica e molto professionale. Grazie di tutto! \u201c<\/em><em><\/em><\/p>\n<\/div>\n<\/li>\n<li>\n<h3>N. S.<\/h3>\n<p>N. S.<\/p>\n<div>\n<p><em>\u201eLa Sig.ra Bauer \u00e8 la migliore Heilpraktikerin che io abbia mai conosciuto. \u00c8 molto affidabile, empatica e ha saputo darmi un ottimo consiglio per ogni problema. Grazie a lei ho migliorato la mia vita. Senza il Suo sostegno non sarei mai arrivata cos\u00ec lontano. Ho apprezzato ogni singola ora trascorsa con lei! Grazie mille per il Suo ottimo lavoro! Continui cos\u00ec <\/em><em>\ud83d\ude42<\/em><em>\u201d <\/em><em><\/em><\/p>\n<\/div>\n<\/li>\n<li>\n<h3>J. S.<\/h3>\n<p>J. S.<\/p>\n<div>\n<p><em>\u201eSono gi\u00e0 stata diverse volte in cura presso la Sig.ra Bauer e posso solo raccomandarla! Ha prestato sempre ascolto alle mie preoccupazioni e abbiamo adattato insieme i suoi suggerimenti. Non mi sono mai sentita sotto pressione nel prendere una decisione se un metodo non mi andava bene. Questo mi \u00e8 piaciuto in modo particolare! C\u2019\u00e8 stato sempre un miglioramento dei sintomi!! Grazie di cuore! <\/em><\/p>\n<p><em>Alla prossima volta!<\/em><em> <\/em><span class=\"s1\">\ud83d\ude42<\/span><em>\u201c<\/em><\/p>\n<\/div>\n<\/li>\n<li>\n<h3>C.G.<\/h3>\n<p>C.G.<\/p>\n<div>\n<p><em>\u201eA causa di dolori ricorrenti alla schiena che duravano da diversi anni, mi sono recato da Carmen Bauer per un trattamento Dorn\/Breuss. \u00c8 stata in grado di liberarmi rapidamente e con efficacia da diversi blocchi. Anche quando i dolori si sono presentati in seguito, \u00e8 bastato andare da Carmen Bauer per risolvere il problema. Apprezzo molto il suo modo di fare competente ed empatico e so di essere in buone mani grazie alle Sue cure.\u201d<\/em><em><\/em><\/p>\n<\/div>\n<\/li>\n<li>\n<h3>A. S.<\/h3>\n<p>A. S.<\/p>\n<div>\n<p><em>&#8220;<\/em><em>Sono andato dalla Sig.ra Bauer a causa di numerosi disturbi per i quali speravo di trovare sollievo soprattutto attraverso la MTC. Durante il periodo della terapia i miei dolori sono migliorati o scomparsi completamente, come nel caso del mio mal di schiena contro il quale sono stati particolarmente efficaci i trattamenti intensivi Dorn-Breuss della Sig.ra Bauer. Ma quello che forse ha aiutato pi\u00f9 di tutto \u00e8 stato il fatto che lei abbia scoperto una delle cause fondamentali degli altri sintomi, ovvero la mia intolleranza alla istamina.<\/em><\/p>\n<p><em>Il suo successo \u00e8 dovuto alla sua capacit\u00e0 di ascoltare fino in fondo che le permette di realizzare una buona anamnesi. Le sue conoscenze nel campo delle medicina sono vastissime e possiede inoltre una vasta gamma di metodi di trattamento. Ci\u00f2 che mi affascina ogni volta \u00e8 la molteplicit\u00e0 dei punti nei quali inserisce gli aghi dell\u2019agopuntura.<\/em><\/p>\n<p><em>Mi ha dato numerosi consigli per la vita quotidiana al fine di sostenere il processo di guarigione.<\/em><\/p>\n<p><em>Grazie alla sua capacit\u00e0 di condurre molto bene un colloquio, mi ha aiutato ad attraversare un periodo personale difficile.<\/em><\/p>\n<p><em>In breve: la Sig.ra Bauer \u00e8 una grande Heilpraktikerin sia dal punto vista professionale che da quello umano.\u201c<\/em><\/p>\n<\/div>\n<\/li>\n<\/ul>\n<p><!--more--><br \/>\n<!-- {\"name\":\"Heilpraktiker N\\u00fcrnberg Erfahrungen italienisch\",\"type\":\"layout\",\"children\":[{\"name\":\"Hero\",\"type\":\"section\",\"props\":{\"style\":\"default\",\"width\":\"\",\"vertical_align\":\"middle\",\"title_position\":\"top-left\",\"title_rotation\":\"left\",\"title_breakpoint\":\"xl\",\"image_position\":\"center-center\",\"padding_remove_top\":false,\"padding_remove_bottom\":false,\"padding\":\"none\"},\"children\":[{\"name\":\"\",\"type\":\"row\",\"children\":[{\"name\":\"\",\"type\":\"column\",\"props\":{\"image_position\":\"center-center\",\"media_overlay_gradient\":\"\",\"width_medium\":\"1-1\",\"position_sticky_breakpoint\":\"m\"},\"children\":[{\"type\":\"image\",\"props\":{\"margin\":\"default\",\"image_svg_color\":\"emphasis\",\"image\":\"wp-content\\\/uploads\\\/2021\\\/10\\\/HCB_Kunden_Hero.jpg\",\"image_alt\":\"Heilpraktiker N\\u00fcrnberg Erfahrungen\",\"margin_remove_bottom\":false}}]}]}]},{\"name\":\"Kundenstimmen\",\"type\":\"section\",\"props\":{\"style\":\"default\",\"width\":\"\",\"vertical_align\":\"middle\",\"title_position\":\"center-left\",\"title_rotation\":\"left\",\"title_breakpoint\":\"xl\",\"image_position\":\"center-center\",\"title\":\"\",\"padding_remove_bottom\":true},\"children\":[{\"name\":\"\",\"type\":\"row\",\"props\":{\"vertical_align\":true,\"width\":\"expand\"},\"children\":[{\"name\":\"\",\"type\":\"column\",\"props\":{\"image_position\":\"center-center\",\"vertical_align\":\"middle\",\"media_overlay_gradient\":\"\",\"width_medium\":\"\",\"position_sticky_breakpoint\":\"m\"},\"children\":[{\"type\":\"headline\",\"props\":{\"title_element\":\"h1\",\"content\":\"Testimonianze dei clienti\",\"title_style\":\"h1\",\"title_color\":\"primary\",\"block_align\":\"center\",\"text_align\":\"center\",\"text_align_fallback\":\"center\",\"margin\":\"large\",\"margin_remove_bottom\":true}},{\"type\":\"headline\",\"props\":{\"title_element\":\"h2\",\"content\":\"\n\n<p>Leggi che cosa hanno sperimentato i miei clienti con me come loro HEILPRAKTIKERIN a norimberga.<\\\/p>\",\"title_style\":\"h6\",\"block_align\":\"center\",\"text_align\":\"center\",\"text_align_fallback\":\"center\",\"margin\":\"medium\",\"margin_remove_bottom\":true,\"title_font_family\":\"tertiary\"}},{\"type\":\"grid\",\"props\":{\"show_title\":false,\"show_meta\":true,\"show_content\":true,\"show_image\":true,\"show_link\":true,\"grid_default\":\"1\",\"grid_medium\":\"3\",\"filter_style\":\"tab\",\"filter_all\":true,\"filter_position\":\"top\",\"filter_align\":\"left\",\"filter_grid_width\":\"auto\",\"filter_grid_breakpoint\":\"m\",\"title_hover_style\":\"reset\",\"title_element\":\"h3\",\"title_align\":\"top\",\"title_grid_width\":\"1-2\",\"title_grid_breakpoint\":\"m\",\"meta_style\":\"meta\",\"meta_align\":\"below-content\",\"meta_element\":\"div\",\"content_column_breakpoint\":\"m\",\"icon_width\":80,\"image_align\":\"top\",\"image_grid_width\":\"1-2\",\"image_grid_breakpoint\":\"m\",\"image_svg_color\":\"emphasis\",\"link_text\":\"Read more\",\"link_style\":\"default\",\"margin\":\"default\",\"item_animation\":true,\"grid_small\":\"2\",\"panel_style\":\"card-default\",\"meta_color\":\"primary\",\"grid_row_align\":false,\"grid_masonry\":true,\"grid_parallax\":\"\",\"grid_column_align\":false,\"panel_padding\":\"default\"},\"children\":[{\"type\":\"grid_item\",\"props\":{\"content\":\"\n\n<p><em>\\u201eDesidero ringraziarLa per l\\u2018<\\\/em><span><em>ipnosi<\\\/em><\\\/span><em>! Ieri ho dato il mio ultimo esame scritto ed ero molto pi\\u00f9 sereno rispetto a tutti gli altri esami degli ultimi anni. Anche studiare era molto pi\\u00f9 facile e non ero distratto dalla mia ansia costante, anzi ero in grado di concentrarmi sul materiale. Sono incredibilmente felice di come il mio stato mentale sia migliorato. Da tanto tempo non ero cos\\u00ec rilassato nel dare esami negli ultimi dieci anni.\\u201d<\\\/em><em><\\\/em><\\\/p>\",\"meta\":\"K. W.\",\"title\":\"K.W.\"}},{\"type\":\"grid_item\",\"props\":{\"content\":\"\n\n<p><em>\\u201eAttraverso il trattamento di\\u00a0<\\\/em><span><em>Agopuntura<\\\/em><\\\/span><em>, la Sig.ra Bauer mi ha liberato dalla mia infiammazione di lunga data del tendine di Achille. Da sei mesi non ho pi\\u00f9 dolori e sono molto grata nei confronti della Sig.ra Bauer.\\u201d<\\\/em><\\\/p>\\n\n\n<p><em>\\u00a0<\\\/em><\\\/p>\",\"meta\":\"S. D.\",\"title\":\"S. D.\"}},{\"type\":\"grid_item\",\"props\":{\"content\":\"\n\n<p><em>\\u201eVorrei ringraziare la Sig.ra Bauer per avere trovato il modo di aiutarmi con la mia malattia cronica. \\u00c8 riuscita, grazie tra l\\u2019altro all\\u2019<\\\/em><span><em>agopuntura<\\\/em><\\\/span><em>, non soltanto a contrastare il peggioramento delle mie condizioni, bens\\u00ec \\u00e8 riuscita anche a migliorare il mio stato di salute! La ringrazio di cuore per il Suo modo di considerare le persone nel loro insieme e di andare a fondo nelle cose\\u201d<\\\/em><em>\\u00a0<\\\/em><\\\/p>\",\"meta\":\"B. K.\",\"title\":\"B. K.\"}},{\"type\":\"grid_item\",\"props\":{\"content\":\"\n\n<p><em>\\u201eSono in cura presso la Sig.ra Bauer da tempo e sono grato per tutto quello che ha raggiunto attraverso le terapie. Attraverso le sue terapie non ho pi\\u00f9 un\\u2019ansia estrema da esame e grazie all\\u2019 <\\\/em><\\\/p>\\n\n\n<p><span><em>Agopuntura<\\\/em><\\\/span><em> i miei attacchi di panico sono meno frequenti. \\u00c8 riuscita anche a migliorare i miei dolori alla schiena in modo duraturo. \\u00c8 capace di ascoltarti, \\u00e8 empatica e molto professionale. Grazie di tutto! \\u201c<\\\/em><em><\\\/em><\\\/p>\",\"meta\":\"R. K.\",\"title\":\"R. K.\"}},{\"type\":\"grid_item\",\"props\":{\"content\":\"\n\n<p><em>\\u201eLa Sig.ra Bauer \\u00e8 la migliore Heilpraktikerin che io abbia mai conosciuto. \\u00c8 molto affidabile, empatica e ha saputo darmi un ottimo consiglio per ogni problema. Grazie a lei ho migliorato la mia vita. Senza il Suo sostegno non sarei mai arrivata cos\\u00ec lontano. Ho apprezzato ogni singola ora trascorsa con lei! Grazie mille per il Suo ottimo lavoro! Continui cos\\u00ec <\\\/em><em>\ud83d\ude42<\\\/em><em>\\u201d <\\\/em><em><\\\/em><\\\/p>\",\"meta\":\"N. S.\",\"title\":\"N. S.\"}},{\"type\":\"grid_item\",\"props\":{\"content\":\"\n\n<p><em>\\u201eSono gi\\u00e0 stata diverse volte in cura presso la Sig.ra Bauer e posso solo raccomandarla! Ha prestato sempre ascolto alle mie preoccupazioni e abbiamo adattato insieme i suoi suggerimenti. Non mi sono mai sentita sotto pressione nel prendere una decisione se un metodo non mi andava bene. Questo mi \\u00e8 piaciuto in modo particolare! C\\u2019\\u00e8 stato sempre un miglioramento dei sintomi!! Grazie di cuore! <\\\/em><\\\/p>\\n\n\n<p><em>Alla prossima volta!<\\\/em><em> <\\\/em><span class=\\\"s1\\\">\\ud83d\\ude42<\\\/span><em>\\u201c<\\\/em><\\\/p>\",\"meta\":\"J. S.\",\"title\":\"J. S.\"}},{\"type\":\"grid_item\",\"props\":{\"title\":\"C.G.\",\"meta\":\"C.G.\",\"content\":\"\n\n<p><em>\\u201eA causa di dolori ricorrenti alla schiena che duravano da diversi anni, mi sono recato da Carmen Bauer per un trattamento Dorn\\\/Breuss. \\u00c8 stata in grado di liberarmi rapidamente e con efficacia da diversi blocchi. Anche quando i dolori si sono presentati in seguito, \\u00e8 bastato andare da Carmen Bauer per risolvere il problema. Apprezzo molto il suo modo di fare competente ed empatico e so di essere in buone mani grazie alle Sue cure.\\u201d<\\\/em><em><\\\/em><\\\/p>\"}},{\"type\":\"grid_item\",\"props\":{\"content\":\"\n\n<p><em>\\\"<\\\/em><em>Sono andato dalla Sig.ra Bauer a causa di numerosi disturbi per i quali speravo di trovare sollievo soprattutto attraverso la MTC. Durante il periodo della terapia i miei dolori sono migliorati o scomparsi completamente, come nel caso del mio mal di schiena contro il quale sono stati particolarmente efficaci i trattamenti intensivi Dorn-Breuss della Sig.ra Bauer. Ma quello che forse ha aiutato pi\\u00f9 di tutto \\u00e8 stato il fatto che lei abbia scoperto una delle cause fondamentali degli altri sintomi, ovvero la mia intolleranza alla istamina.<\\\/em><\\\/p>\\n\n\n<p><em>Il suo successo \\u00e8 dovuto alla sua capacit\\u00e0 di ascoltare fino in fondo che le permette di realizzare una buona anamnesi. Le sue conoscenze nel campo delle medicina sono vastissime e possiede inoltre una vasta gamma di metodi di trattamento. Ci\\u00f2 che mi affascina ogni volta \\u00e8 la molteplicit\\u00e0 dei punti nei quali inserisce gli aghi dell\\u2019agopuntura.<\\\/em><\\\/p>\\n\n\n<p><em>Mi ha dato numerosi consigli per la vita quotidiana al fine di sostenere il processo di guarigione.<\\\/em><\\\/p>\\n\n\n<p><em>Grazie alla sua capacit\\u00e0 di condurre molto bene un colloquio, mi ha aiutato ad attraversare un periodo personale difficile.<\\\/em><\\\/p>\\n\n\n<p><em>In breve: la Sig.ra Bauer \\u00e8 una grande Heilpraktikerin sia dal punto vista professionale che da quello umano.\\u201c<\\\/em><\\\/p>\",\"title\":\"A. S.\",\"meta\":\"A. S.\"}}]}]}]}]}],\"version\":\"2.7.16\"} --><\/p>\n","protected":false},"excerpt":{"rendered":"<p>Testimonianze dei clienti Leggi che cosa hanno sperimentato i miei clienti con me come loro HEILPRAKTIKERIN a norimberga. K.W. K. W. \u201eDesidero ringraziarLa per l\u2018ipnosi! Ieri ho dato il mio ultimo esame scritto ed ero molto pi\u00f9 sereno rispetto a tutti gli altri esami degli ultimi anni. Anche studiare era molto pi\u00f9 facile e non [&hellip;]<\/p>\n","protected":false},"author":3,"featured_media":0,"parent":0,"menu_order":0,"comment_status":"closed","ping_status":"closed","template":"","meta":{"footnotes":""},"class_list":["post-641","page","type-page","status-publish","hentry"],"_links":{"self":[{"href":"https:\/\/heilpraktiker-carmen-bauer.de\/it\/wp-json\/wp\/v2\/pages\/641","targetHints":{"allow":["GET"]}}],"collection":[{"href":"https:\/\/heilpraktiker-carmen-bauer.de\/it\/wp-json\/wp\/v2\/pages"}],"about":[{"href":"https:\/\/heilpraktiker-carmen-bauer.de\/it\/wp-json\/wp\/v2\/types\/page"}],"author":[{"embeddable":true,"href":"https:\/\/heilpraktiker-carmen-bauer.de\/it\/wp-json\/wp\/v2\/users\/3"}],"replies":[{"embeddable":true,"href":"https:\/\/heilpraktiker-carmen-bauer.de\/it\/wp-json\/wp\/v2\/comments?post=641"}],"version-history":[{"count":3,"href":"https:\/\/heilpraktiker-carmen-bauer.de\/it\/wp-json\/wp\/v2\/pages\/641\/revisions"}],"predecessor-version":[{"id":672,"href":"https:\/\/heilpraktiker-carmen-bauer.de\/it\/wp-json\/wp\/v2\/pages\/641\/revisions\/672"}],"wp:attachment":[{"href":"https:\/\/heilpraktiker-carmen-bauer.de\/it\/wp-json\/wp\/v2\/media?parent=641"}],"curies":[{"name":"wp","href":"https:\/\/api.w.org\/{rel}","templated":true}]}}