{"id":908,"date":"2025-01-09T11:36:39","date_gmt":"2025-01-09T11:36:39","guid":{"rendered":"https:\/\/heilpraktiker-carmen-bauer.de\/de\/?page_id=908"},"modified":"2025-01-09T11:38:58","modified_gmt":"2025-01-09T11:38:58","slug":"terapia-cranio-sacrale","status":"publish","type":"page","link":"https:\/\/heilpraktiker-carmen-bauer.de\/it\/terapia-cranio-sacrale\/","title":{"rendered":"Terapia cranio-sacrale"},"content":{"rendered":"<p><img decoding=\"async\" src=\"\/wp-content\/uploads\/2021\/10\/HCB_Dorn_Hero.jpg\" alt=\"Dorn-Therapie in N\u00fcrnberg\"><\/p>\n<ul>\n<li>\n        <a href=\"\/termine\/\">Termin buchen<\/a>\n    <\/li>\n<li>\n        <a href=\"\/naturheilpraxis\/\">Praxis besuchen<\/a>\n    <\/li>\n<\/ul>\n<h1>Cranio-Sacrale Therapie<\/h1>\n<div>\n<p class=\"MsoNormal\">Unter Cranio-Sacraler Therapie versteht man die manuelle Behandlung des cranio-sacralen Systems und den dazugeh\u00f6rigen Strukturen mit einer Behandlungstechnik, die von Dr. John E. Upledger beschrieben wurde. <o:p><\/o:p><\/p>\n<\/p>\n<p class=\"MsoNormal\"><b>Was versteht man unter Cranio-Sacralem System?<o:p><\/o:p><\/b><\/p>\n<p class=\"MsoNormal\">Es ist die Umgebung, in der sich das zentrale Nervensystem befindet und funktioniert. Das zentrale Nervensystem besteht aus Hirn- und R\u00fcckenmarksh\u00e4uten einschlie\u00dflich der Weichteilverbindungen und auch kn\u00f6chernen Verbindungen. Es geht vom Cranius = Sch\u00e4del bis zum Sacrum = Kreuzbein. <o:p><\/o:p><\/p>\n<p class=\"MsoNormal\"><b>Ziel der Behandlung:<o:p><\/o:p><\/b><\/p>\n<p class=\"MsoNormal\">\n<p class=\"MsoNormal\">Die Wiederherstellung der individuellen optimalen Harmonie innerhalb der Person und insbesondere innerhalb des Cranio-Sacralen Systems.\u00a0<o:p><\/o:p><\/p>\n<p class=\"MsoNormal\"><b>Ablauf einer Behandlung: <o:p><\/o:p><\/b><\/p>\n<p class=\"MsoNormal\">Nach der Anamnese nimmt man angekleidet auf der Behandlungsliege Platz. In der Regel findet die Behandlung in R\u00fcckenlage statt, sie kann auch in jeder anderen Lage durchgef\u00fchrt werden, dies ist v.a. bei Schwangeren oder bei starken R\u00fcckenschmerzen erforderlich.<o:p><\/o:p><\/p>\n<p class=\"MsoNormal\">Durch sanfte, achtsame Ber\u00fchrungen nimmt die Therapeutin Kontakt mit dem Gewebe auf, um Bindegewebsspannungen sowie energetische Blockaden wahrzunehmen und auch behandeln zu k\u00f6nnen. Leichte Druck- und Zugtechniken am Bindegewebe und an den kn\u00f6chernen Strukturen erm\u00f6glichen Entspannung. <o:p><\/o:p><\/p>\n<\/div>\n<p><img decoding=\"async\" src=\"\/wp-content\/uploads\/2025\/01\/CranioSacral_Haende_frontal-scaled.jpg\" alt=\"\"><\/p>\n<div>\n<p><strong>Cranio-Sacrale Therapie hat sich bei folgenden Indikationen als hilfreich erwiesen:<\/strong><\/p>\n<ul>\n<li>Wirbels\u00e4ulen-, Muskel- und Gelenkserkrankungen<\/li>\n<li>akute oder chronische Schmerzen<\/li>\n<li>Kopfschmerzen und Migr\u00e4ne<\/li>\n<li>Sinusitis und Tinnitus<\/li>\n<li>kieferorthop\u00e4dische Probleme, Kiefergelenksprobleme<\/li>\n<li>Ver\u00e4nderungen im Bereich von Gehirn und R\u00fcckenmark<\/li>\n<li>Regulation von Lymphsystem, Hormonsystem, vegetativem und zentralem Nervensystem<\/li>\n<li>St\u00f6rungen des Immunsystems<\/li>\n<li>Asthma, Allergien und Hauterkrankungen<\/li>\n<li>belastende Lebenssituationen<\/li>\n<li>Schlafprobleme, Ersch\u00f6pfungszust\u00e4nde, Depressionen<\/li>\n<li>stressbedingte Beschwerden, Burnout-Syndrom<\/li>\n<li>psychosomatische Beschwerden<\/li>\n<li>Menstruationsbeschwerden<\/li>\n<li>Schwangerschaftsbegleitung<\/li>\n<li>nach Unf\u00e4llen, Schleudertrauma, St\u00fcrzen<\/li>\n<\/ul>\n<p>Die Cranio-Sacrale Therapie findet gro\u00dfe Wirkung auch im Wechselspiel mit anderen Disziplinen, wie z. B. Therapieformen aus der Traditionellen Chinesischen Medizin (<a href=\"http:\/\/neuwp.heilpraktiker-carmen-bauer.de\/tcm\/\">TCM<\/a>).<\/p>\n<\/div>\n<p><img decoding=\"async\" src=\"\/wp-content\/uploads\/2025\/01\/CranioSacral_Haende_parietal.jpg\" alt=\"\"><\/p>\n<p><!--more--><br \/>\n<!-- {\"type\":\"layout\",\"children\":[{\"name\":\"Hero\",\"type\":\"section\",\"props\":{\"image_position\":\"center-center\",\"padding\":\"none\",\"padding_remove_bottom\":false,\"padding_remove_top\":false,\"style\":\"default\",\"title_breakpoint\":\"xl\",\"title_position\":\"top-left\",\"title_rotation\":\"left\",\"vertical_align\":\"\",\"width\":\"\"},\"children\":[{\"type\":\"row\",\"children\":[{\"type\":\"column\",\"props\":{\"image_position\":\"center-center\",\"position_sticky_breakpoint\":\"m\",\"width_medium\":\"1-1\"},\"children\":[{\"type\":\"image\",\"props\":{\"image\":\"wp-content\\\/uploads\\\/2021\\\/10\\\/HCB_Dorn_Hero.jpg\",\"image_alt\":\"Dorn-Therapie in N\\u00fcrnberg\",\"image_svg_color\":\"emphasis\",\"margin\":\"default\",\"margin_remove_bottom\":false}}]}]}]},{\"name\":\"Dorn-Therapie\",\"type\":\"section\",\"props\":{\"image_position\":\"center-center\",\"padding_remove_bottom\":true,\"style\":\"default\",\"title_breakpoint\":\"xl\",\"title_position\":\"center-left\",\"title_rotation\":\"left\",\"vertical_align\":\"\",\"width\":\"\"},\"children\":[{\"type\":\"row\",\"props\":{\"layout\":\"1-2,1-2\",\"vertical_align\":true,\"width\":\"expand\"},\"children\":[{\"type\":\"column\",\"props\":{\"image_position\":\"center-center\",\"position_sticky_breakpoint\":\"m\",\"vertical_align\":\"middle\",\"width_medium\":\"1-2\"},\"children\":[{\"type\":\"button\",\"props\":{\"block_align\":\"center\",\"block_align_fallback\":\"center\",\"grid_column_gap\":\"small\",\"grid_row_gap\":\"small\",\"margin\":\"default\",\"maxwidth\":\"large\",\"text_align\":\"center\"},\"children\":[{\"type\":\"button_item\",\"props\":{\"button_style\":\"secondary\",\"content\":\"Termin buchen\",\"icon\":\"clock\",\"icon_align\":\"right\",\"link\":\"termine\\\/\"}},{\"type\":\"button_item\",\"props\":{\"button_style\":\"secondary\",\"content\":\"Praxis besuchen\",\"icon\":\"home\",\"icon_align\":\"right\",\"link\":\"naturheilpraxis\\\/\"}}],\"modified\":\"2021-10-21T10:23:58.373Z\",\"name\":\"Termin-Praxis-Button\"}]},{\"type\":\"column\",\"props\":{\"image_position\":\"center-center\",\"order_first\":\"m\",\"position_sticky_breakpoint\":\"m\",\"vertical_align\":\"middle\",\"width_medium\":\"1-2\"},\"children\":[{\"type\":\"headline\",\"props\":{\"block_align\":\"center\",\"content\":\"Cranio-Sacrale Therapie\",\"maxwidth\":\"large\",\"text_align\":\"left\",\"text_align_breakpoint\":\"m\",\"text_align_fallback\":\"center\",\"title_color\":\"primary\",\"title_element\":\"h1\",\"title_style\":\"h1\"}}]}]},{\"type\":\"row\",\"props\":{\"layout\":\"1-2,1-2\",\"vertical_align\":true,\"width\":\"expand\"},\"children\":[{\"type\":\"column\",\"props\":{\"image_position\":\"center-center\",\"position_sticky_breakpoint\":\"m\",\"vertical_align\":\"middle\",\"width_medium\":\"1-2\"},\"children\":[{\"type\":\"text\",\"props\":{\"block_align\":\"center\",\"column_breakpoint\":\"m\",\"content\":\"\n\n<p class=\\\"MsoNormal\\\">Unter Cranio-Sacraler Therapie versteht man die manuelle Behandlung des cranio-sacralen Systems und den dazugeh\\u00f6rigen Strukturen mit einer Behandlungstechnik, die von Dr. John E. Upledger beschrieben wurde. <o:p><\\\/o:p><\\\/p>\\n\n\n<p><\\\/p>\\n\n\n<p class=\\\"MsoNormal\\\"><b>Was versteht man unter Cranio-Sacralem System?<o:p><\\\/o:p><\\\/b><\\\/p>\\n\n\n<p class=\\\"MsoNormal\\\">Es ist die Umgebung, in der sich das zentrale Nervensystem befindet und funktioniert. Das zentrale Nervensystem besteht aus Hirn- und R\\u00fcckenmarksh\\u00e4uten einschlie\\u00dflich der Weichteilverbindungen und auch kn\\u00f6chernen Verbindungen. Es geht vom Cranius = Sch\\u00e4del bis zum Sacrum = Kreuzbein. <o:p><\\\/o:p><\\\/p>\\n\n\n<p class=\\\"MsoNormal\\\"><b>Ziel der Behandlung:<o:p><\\\/o:p><\\\/b><\\\/p>\\n\n\n<p class=\\\"MsoNormal\\\"><\\\/p>\\n\n\n<p class=\\\"MsoNormal\\\">Die Wiederherstellung der individuellen optimalen Harmonie innerhalb der Person und insbesondere innerhalb des Cranio-Sacralen Systems.\\u00a0<o:p><\\\/o:p><\\\/p>\\n\n\n<p class=\\\"MsoNormal\\\"><b>Ablauf einer Behandlung: <o:p><\\\/o:p><\\\/b><\\\/p>\\n\n\n<p class=\\\"MsoNormal\\\">Nach der Anamnese nimmt man angekleidet auf der Behandlungsliege Platz. In der Regel findet die Behandlung in R\\u00fcckenlage statt, sie kann auch in jeder anderen Lage durchgef\\u00fchrt werden, dies ist v.a. bei Schwangeren oder bei starken R\\u00fcckenschmerzen erforderlich.<o:p><\\\/o:p><\\\/p>\\n\n\n<p class=\\\"MsoNormal\\\">Durch sanfte, achtsame Ber\\u00fchrungen nimmt die Therapeutin Kontakt mit dem Gewebe auf, um Bindegewebsspannungen sowie energetische Blockaden wahrzunehmen und auch behandeln zu k\\u00f6nnen. Leichte Druck- und Zugtechniken am Bindegewebe und an den kn\\u00f6chernen Strukturen erm\\u00f6glichen Entspannung. <o:p><\\\/o:p><\\\/p>\",\"margin\":\"default\",\"maxwidth\":\"large\"}}]},{\"type\":\"column\",\"props\":{\"image_position\":\"center-center\",\"position_sticky_breakpoint\":\"m\",\"style\":\"tile-primary\",\"vertical_align\":\"middle\",\"width_medium\":\"1-2\"},\"children\":[{\"type\":\"image\",\"props\":{\"image\":\"wp-content\\\/uploads\\\/2025\\\/01\\\/CranioSacral_Haende_frontal-scaled.jpg\",\"image_svg_color\":\"emphasis\",\"margin\":\"default\"}}]}]}]},{\"name\":\"Breussmassage\",\"type\":\"section\",\"props\":{\"image_position\":\"center-center\",\"padding_remove_bottom\":true,\"padding_remove_top\":false,\"style\":\"default\",\"title_breakpoint\":\"xl\",\"title_position\":\"center-left\",\"title_rotation\":\"left\",\"vertical_align\":\"\",\"width\":\"\"},\"children\":[{\"type\":\"row\",\"props\":{\"column_gap\":\"large\",\"layout\":\"1-2,1-2\",\"row_gap\":\"large\",\"vertical_align\":true,\"width\":\"expand\"},\"children\":[{\"type\":\"column\",\"props\":{\"image_position\":\"center-center\",\"position_sticky_breakpoint\":\"m\",\"vertical_align\":\"middle\",\"width_medium\":\"1-2\"},\"children\":[{\"type\":\"text\",\"props\":{\"block_align\":\"center\",\"column_breakpoint\":\"m\",\"content\":\"\n\n<p><strong>Cranio-Sacrale Therapie hat sich bei folgenden Indikationen als hilfreich erwiesen:<\\\/strong><\\\/p>\\n\n\n<ul>\\n\n\n<li>Wirbels\\u00e4ulen-, Muskel- und Gelenkserkrankungen<\\\/li>\\n\n\n<li>akute oder chronische Schmerzen<\\\/li>\\n\n\n<li>Kopfschmerzen und Migr\\u00e4ne<\\\/li>\\n\n\n<li>Sinusitis und Tinnitus<\\\/li>\\n\n\n<li>kieferorthop\\u00e4dische Probleme, Kiefergelenksprobleme<\\\/li>\\n\n\n<li>Ver\\u00e4nderungen im Bereich von Gehirn und R\\u00fcckenmark<\\\/li>\\n\n\n<li>Regulation von Lymphsystem, Hormonsystem, vegetativem und zentralem Nervensystem<\\\/li>\\n\n\n<li>St\\u00f6rungen des Immunsystems<\\\/li>\\n\n\n<li>Asthma, Allergien und Hauterkrankungen<\\\/li>\\n\n\n<li>belastende Lebenssituationen<\\\/li>\\n\n\n<li>Schlafprobleme, Ersch\\u00f6pfungszust\\u00e4nde, Depressionen<\\\/li>\\n\n\n<li>stressbedingte Beschwerden, Burnout-Syndrom<\\\/li>\\n\n\n<li>psychosomatische Beschwerden<\\\/li>\\n\n\n<li>Menstruationsbeschwerden<\\\/li>\\n\n\n<li>Schwangerschaftsbegleitung<\\\/li>\\n\n\n<li>nach Unf\\u00e4llen, Schleudertrauma, St\\u00fcrzen<\\\/li>\\n<\\\/ul>\\n\n\n<p>Die Cranio-Sacrale Therapie findet gro\\u00dfe Wirkung auch im Wechselspiel mit anderen Disziplinen, wie z. B. Therapieformen aus der Traditionellen Chinesischen Medizin (<a href=\\\"http:\\\/\\\/neuwp.heilpraktiker-carmen-bauer.de\\\/tcm\\\/\\\">TCM<\\\/a>).<\\\/p>\",\"margin\":\"default\",\"maxwidth\":\"large\"}}]},{\"type\":\"column\",\"props\":{\"image_position\":\"center-center\",\"order_first\":\"m\",\"position_sticky_breakpoint\":\"m\",\"style\":\"tile-muted\",\"vertical_align\":\"middle\",\"width_medium\":\"1-2\"},\"children\":[{\"type\":\"image\",\"props\":{\"image\":\"wp-content\\\/uploads\\\/2025\\\/01\\\/CranioSacral_Haende_parietal.jpg\",\"image_svg_color\":\"emphasis\",\"margin\":\"default\"}}]}]}]}],\"version\":\"4.4.19\"} --><\/p>\n","protected":false},"excerpt":{"rendered":"<p>Termin buchen Praxis besuchen Cranio-Sacrale Therapie Unter Cranio-Sacraler Therapie versteht man die manuelle Behandlung des cranio-sacralen Systems und den dazugeh\u00f6rigen Strukturen mit einer Behandlungstechnik, die von Dr. John E. Upledger beschrieben wurde. Was versteht man unter Cranio-Sacralem System? Es ist die Umgebung, in der sich das zentrale Nervensystem befindet und funktioniert. Das zentrale Nervensystem besteht [&hellip;]<\/p>\n","protected":false},"author":1,"featured_media":0,"parent":0,"menu_order":0,"comment_status":"closed","ping_status":"closed","template":"","meta":{"footnotes":""},"class_list":["post-908","page","type-page","status-publish","hentry"],"_links":{"self":[{"href":"https:\/\/heilpraktiker-carmen-bauer.de\/it\/wp-json\/wp\/v2\/pages\/908","targetHints":{"allow":["GET"]}}],"collection":[{"href":"https:\/\/heilpraktiker-carmen-bauer.de\/it\/wp-json\/wp\/v2\/pages"}],"about":[{"href":"https:\/\/heilpraktiker-carmen-bauer.de\/it\/wp-json\/wp\/v2\/types\/page"}],"author":[{"embeddable":true,"href":"https:\/\/heilpraktiker-carmen-bauer.de\/it\/wp-json\/wp\/v2\/users\/1"}],"replies":[{"embeddable":true,"href":"https:\/\/heilpraktiker-carmen-bauer.de\/it\/wp-json\/wp\/v2\/comments?post=908"}],"version-history":[{"count":2,"href":"https:\/\/heilpraktiker-carmen-bauer.de\/it\/wp-json\/wp\/v2\/pages\/908\/revisions"}],"predecessor-version":[{"id":910,"href":"https:\/\/heilpraktiker-carmen-bauer.de\/it\/wp-json\/wp\/v2\/pages\/908\/revisions\/910"}],"wp:attachment":[{"href":"https:\/\/heilpraktiker-carmen-bauer.de\/it\/wp-json\/wp\/v2\/media?parent=908"}],"curies":[{"name":"wp","href":"https:\/\/api.w.org\/{rel}","templated":true}]}}